{"id":270,"date":"2023-12-18T16:26:37","date_gmt":"2023-12-18T15:26:37","guid":{"rendered":"http:\/\/klippan-safety.se.loopiadns.com\/?page_id=270"},"modified":"2024-10-16T06:46:36","modified_gmt":"2024-10-16T05:46:36","slug":"sicherheit","status":"publish","type":"page","link":"https:\/\/www.klippan-safety.se\/de\/sicherheit\/","title":{"rendered":"Sicherheit"},"content":{"rendered":"<div data-elementor-type=\"wp-post\" data-elementor-id=\"270\" class=\"elementor elementor-270\" data-elementor-post-type=\"page\">\n\t\t\t\t<div data-particle_enable=\"false\" data-particle-mobile-disabled=\"false\" class=\"elementor-element elementor-element-5081b8a e-flex e-con-boxed e-con e-parent\" data-id=\"5081b8a\" data-element_type=\"container\" data-settings=\"{&quot;background_background&quot;:&quot;classic&quot;}\">\n\t\t\t\t\t<div class=\"e-con-inner\">\n\t\t\t\t\t<\/div>\n\t\t\t\t<\/div>\n\t\t<div data-particle_enable=\"false\" data-particle-mobile-disabled=\"false\" class=\"elementor-element elementor-element-fc1e577 e-flex e-con-boxed e-con e-parent\" data-id=\"fc1e577\" data-element_type=\"container\">\n\t\t\t\t\t<div class=\"e-con-inner\">\n\t\t<div data-particle_enable=\"false\" data-particle-mobile-disabled=\"false\" class=\"elementor-element elementor-element-d82ad5f e-con-full e-flex e-con e-child\" data-id=\"d82ad5f\" data-element_type=\"container\">\n\t\t\t\t<div class=\"elementor-element elementor-element-aa32f01 elementor-widget elementor-widget-heading\" data-id=\"aa32f01\" data-element_type=\"widget\" data-widget_type=\"heading.default\">\n\t\t\t\t<div class=\"elementor-widget-container\">\n\t\t\t\t\t<h1 class=\"elementor-heading-title elementor-size-default\">Sicherheit steht immer an erster Stelle<\/h1>\t\t\t\t<\/div>\n\t\t\t\t<\/div>\n\t\t\t\t<div class=\"elementor-element elementor-element-56d435b elementor-widget elementor-widget-text-editor\" data-id=\"56d435b\" data-element_type=\"widget\" data-widget_type=\"text-editor.default\">\n\t\t\t\t<div class=\"elementor-widget-container\">\n\t\t\t\t\t\t\t\t\t<p>Um Fahrzeuge mit besseren Crasheigenschaften zu entwickeln und das Leben in und um unsere Fahrzeuge sicherer zu machen, sind Wissen, Erfahrung und Genauigkeit erforderlich.<\/p><p>Seit mehr als einem halben Jahrhundert arbeitet Klippan Safety daran, den Stra\u00dfenverkehr sicherer zu machen. Wir haben neue Produkte und Materialien entwickelt und auch in unsere eigene Crashteststrecke investiert, um unsere Ideen und Produkte so realit\u00e4tsnah wie m\u00f6glich zu testen.<\/p><p>Sicherheit ist ein immer wichtigeres Thema f\u00fcr die heutige Automobilindustrie. Mit unserer langj\u00e4hrigen Erfahrung und den heutigen Produkten stehen wir bei der Entwicklung von Sicherheit an vorderster Front. Aus diesem Grund finden Sie die Produkte von Klippan Safety auf den Stra\u00dfen der ganzen Welt.<\/p>\t\t\t\t\t\t\t\t<\/div>\n\t\t\t\t<\/div>\n\t\t\t\t<\/div>\n\t\t\t\t\t<\/div>\n\t\t\t\t<\/div>\n\t\t<div data-particle_enable=\"false\" data-particle-mobile-disabled=\"false\" class=\"elementor-element elementor-element-56cc0b1 e-flex e-con-boxed e-con e-parent\" data-id=\"56cc0b1\" data-element_type=\"container\" data-settings=\"{&quot;background_background&quot;:&quot;classic&quot;}\">\n\t\t\t\t\t<div class=\"e-con-inner\">\n\t\t<div data-particle_enable=\"false\" data-particle-mobile-disabled=\"false\" class=\"elementor-element elementor-element-3a17dbd e-con-full e-flex e-con e-child\" data-id=\"3a17dbd\" data-element_type=\"container\">\n\t\t\t\t<div class=\"elementor-element elementor-element-c076011 elementor-widget elementor-widget-heading\" data-id=\"c076011\" data-element_type=\"widget\" data-widget_type=\"heading.default\">\n\t\t\t\t<div class=\"elementor-widget-container\">\n\t\t\t\t\t<h1 class=\"elementor-heading-title elementor-size-default\">Kann das Produkt die Realit\u00e4t erf\u00fcllen?<br>\nDie Crashteststrecke gibt die Antwort.<\/h1>\t\t\t\t<\/div>\n\t\t\t\t<\/div>\n\t\t\t\t<div class=\"elementor-element elementor-element-32bef4e elementor-widget elementor-widget-text-editor\" data-id=\"32bef4e\" data-element_type=\"widget\" data-widget_type=\"text-editor.default\">\n\t\t\t\t<div class=\"elementor-widget-container\">\n\t\t\t\t\t\t\t\t\t<p>Sicherheit und Crash-Eigenschaften sind ein wichtiger und wachsender Schwerpunkt in der Automobilindustrie. <br \/>Deshalb haben wir vor langem in unsere eigene Crashteststrecke bei Klippan Safety investiert. Die M\u00f6glichkeit, Produktideen und -entw\u00fcrfe schnell, einfach und intern zu testen, liefert unschlagbare Erkenntnisse.<\/p>\t\t\t\t\t\t\t\t<\/div>\n\t\t\t\t<\/div>\n\t\t\t\t<\/div>\n\t\t<div data-particle_enable=\"false\" data-particle-mobile-disabled=\"false\" class=\"elementor-element elementor-element-79c3511 e-flex e-con-boxed e-con e-child\" data-id=\"79c3511\" data-element_type=\"container\" data-settings=\"{&quot;background_background&quot;:&quot;slideshow&quot;,&quot;background_slideshow_gallery&quot;:[],&quot;background_slideshow_loop&quot;:&quot;yes&quot;,&quot;background_slideshow_slide_duration&quot;:5000,&quot;background_slideshow_slide_transition&quot;:&quot;fade&quot;,&quot;background_slideshow_transition_duration&quot;:500}\">\n\t\t\t\t\t<div class=\"e-con-inner\">\n\t\t\t\t\t<\/div>\n\t\t\t\t<\/div>\n\t\t\t\t\t<\/div>\n\t\t\t\t<\/div>\n\t\t<div data-particle_enable=\"false\" data-particle-mobile-disabled=\"false\" class=\"elementor-element elementor-element-f5deffb e-flex e-con-boxed e-con e-parent\" data-id=\"f5deffb\" data-element_type=\"container\" data-settings=\"{&quot;background_background&quot;:&quot;classic&quot;}\">\n\t\t\t\t\t<div class=\"e-con-inner\">\n\t\t<div data-particle_enable=\"false\" data-particle-mobile-disabled=\"false\" class=\"elementor-element elementor-element-6486fb1 e-con-full e-flex e-con e-child\" data-id=\"6486fb1\" data-element_type=\"container\">\n\t\t\t\t<div class=\"elementor-element elementor-element-d16d3dc elementor-widget elementor-widget-text-editor\" data-id=\"d16d3dc\" data-element_type=\"widget\" data-widget_type=\"text-editor.default\">\n\t\t\t\t<div class=\"elementor-widget-container\">\n\t\t\t\t\t\t\t\t\t<p>Die Crashteststrecke gibt uns alle M\u00f6glichkeiten, Produkte mit besseren Crasheigenschaften zu entwickeln und damit die Risiken beim Transport zu reduzieren. Dieses Kompetenzzentrum f\u00fcr Sicherheitstechnik wird jedoch nicht nur f\u00fcr interne Entwicklungsprojekte innerhalb von Klippan Safety genutzt, sondern auch als externer Test- und Technologielieferant f\u00fcr Organisationen au\u00dferhalb des Unternehmens.<\/p><p>Mit der Crashteststrecke k\u00f6nnen wir alle typischen Crashimpulse testen, die heute in Automobilindustrie verwendet werden. Und das mit Verz\u00f6gerungen bis zu und \u00fcber 50 g. Die Strecke wird von erfahrenen Ingenieuren mit umfangreichen Kenntnissen in Crashtest und Simulation betrieben. Klippan Safety f\u00fchrt sowohl statische als auch dynamische Tests durch, um sicherzustellen, dass die gesetzlichen und kundenspezifischen Anforderungen erf\u00fcllt werden.<\/p>\t\t\t\t\t\t\t\t<\/div>\n\t\t\t\t<\/div>\n\t\t\t\t<\/div>\n\t\t<div data-particle_enable=\"false\" data-particle-mobile-disabled=\"false\" class=\"elementor-element elementor-element-1555232 e-con-full e-flex e-con e-child\" data-id=\"1555232\" data-element_type=\"container\">\n\t\t\t\t<div class=\"elementor-element elementor-element-7681523 elementor-widget elementor-widget-text-editor\" data-id=\"7681523\" data-element_type=\"widget\" data-widget_type=\"text-editor.default\">\n\t\t\t\t<div class=\"elementor-widget-container\">\n\t\t\t\t\t\t\t\t\t<p>Die Crashteststrecke basiert auf einem Schlitten mit universellen Befestigungsm\u00f6glichkeiten und wird durch einen Satz elastischer B\u00e4nder beschleunigt. Der Schlitten wird durch die plastische Verformung von Stahlst\u00e4ben abgebremst, was eine pr\u00e4zise Regulierung des Aufprallimpulses erm\u00f6glicht. Die Anfangsgeschwindigkeit beim Aufprall und die Verz\u00f6gerungskurve k\u00f6nnen f\u00fcr jede Last und jeden Aufprallfall angepasst werden, um einen pr\u00e4zisen und genauen Aufprallimpuls zu erzeugen.<\/p><p><span style=\"color: #2d4188\"><a style=\"color: #2d4188\" href=\"https:\/\/www.klippan-safety.se\/wp-content\/uploads\/2024\/01\/crashtesting.pdf\">Crash-Tests bei Klippan Safety (PDF)<\/a><\/span><\/p>\t\t\t\t\t\t\t\t<\/div>\n\t\t\t\t<\/div>\n\t\t\t\t<\/div>\n\t\t\t\t\t<\/div>\n\t\t\t\t<\/div>\n\t\t<div data-particle_enable=\"false\" data-particle-mobile-disabled=\"false\" class=\"elementor-element elementor-element-4d681ea e-flex e-con-boxed e-con e-parent\" data-id=\"4d681ea\" data-element_type=\"container\" data-settings=\"{&quot;background_background&quot;:&quot;classic&quot;}\">\n\t\t\t\t\t<div class=\"e-con-inner\">\n\t\t<div data-particle_enable=\"false\" data-particle-mobile-disabled=\"false\" class=\"elementor-element elementor-element-f5154e0 e-con-full e-flex e-con e-child\" data-id=\"f5154e0\" data-element_type=\"container\">\n\t\t\t\t<div class=\"elementor-element elementor-element-29d0584 elementor-widget elementor-widget-heading\" data-id=\"29d0584\" data-element_type=\"widget\" data-widget_type=\"heading.default\">\n\t\t\t\t<div class=\"elementor-widget-container\">\n\t\t\t\t\t<h2 class=\"elementor-heading-title elementor-size-default\">SPEZIFIKATION<\/h2>\t\t\t\t<\/div>\n\t\t\t\t<\/div>\n\t\t\t\t<div class=\"elementor-element elementor-element-3e20384 elementor-widget elementor-widget-text-editor\" data-id=\"3e20384\" data-element_type=\"widget\" data-widget_type=\"text-editor.default\">\n\t\t\t\t<div class=\"elementor-widget-container\">\n\t\t\t\t\t\t\t\t\t<p style=\"text-align: center\">L\u00e4nge der Strecke: 30 m<\/p><p style=\"text-align: center\">Bremse Typ: \u201eBiegebalken\u201c<\/p><p style=\"text-align: center\">Hochgeschwindigkeitskamera (1.000 fps)<\/p><p style=\"text-align: center\">Mehrfache Lastzellen-F\u00e4higkeiten<\/p>\t\t\t\t\t\t\t\t<\/div>\n\t\t\t\t<\/div>\n\t\t\t\t<\/div>\n\t\t<div data-particle_enable=\"false\" data-particle-mobile-disabled=\"false\" class=\"elementor-element elementor-element-76c3b60 e-flex e-con-boxed e-con e-child\" data-id=\"76c3b60\" data-element_type=\"container\" data-settings=\"{&quot;background_background&quot;:&quot;slideshow&quot;,&quot;background_slideshow_gallery&quot;:[],&quot;background_slideshow_loop&quot;:&quot;yes&quot;,&quot;background_slideshow_slide_duration&quot;:5000,&quot;background_slideshow_slide_transition&quot;:&quot;fade&quot;,&quot;background_slideshow_transition_duration&quot;:500}\">\n\t\t\t\t\t<div class=\"e-con-inner\">\n\t\t\t\t<div class=\"elementor-element elementor-element-07e580b elementor-widget elementor-widget-heading\" data-id=\"07e580b\" data-element_type=\"widget\" data-widget_type=\"heading.default\">\n\t\t\t\t<div class=\"elementor-widget-container\">\n\t\t\t\t\t<h2 class=\"elementor-heading-title elementor-size-default\">FAKTEN (abh\u00e4ngig vom Crash-Impuls)<\/h2>\t\t\t\t<\/div>\n\t\t\t\t<\/div>\n\t\t\t\t<div class=\"elementor-element elementor-element-e17f09d elementor-widget elementor-widget-text-editor\" data-id=\"e17f09d\" data-element_type=\"widget\" data-widget_type=\"text-editor.default\">\n\t\t\t\t<div class=\"elementor-widget-container\">\n\t\t\t\t\t\t\t\t\t<p style=\"text-align: center\">Tragf\u00e4higkeit des Schlittens (inkl. Halterung): bis zu 500 kg<\/p><p style=\"text-align: center\">Geschwindigkeit: bis zu 50 km\/h<\/p><p style=\"text-align: center\">Verz\u00f6gerung: bis zu 50 g<\/p><p style=\"text-align: center\">Crashimpulse nach: UN ECE R16, UN ECE R17 oder kundenspezifische Anforderungen<\/p>\t\t\t\t\t\t\t\t<\/div>\n\t\t\t\t<\/div>\n\t\t\t\t\t<\/div>\n\t\t\t\t<\/div>\n\t\t\t\t\t<\/div>\n\t\t\t\t<\/div>\n\t\t<div data-particle_enable=\"false\" data-particle-mobile-disabled=\"false\" class=\"elementor-element elementor-element-5cb9f30 e-con-full e-flex e-con e-parent\" data-id=\"5cb9f30\" data-element_type=\"container\">\n\t\t<div data-particle_enable=\"false\" data-particle-mobile-disabled=\"false\" class=\"elementor-element elementor-element-37ff14f e-con-full e-flex e-con e-child\" data-id=\"37ff14f\" data-element_type=\"container\" data-settings=\"{&quot;background_background&quot;:&quot;classic&quot;}\">\n\t\t\t\t<div class=\"elementor-element elementor-element-d7592b9 elementor-widget elementor-widget-heading\" data-id=\"d7592b9\" data-element_type=\"widget\" data-widget_type=\"heading.default\">\n\t\t\t\t<div class=\"elementor-widget-container\">\n\t\t\t\t\t<h2 class=\"elementor-heading-title elementor-size-default\">KOMFORT<\/h2>\t\t\t\t<\/div>\n\t\t\t\t<\/div>\n\t\t\t\t<div class=\"elementor-element elementor-element-c1da1ac elementor-widget elementor-widget-button\" data-id=\"c1da1ac\" data-element_type=\"widget\" data-widget_type=\"button.default\">\n\t\t\t\t<div class=\"elementor-widget-container\">\n\t\t\t\t\t\t\t\t\t<div class=\"elementor-button-wrapper\">\n\t\t\t\t\t<a class=\"elementor-button elementor-button-link elementor-size-sm\" href=\"https:\/\/www.klippan-safety.se\/de\/komfort\/\">\n\t\t\t\t\t\t<span class=\"elementor-button-content-wrapper\">\n\t\t\t\t\t\t\t\t\t<span class=\"elementor-button-text\">Lesen Sie mehr<\/span>\n\t\t\t\t\t<\/span>\n\t\t\t\t\t<\/a>\n\t\t\t\t<\/div>\n\t\t\t\t\t\t\t\t<\/div>\n\t\t\t\t<\/div>\n\t\t\t\t<\/div>\n\t\t<div data-particle_enable=\"false\" data-particle-mobile-disabled=\"false\" class=\"elementor-element elementor-element-41d2aa4 e-con-full e-flex e-con e-child\" data-id=\"41d2aa4\" data-element_type=\"container\" data-settings=\"{&quot;background_background&quot;:&quot;classic&quot;}\">\n\t\t\t\t<div class=\"elementor-element elementor-element-72cb022 elementor-widget elementor-widget-heading\" data-id=\"72cb022\" data-element_type=\"widget\" data-widget_type=\"heading.default\">\n\t\t\t\t<div class=\"elementor-widget-container\">\n\t\t\t\t\t<h2 class=\"elementor-heading-title elementor-size-default\">ENTWICKLUNG<\/h2>\t\t\t\t<\/div>\n\t\t\t\t<\/div>\n\t\t\t\t<div class=\"elementor-element elementor-element-7ae8e90 elementor-widget elementor-widget-button\" data-id=\"7ae8e90\" data-element_type=\"widget\" data-widget_type=\"button.default\">\n\t\t\t\t<div class=\"elementor-widget-container\">\n\t\t\t\t\t\t\t\t\t<div class=\"elementor-button-wrapper\">\n\t\t\t\t\t<a class=\"elementor-button elementor-button-link elementor-size-sm\" href=\"https:\/\/www.klippan-safety.se\/de\/entwicklung\/\">\n\t\t\t\t\t\t<span class=\"elementor-button-content-wrapper\">\n\t\t\t\t\t\t\t\t\t<span class=\"elementor-button-text\">Lesen Sie mehr<\/span>\n\t\t\t\t\t<\/span>\n\t\t\t\t\t<\/a>\n\t\t\t\t<\/div>\n\t\t\t\t\t\t\t\t<\/div>\n\t\t\t\t<\/div>\n\t\t\t\t<\/div>\n\t\t\t\t<\/div>\n\t\t\t\t<\/div>","protected":false},"excerpt":{"rendered":"<p>S\u00e4kerheten kommer alltid f\u00f6rst F\u00f6r att skapa fordon med b\u00e4ttre krockegenskaper och f\u00f6r att g\u00f6ra livet i och kring v\u00e5ra fordon s\u00e4krare kr\u00e4vs kunskap, erfarenhet och noggrannhet. Klippan Safety har under mer \u00e4n ett halvt sekel arbetat med att g\u00f6ra v\u00e4gtrafiken s\u00e4krare. Vi har utvecklat nya produkter och material och \u00e4ven satsat p\u00e5 en egen [&hellip;]<\/p>","protected":false},"author":1,"featured_media":0,"parent":0,"menu_order":0,"comment_status":"closed","ping_status":"closed","template":"","meta":{"footnotes":""},"class_list":["post-270","page","type-page","status-publish","hentry"],"_links":{"self":[{"href":"https:\/\/www.klippan-safety.se\/de\/wp-json\/wp\/v2\/pages\/270","targetHints":{"allow":["GET"]}}],"collection":[{"href":"https:\/\/www.klippan-safety.se\/de\/wp-json\/wp\/v2\/pages"}],"about":[{"href":"https:\/\/www.klippan-safety.se\/de\/wp-json\/wp\/v2\/types\/page"}],"author":[{"embeddable":true,"href":"https:\/\/www.klippan-safety.se\/de\/wp-json\/wp\/v2\/users\/1"}],"replies":[{"embeddable":true,"href":"https:\/\/www.klippan-safety.se\/de\/wp-json\/wp\/v2\/comments?post=270"}],"version-history":[{"count":79,"href":"https:\/\/www.klippan-safety.se\/de\/wp-json\/wp\/v2\/pages\/270\/revisions"}],"predecessor-version":[{"id":1695,"href":"https:\/\/www.klippan-safety.se\/de\/wp-json\/wp\/v2\/pages\/270\/revisions\/1695"}],"wp:attachment":[{"href":"https:\/\/www.klippan-safety.se\/de\/wp-json\/wp\/v2\/media?parent=270"}],"curies":[{"name":"wp","href":"https:\/\/api.w.org\/{rel}","templated":true}]}}