{"id":318,"date":"2023-12-18T17:19:28","date_gmt":"2023-12-18T16:19:28","guid":{"rendered":"http:\/\/klippan-safety.se.loopiadns.com\/?page_id=318"},"modified":"2024-10-16T06:47:36","modified_gmt":"2024-10-16T05:47:36","slug":"entwicklung","status":"publish","type":"page","link":"https:\/\/www.klippan-safety.se\/de\/entwicklung\/","title":{"rendered":"Entwicklung"},"content":{"rendered":"<div data-elementor-type=\"wp-post\" data-elementor-id=\"318\" class=\"elementor elementor-318\" data-elementor-post-type=\"page\">\n\t\t\t\t<div data-particle_enable=\"false\" data-particle-mobile-disabled=\"false\" class=\"elementor-element elementor-element-5081b8a e-flex e-con-boxed e-con e-parent\" data-id=\"5081b8a\" data-element_type=\"container\" data-settings=\"{&quot;background_background&quot;:&quot;classic&quot;}\">\n\t\t\t\t\t<div class=\"e-con-inner\">\n\t\t\t\t\t<\/div>\n\t\t\t\t<\/div>\n\t\t<div data-particle_enable=\"false\" data-particle-mobile-disabled=\"false\" class=\"elementor-element elementor-element-fc1e577 e-flex e-con-boxed e-con e-parent\" data-id=\"fc1e577\" data-element_type=\"container\">\n\t\t\t\t\t<div class=\"e-con-inner\">\n\t\t<div data-particle_enable=\"false\" data-particle-mobile-disabled=\"false\" class=\"elementor-element elementor-element-d82ad5f e-con-full e-flex e-con e-child\" data-id=\"d82ad5f\" data-element_type=\"container\">\n\t\t\t\t<div class=\"elementor-element elementor-element-aa32f01 elementor-widget elementor-widget-heading\" data-id=\"aa32f01\" data-element_type=\"widget\" data-widget_type=\"heading.default\">\n\t\t\t\t<div class=\"elementor-widget-container\">\n\t\t\t\t\t<h1 class=\"elementor-heading-title elementor-size-default\">Hoch hinaus f\u00fcr neue Ideen \u2013 mit Blick auf eine effiziente Produktion\n<\/h1>\t\t\t\t<\/div>\n\t\t\t\t<\/div>\n\t\t\t\t<div class=\"elementor-element elementor-element-56d435b elementor-widget elementor-widget-text-editor\" data-id=\"56d435b\" data-element_type=\"widget\" data-widget_type=\"text-editor.default\">\n\t\t\t\t<div class=\"elementor-widget-container\">\n\t\t\t\t\t\t\t\t\t<p>Die Produktentwickler bei Klippan Safety arbeiten in enger Absprache mit unseren verschiedenen Kunden. Das Ziel ist immer, Produkte zu entwickeln, die die Aufgabe auf der Grundlage der Bed\u00fcrfnisse und W\u00fcnsche l\u00f6sen, aber auch immer effizient und industriell produziert werden k\u00f6nnen - kosteng\u00fcnstig, mit der bestm\u00f6glichen Qualit\u00e4t und Montagezeit.<\/p>\t\t\t\t\t\t\t\t<\/div>\n\t\t\t\t<\/div>\n\t\t\t\t<\/div>\n\t\t\t\t\t<\/div>\n\t\t\t\t<\/div>\n\t\t<div data-particle_enable=\"false\" data-particle-mobile-disabled=\"false\" class=\"elementor-element elementor-element-56cc0b1 e-flex e-con-boxed e-con e-parent\" data-id=\"56cc0b1\" data-element_type=\"container\" data-settings=\"{&quot;background_background&quot;:&quot;classic&quot;}\">\n\t\t\t\t\t<div class=\"e-con-inner\">\n\t\t<div data-particle_enable=\"false\" data-particle-mobile-disabled=\"false\" class=\"elementor-element elementor-element-3a17dbd e-con-full e-flex e-con e-child\" data-id=\"3a17dbd\" data-element_type=\"container\">\n\t\t\t\t<div class=\"elementor-element elementor-element-c076011 elementor-widget elementor-widget-heading\" data-id=\"c076011\" data-element_type=\"widget\" data-widget_type=\"heading.default\">\n\t\t\t\t<div class=\"elementor-widget-container\">\n\t\t\t\t\t<h1 class=\"elementor-heading-title elementor-size-default\">Der Weg von der Idee zur effizienten Produktion<\/h1>\t\t\t\t<\/div>\n\t\t\t\t<\/div>\n\t\t\t\t<div class=\"elementor-element elementor-element-2482e7e elementor-widget elementor-widget-text-editor\" data-id=\"2482e7e\" data-element_type=\"widget\" data-widget_type=\"text-editor.default\">\n\t\t\t\t<div class=\"elementor-widget-container\">\n\t\t\t\t\t\t\t\t\t<div>Das Projektmanagement von Klippan Safety sorgt daf\u00fcr, dass Kosten, Qualit\u00e4t und Zeitvorgaben eingehalten werden.<\/div><div>Unser Produktentwicklungsprozess macht uns zu einem effizienten und gut organisierten Systempartner - von der ersten Idee bis zur fertigen Konstruktion.<\/div>\t\t\t\t\t\t\t\t<\/div>\n\t\t\t\t<\/div>\n\t\t\t\t<\/div>\n\t\t<div data-particle_enable=\"false\" data-particle-mobile-disabled=\"false\" class=\"elementor-element elementor-element-79c3511 e-flex e-con-boxed e-con e-child\" data-id=\"79c3511\" data-element_type=\"container\" data-settings=\"{&quot;background_background&quot;:&quot;slideshow&quot;,&quot;background_slideshow_gallery&quot;:[],&quot;background_slideshow_loop&quot;:&quot;yes&quot;,&quot;background_slideshow_slide_duration&quot;:5000,&quot;background_slideshow_slide_transition&quot;:&quot;fade&quot;,&quot;background_slideshow_transition_duration&quot;:500}\">\n\t\t\t\t\t<div class=\"e-con-inner\">\n\t\t\t\t\t<\/div>\n\t\t\t\t<\/div>\n\t\t\t\t\t<\/div>\n\t\t\t\t<\/div>\n\t\t<div data-particle_enable=\"false\" data-particle-mobile-disabled=\"false\" class=\"elementor-element elementor-element-f244759 e-flex e-con-boxed e-con e-parent\" data-id=\"f244759\" data-element_type=\"container\" data-settings=\"{&quot;background_background&quot;:&quot;classic&quot;}\">\n\t\t\t\t\t<div class=\"e-con-inner\">\n\t\t<div data-particle_enable=\"false\" data-particle-mobile-disabled=\"false\" class=\"elementor-element elementor-element-54e7775 e-con-full e-flex e-con e-child\" data-id=\"54e7775\" data-element_type=\"container\">\n\t\t\t\t<div class=\"elementor-element elementor-element-25e641b elementor-widget elementor-widget-text-editor\" data-id=\"25e641b\" data-element_type=\"widget\" data-widget_type=\"text-editor.default\">\n\t\t\t\t<div class=\"elementor-widget-container\">\n\t\t\t\t\t\t\t\t\t<p>Die Mitarbeiter unseres erfahrenen Entwicklungsteams arbeiten in enger Abstimmung mit verschiedenen Kunden. Die Entwicklung erfolgt h\u00e4ufig innerhalb einer gemeinsamen PLM (Product Lifecycle Management)-L\u00f6sung, remote oder on-premises. Im Konstruktionsprozess beginnt die Qualit\u00e4tssicherung bereits in einem fr\u00fchen Stadium mit modernsten CAD-Tools. Im Weiteren mit guten Voraussetzungen f\u00fcr den Prototypenbau und die Validierung. CAE-Simulationen werden im Entwicklungsprozess kontinuierlich eingesetzt, um die Qualit\u00e4ts- und Festigkeitsanforderungen an das Produkt sicherzustellen.<\/p>\t\t\t\t\t\t\t\t<\/div>\n\t\t\t\t<\/div>\n\t\t\t\t<\/div>\n\t\t<div data-particle_enable=\"false\" data-particle-mobile-disabled=\"false\" class=\"elementor-element elementor-element-c80aa9c e-con-full e-flex e-con e-child\" data-id=\"c80aa9c\" data-element_type=\"container\">\n\t\t\t\t<div class=\"elementor-element elementor-element-5e037e1 elementor-widget elementor-widget-text-editor\" data-id=\"5e037e1\" data-element_type=\"widget\" data-widget_type=\"text-editor.default\">\n\t\t\t\t<div class=\"elementor-widget-container\">\n\t\t\t\t\t\t\t\t\t<p>Das CAE-Fachwissen, das st\u00e4ndig vertieft wird, wird in den folgenden Bereichen eingesetzt:<\/p><ul style=\"font-weight: 400\"><li>Festigkeitsberechnungen, statische und dynamische Lastf\u00e4lle<\/li><li>Crash-Simulationen, validiert durch Crashtest-Streckenversuche<\/li><li>Modale Analysen<\/li><li>R\u00fcttel- und Schwingungsanalysen<br \/><br \/><\/li><\/ul><p>Unsere umfangreiche Prototypenwerkstatt liefert Prototypen w\u00e4hrend der Entwicklungsphase, angefangen von konzeptionellen Demonstrationen bis hin zur Vorserie, alles in hervorragender Ausf\u00fchrung. Die Prototypenwerkstatt kann fast jede Art von Fahrzeuginnenausstattungen herstellen. Dar\u00fcber hinaus werden Prototypen mit kurzen Vorlaufzeiten und in hoher Qualit\u00e4t hergestellt, dank einer Kombination aus Metallverfahren, additiver 3D-Fertigung, Textil- und Holzbearbeitung.<\/p>\t\t\t\t\t\t\t\t<\/div>\n\t\t\t\t<\/div>\n\t\t\t\t<\/div>\n\t\t\t\t\t<\/div>\n\t\t\t\t<\/div>\n\t\t<div data-particle_enable=\"false\" data-particle-mobile-disabled=\"false\" class=\"elementor-element elementor-element-41a298e e-flex e-con-boxed e-con e-parent\" data-id=\"41a298e\" data-element_type=\"container\" data-settings=\"{&quot;background_background&quot;:&quot;classic&quot;}\">\n\t\t\t\t\t<div class=\"e-con-inner\">\n\t\t<div data-particle_enable=\"false\" data-particle-mobile-disabled=\"false\" class=\"elementor-element elementor-element-9b10dc4 e-con-full e-flex e-con e-child\" data-id=\"9b10dc4\" data-element_type=\"container\">\n\t\t\t\t<div class=\"elementor-element elementor-element-9889f3b elementor-widget elementor-widget-heading\" data-id=\"9889f3b\" data-element_type=\"widget\" data-widget_type=\"heading.default\">\n\t\t\t\t<div class=\"elementor-widget-container\">\n\t\t\t\t\t<h1 class=\"elementor-heading-title elementor-size-default\">Wir sind Spezialisten in der Produktion<\/h1>\t\t\t\t<\/div>\n\t\t\t\t<\/div>\n\t\t\t\t<div class=\"elementor-element elementor-element-1c17992 elementor-widget elementor-widget-text-editor\" data-id=\"1c17992\" data-element_type=\"widget\" data-widget_type=\"text-editor.default\">\n\t\t\t\t<div class=\"elementor-widget-container\">\n\t\t\t\t\t\t\t\t\t<div>Im Laufe der Jahre haben wir immer wieder kompromisslose Qualit\u00e4t und Zuverl\u00e4ssigkeit geliefert. Nur Null Fehler und 100%ige Liefergenauigkeit sind f\u00fcr uns gut genug. Dies ist einer der Gr\u00fcnde, warum Klippan Safety ein wettbewerbsf\u00e4higer und zuverl\u00e4ssiger Systemlieferant auf dem Weltmarkt ist.<\/div>\t\t\t\t\t\t\t\t<\/div>\n\t\t\t\t<\/div>\n\t\t\t\t<\/div>\n\t\t<div data-particle_enable=\"false\" data-particle-mobile-disabled=\"false\" class=\"elementor-element elementor-element-678e8c4 e-flex e-con-boxed e-con e-child\" data-id=\"678e8c4\" data-element_type=\"container\" data-settings=\"{&quot;background_background&quot;:&quot;slideshow&quot;,&quot;background_slideshow_gallery&quot;:[],&quot;background_slideshow_loop&quot;:&quot;yes&quot;,&quot;background_slideshow_slide_duration&quot;:5000,&quot;background_slideshow_slide_transition&quot;:&quot;fade&quot;,&quot;background_slideshow_transition_duration&quot;:500}\">\n\t\t\t\t\t<div class=\"e-con-inner\">\n\t\t\t\t\t<\/div>\n\t\t\t\t<\/div>\n\t\t\t\t\t<\/div>\n\t\t\t\t<\/div>\n\t\t<div data-particle_enable=\"false\" data-particle-mobile-disabled=\"false\" class=\"elementor-element elementor-element-cf20d11 e-flex e-con-boxed e-con e-parent\" data-id=\"cf20d11\" data-element_type=\"container\" data-settings=\"{&quot;background_background&quot;:&quot;classic&quot;}\">\n\t\t\t\t\t<div class=\"e-con-inner\">\n\t\t<div data-particle_enable=\"false\" data-particle-mobile-disabled=\"false\" class=\"elementor-element elementor-element-2a1a9ff e-con-full e-flex e-con e-child\" data-id=\"2a1a9ff\" data-element_type=\"container\">\n\t\t\t\t<div class=\"elementor-element elementor-element-bc49108 elementor-widget elementor-widget-text-editor\" data-id=\"bc49108\" data-element_type=\"widget\" data-widget_type=\"text-editor.default\">\n\t\t\t\t<div class=\"elementor-widget-container\">\n\t\t\t\t\t\t\t\t\t<p>Unsere Produktions- und Logistikingenieure sowie unsere Produktionsmitarbeiter sind w\u00e4hrend <span style=\"font-family: var( --e-global-typography-text-font-family ), Sans-serif;text-align: var(--text-align);font-size: 1rem\">des gesamten\u00a0<\/span><span style=\"font-family: var( --e-global-typography-text-font-family ), Sans-serif;text-align: var(--text-align);font-size: 1rem\">Entwicklungsprozesses involviert - so stellen wir sicher, dass das Produkt effizient in die Produktion \u00fcberf\u00fchrt werden kann. Das Produkt wird auf bestm\u00f6gliche Kosteneffizienz bei bestm\u00f6glicher Fertigungsqualit\u00e4t und Montagezeit optimiert. Bereits in einer fr\u00fchen Phase des Entwicklungsprozesses sorgen wir f\u00fcr die Ber\u00fccksichtigung von Arbeitssicherheit und effizienter Logistik. Zu den Werkzeugen, die zur Vorbereitung einer effektiven hohen Produktionsqualit\u00e4t eingesetzt werden, geh\u00f6ren Design for Assembly, Kanban-Flows und Poka-Yoke-L\u00f6sungen.<\/span><\/p>\t\t\t\t\t\t\t\t<\/div>\n\t\t\t\t<\/div>\n\t\t\t\t<\/div>\n\t\t<div data-particle_enable=\"false\" data-particle-mobile-disabled=\"false\" class=\"elementor-element elementor-element-69a705c e-con-full e-flex e-con e-child\" data-id=\"69a705c\" data-element_type=\"container\">\n\t\t\t\t<div class=\"elementor-element elementor-element-853f1ca elementor-widget elementor-widget-text-editor\" data-id=\"853f1ca\" data-element_type=\"widget\" data-widget_type=\"text-editor.default\">\n\t\t\t\t<div class=\"elementor-widget-container\">\n\t\t\t\t\t\t\t\t\t<p><span style=\"font-family: var( --e-global-typography-text-font-family ), Sans-serif;text-align: var(--text-align);font-size: 1rem\">Auch nach dem Start der Produktion geht die Entwicklungsarbeit weiter. Der Fertigungsprozess wird w\u00e4hrend der gesamten Lebensdauer des Produkts kontinuierlich verbessert. Unn\u00f6tige T\u00e4tigkeiten und Varianten werden eliminiert, und es werden kontinuierlich Verbesserungen vorgenommen, um die Produktivit\u00e4t zu steigern. Die Qualit\u00e4t wird verbessert, wenn der Ausschuss beseitigt wird, w\u00e4hrend die Produktionszeit und andere Kosten reduziert werden. Motivierte und engagierte Mitarbeiter und Lieferanten tun dies als Teil ihrer t\u00e4glichen Arbeit.<\/span><\/p>\t\t\t\t\t\t\t\t<\/div>\n\t\t\t\t<\/div>\n\t\t\t\t<\/div>\n\t\t\t\t\t<\/div>\n\t\t\t\t<\/div>\n\t\t<div data-particle_enable=\"false\" data-particle-mobile-disabled=\"false\" class=\"elementor-element elementor-element-5cb9f30 e-con-full e-flex e-con e-parent\" data-id=\"5cb9f30\" data-element_type=\"container\">\n\t\t<div data-particle_enable=\"false\" data-particle-mobile-disabled=\"false\" class=\"elementor-element elementor-element-37ff14f e-con-full e-flex e-con e-child\" data-id=\"37ff14f\" data-element_type=\"container\" data-settings=\"{&quot;background_background&quot;:&quot;classic&quot;}\">\n\t\t\t\t<div class=\"elementor-element elementor-element-d7592b9 elementor-widget elementor-widget-heading\" data-id=\"d7592b9\" data-element_type=\"widget\" data-widget_type=\"heading.default\">\n\t\t\t\t<div class=\"elementor-widget-container\">\n\t\t\t\t\t<h2 class=\"elementor-heading-title elementor-size-default\">SICHERHEIT<\/h2>\t\t\t\t<\/div>\n\t\t\t\t<\/div>\n\t\t\t\t<div class=\"elementor-element elementor-element-c1da1ac elementor-widget elementor-widget-button\" data-id=\"c1da1ac\" data-element_type=\"widget\" data-widget_type=\"button.default\">\n\t\t\t\t<div class=\"elementor-widget-container\">\n\t\t\t\t\t\t\t\t\t<div class=\"elementor-button-wrapper\">\n\t\t\t\t\t<a class=\"elementor-button elementor-button-link elementor-size-sm\" href=\"https:\/\/www.klippan-safety.se\/de\/sicherheit\/\">\n\t\t\t\t\t\t<span class=\"elementor-button-content-wrapper\">\n\t\t\t\t\t\t\t\t\t<span class=\"elementor-button-text\">Lesen Sie mehr<\/span>\n\t\t\t\t\t<\/span>\n\t\t\t\t\t<\/a>\n\t\t\t\t<\/div>\n\t\t\t\t\t\t\t\t<\/div>\n\t\t\t\t<\/div>\n\t\t\t\t<\/div>\n\t\t<div data-particle_enable=\"false\" data-particle-mobile-disabled=\"false\" class=\"elementor-element elementor-element-41d2aa4 e-con-full e-flex e-con e-child\" data-id=\"41d2aa4\" data-element_type=\"container\" data-settings=\"{&quot;background_background&quot;:&quot;classic&quot;}\">\n\t\t\t\t<div class=\"elementor-element elementor-element-72cb022 elementor-widget elementor-widget-heading\" data-id=\"72cb022\" data-element_type=\"widget\" data-widget_type=\"heading.default\">\n\t\t\t\t<div class=\"elementor-widget-container\">\n\t\t\t\t\t<h2 class=\"elementor-heading-title elementor-size-default\">KOMFORT<\/h2>\t\t\t\t<\/div>\n\t\t\t\t<\/div>\n\t\t\t\t<div class=\"elementor-element elementor-element-7ae8e90 elementor-widget elementor-widget-button\" data-id=\"7ae8e90\" data-element_type=\"widget\" data-widget_type=\"button.default\">\n\t\t\t\t<div class=\"elementor-widget-container\">\n\t\t\t\t\t\t\t\t\t<div class=\"elementor-button-wrapper\">\n\t\t\t\t\t<a class=\"elementor-button elementor-button-link elementor-size-sm\" href=\"https:\/\/www.klippan-safety.se\/de\/komfort\/\">\n\t\t\t\t\t\t<span class=\"elementor-button-content-wrapper\">\n\t\t\t\t\t\t\t\t\t<span class=\"elementor-button-text\">Lesen Sie mehr<\/span>\n\t\t\t\t\t<\/span>\n\t\t\t\t\t<\/a>\n\t\t\t\t<\/div>\n\t\t\t\t\t\t\t\t<\/div>\n\t\t\t\t<\/div>\n\t\t\t\t<\/div>\n\t\t\t\t<\/div>\n\t\t\t\t<\/div>","protected":false},"excerpt":{"rendered":"<p>H\u00f6gt i tak f\u00f6r nya id\u00e9er \u2013 med sikte p\u00e5 effektiv produktion Produktutvecklarna hos Klippan Safety arbetar i n\u00e4ra samr\u00e5d med v\u00e5ra olika kunder. M\u00e5let \u00e4r alltid att utifr\u00e5n behov och \u00f6nskem\u00e5l utveckla produkter som l\u00f6ser uppgiften, men ocks\u00e5 alltid kan produceras effektivt och industriellt \u2013 kostnadseffektivt, med b\u00e4sta m\u00f6jliga kvalitet och monteringstid. Resan fr\u00e5n [&hellip;]<\/p>","protected":false},"author":1,"featured_media":0,"parent":0,"menu_order":0,"comment_status":"closed","ping_status":"closed","template":"","meta":{"footnotes":""},"class_list":["post-318","page","type-page","status-publish","hentry"],"_links":{"self":[{"href":"https:\/\/www.klippan-safety.se\/de\/wp-json\/wp\/v2\/pages\/318","targetHints":{"allow":["GET"]}}],"collection":[{"href":"https:\/\/www.klippan-safety.se\/de\/wp-json\/wp\/v2\/pages"}],"about":[{"href":"https:\/\/www.klippan-safety.se\/de\/wp-json\/wp\/v2\/types\/page"}],"author":[{"embeddable":true,"href":"https:\/\/www.klippan-safety.se\/de\/wp-json\/wp\/v2\/users\/1"}],"replies":[{"embeddable":true,"href":"https:\/\/www.klippan-safety.se\/de\/wp-json\/wp\/v2\/comments?post=318"}],"version-history":[{"count":52,"href":"https:\/\/www.klippan-safety.se\/de\/wp-json\/wp\/v2\/pages\/318\/revisions"}],"predecessor-version":[{"id":1698,"href":"https:\/\/www.klippan-safety.se\/de\/wp-json\/wp\/v2\/pages\/318\/revisions\/1698"}],"wp:attachment":[{"href":"https:\/\/www.klippan-safety.se\/de\/wp-json\/wp\/v2\/media?parent=318"}],"curies":[{"name":"wp","href":"https:\/\/api.w.org\/{rel}","templated":true}]}}