{"id":728,"date":"2024-02-13T20:31:27","date_gmt":"2024-02-13T19:31:27","guid":{"rendered":"http:\/\/klippan-safety.se.loopiadns.com\/?page_id=728"},"modified":"2024-10-16T06:53:09","modified_gmt":"2024-10-16T05:53:09","slug":"whistleblowing","status":"publish","type":"page","link":"https:\/\/www.klippan-safety.se\/de\/whistleblowing\/","title":{"rendered":"Whistleblowing"},"content":{"rendered":"<div data-elementor-type=\"wp-post\" data-elementor-id=\"728\" class=\"elementor elementor-728\" data-elementor-post-type=\"page\">\n\t\t\t\t<div data-particle_enable=\"false\" data-particle-mobile-disabled=\"false\" class=\"elementor-element elementor-element-5081b8a e-flex e-con-boxed e-con e-parent\" data-id=\"5081b8a\" data-element_type=\"container\" data-settings=\"{&quot;background_background&quot;:&quot;classic&quot;}\">\n\t\t\t\t\t<div class=\"e-con-inner\">\n\t\t\t\t\t<\/div>\n\t\t\t\t<\/div>\n\t\t<div data-particle_enable=\"false\" data-particle-mobile-disabled=\"false\" class=\"elementor-element elementor-element-fc1e577 e-flex e-con-boxed e-con e-parent\" data-id=\"fc1e577\" data-element_type=\"container\">\n\t\t\t\t\t<div class=\"e-con-inner\">\n\t\t<div data-particle_enable=\"false\" data-particle-mobile-disabled=\"false\" class=\"elementor-element elementor-element-d82ad5f e-con-full e-flex e-con e-child\" data-id=\"d82ad5f\" data-element_type=\"container\">\n\t\t\t\t<div class=\"elementor-element elementor-element-aa32f01 elementor-widget elementor-widget-heading\" data-id=\"aa32f01\" data-element_type=\"widget\" data-widget_type=\"heading.default\">\n\t\t\t\t<div class=\"elementor-widget-container\">\n\t\t\t\t\t<h1 class=\"elementor-heading-title elementor-size-default\">Whistleblowing<\/h1>\t\t\t\t<\/div>\n\t\t\t\t<\/div>\n\t\t\t\t<div class=\"elementor-element elementor-element-56d435b elementor-widget elementor-widget-text-editor\" data-id=\"56d435b\" data-element_type=\"widget\" data-widget_type=\"text-editor.default\">\n\t\t\t\t<div class=\"elementor-widget-container\">\n\t\t\t\t\t\t\t\t\t<p>In der CalixKlippan Gruppe streben wir nach einem offenen und transparenten Arbeitsplatz, an dem Fehlverhalten nicht vorkommen sollte. Daher ist es f\u00fcr uns wichtig, dass es klare Informationen dar\u00fcber gibt, wie man vertraulich und sicher Meldung machen kann. Bei Verdacht auf ein laufendes oder fr\u00fcheres Fehlverhalten m\u00fcssen daher Mittel zur Verf\u00fcgung stehen, um dieses offen zu legen.<\/p><p>Whistleblowing bedeutet, dass ein Arbeitnehmer, ein Leiharbeitnehmer, ein Stellenbewerber, ein Auszubildender, eine Person in der Unternehmensleitung, ein aktiver Anteilseigner, Mitarbeiter von Subunternehmern und Auftragnehmern Fehlverhalten\/Unregelm\u00e4\u00dfigkeiten oder Probleme melden, die von \u00f6ffentlichem Interesse sind. Die Whistleblower-Richtlinie beschreibt, wie Whistleblowing in unserem Unternehmen durchgef\u00fchrt wird, und soll den Schutz der Person, die Unregelm\u00e4\u00dfigkeiten meldet (der Whistleblower), verdeutlichen.<\/p>\t\t\t\t\t\t\t\t<\/div>\n\t\t\t\t<\/div>\n\t\t\t\t<div class=\"elementor-element elementor-element-50429b4 elementor-widget elementor-widget-heading\" data-id=\"50429b4\" data-element_type=\"widget\" data-widget_type=\"heading.default\">\n\t\t\t\t<div class=\"elementor-widget-container\">\n\t\t\t\t\t<h2 class=\"elementor-heading-title elementor-size-default\">Fehlverhalten bei CalixKlippan melden<\/h2>\t\t\t\t<\/div>\n\t\t\t\t<\/div>\n\t\t\t\t<div class=\"elementor-element elementor-element-891bcbb elementor-widget elementor-widget-text-editor\" data-id=\"891bcbb\" data-element_type=\"widget\" data-widget_type=\"text-editor.default\">\n\t\t\t\t<div class=\"elementor-widget-container\">\n\t\t\t\t\t\t\t\t\t<p>Hier k\u00f6nnen Sie sowohl die Kenntnis als auch den Verdacht von Unregelm\u00e4\u00dfigkeiten melden, die bei CalixKlippan aufgetreten sind oder mit hoher Wahrscheinlichkeit auftreten werden. Dieser Kanal sollte nur f\u00fcr Fehlverhalten im Zusammenhang mit der Arbeit genutzt werden und nur dann, wenn Sie berechtigten Grund zu der Annahme haben, dass die Informationen \u00fcber das Fehlverhalten wahr sind. Sie k\u00f6nnen w\u00e4hlen, ob Sie die Meldung digital \u00fcber das Formular, bei einem pers\u00f6nlichen Treffen oder per Telefon abgeben.<\/p><p><a href=\"https:\/\/www.puls-solutions.com\/reporter\/#\/create?o=calixklippan&amp;l=sv&amp;f=w\" target=\"_blank\" rel=\"noopener\">Whistleblower - Pulse-Whistleblower-Kanal<\/a><\/p><div id=\"main\" class=\"row-fluid page__main\"><div class=\"page__main__content\"><div id=\"content\" role=\"main\"><article id=\"post-1919\" class=\"post-1919 page type-page status-publish hentry\"><div><p>Weitere Informationen \u00fcber das Verfahren finden Sie in unserer <a href=\"https:\/\/www.klippan-safety.se\/wp-content\/uploads\/2024\/10\/Whistleblowing-directive.pdf\">Whistleblower-Richtlinie<\/a><\/p><p class=\"translation-block\">Har du ytterligare fr\u00e5gor ang\u00e5ende hur vi hanterar och\/eller utv\u00e4rderar visselbl\u00e5sar\u00e4renden, rutinerna och processen \u00e4r du alltid v\u00e4lkommen att kontakta \u00e4rendehanteraren: <a href=\"mailto:codeofconduct@klippan-safety.se\" target=\"_self\">codeofconduct@klippan-safety.se<\/a><\/p><\/div><\/article><\/div><\/div><\/div>\t\t\t\t\t\t\t\t<\/div>\n\t\t\t\t<\/div>\n\t\t\t\t<\/div>\n\t\t\t\t\t<\/div>\n\t\t\t\t<\/div>\n\t\t<div data-particle_enable=\"false\" data-particle-mobile-disabled=\"false\" class=\"elementor-element elementor-element-b752e71 e-con-full e-flex e-con e-parent\" data-id=\"b752e71\" data-element_type=\"container\">\n\t\t<div data-particle_enable=\"false\" data-particle-mobile-disabled=\"false\" class=\"elementor-element elementor-element-04387ba e-con-full e-flex e-con e-child\" data-id=\"04387ba\" data-element_type=\"container\" data-settings=\"{&quot;background_background&quot;:&quot;classic&quot;}\">\n\t\t\t\t<div class=\"elementor-element elementor-element-b94edc1 elementor-widget elementor-widget-heading\" data-id=\"b94edc1\" data-element_type=\"widget\" data-widget_type=\"heading.default\">\n\t\t\t\t<div class=\"elementor-widget-container\">\n\t\t\t\t\t<h2 class=\"elementor-heading-title elementor-size-default\">SICHERHEIT<\/h2>\t\t\t\t<\/div>\n\t\t\t\t<\/div>\n\t\t\t\t<div class=\"elementor-element elementor-element-92147e0 elementor-widget elementor-widget-button\" data-id=\"92147e0\" data-element_type=\"widget\" data-widget_type=\"button.default\">\n\t\t\t\t<div class=\"elementor-widget-container\">\n\t\t\t\t\t\t\t\t\t<div class=\"elementor-button-wrapper\">\n\t\t\t\t\t<a class=\"elementor-button elementor-button-link elementor-size-sm\" href=\"https:\/\/www.klippan-safety.se\/de\/sicherheit\/\">\n\t\t\t\t\t\t<span class=\"elementor-button-content-wrapper\">\n\t\t\t\t\t\t\t\t\t<span class=\"elementor-button-text\">Lesen Sie mehr<\/span>\n\t\t\t\t\t<\/span>\n\t\t\t\t\t<\/a>\n\t\t\t\t<\/div>\n\t\t\t\t\t\t\t\t<\/div>\n\t\t\t\t<\/div>\n\t\t\t\t<\/div>\n\t\t<div data-particle_enable=\"false\" data-particle-mobile-disabled=\"false\" class=\"elementor-element elementor-element-4146fd6 e-con-full e-flex e-con e-child\" data-id=\"4146fd6\" data-element_type=\"container\" data-settings=\"{&quot;background_background&quot;:&quot;classic&quot;}\">\n\t\t\t\t<div class=\"elementor-element elementor-element-b1258ce elementor-widget elementor-widget-heading\" data-id=\"b1258ce\" data-element_type=\"widget\" data-widget_type=\"heading.default\">\n\t\t\t\t<div class=\"elementor-widget-container\">\n\t\t\t\t\t<h2 class=\"elementor-heading-title elementor-size-default\">KOMFORT<\/h2>\t\t\t\t<\/div>\n\t\t\t\t<\/div>\n\t\t\t\t<div class=\"elementor-element elementor-element-bff0776 elementor-widget elementor-widget-button\" data-id=\"bff0776\" data-element_type=\"widget\" data-widget_type=\"button.default\">\n\t\t\t\t<div class=\"elementor-widget-container\">\n\t\t\t\t\t\t\t\t\t<div class=\"elementor-button-wrapper\">\n\t\t\t\t\t<a class=\"elementor-button elementor-button-link elementor-size-sm\" href=\"https:\/\/www.klippan-safety.se\/de\/komfort\/\">\n\t\t\t\t\t\t<span class=\"elementor-button-content-wrapper\">\n\t\t\t\t\t\t\t\t\t<span class=\"elementor-button-text\">Lesen Sie mehr<\/span>\n\t\t\t\t\t<\/span>\n\t\t\t\t\t<\/a>\n\t\t\t\t<\/div>\n\t\t\t\t\t\t\t\t<\/div>\n\t\t\t\t<\/div>\n\t\t\t\t<\/div>\n\t\t<div data-particle_enable=\"false\" data-particle-mobile-disabled=\"false\" class=\"elementor-element elementor-element-88a4527 e-con-full e-flex e-con e-child\" data-id=\"88a4527\" data-element_type=\"container\" data-settings=\"{&quot;background_background&quot;:&quot;classic&quot;}\">\n\t\t\t\t<div class=\"elementor-element elementor-element-2e59d87 elementor-widget elementor-widget-heading\" data-id=\"2e59d87\" data-element_type=\"widget\" data-widget_type=\"heading.default\">\n\t\t\t\t<div class=\"elementor-widget-container\">\n\t\t\t\t\t<h2 class=\"elementor-heading-title elementor-size-default\">ENTWICKLUNG<\/h2>\t\t\t\t<\/div>\n\t\t\t\t<\/div>\n\t\t\t\t<div class=\"elementor-element elementor-element-da47306 elementor-widget elementor-widget-button\" data-id=\"da47306\" data-element_type=\"widget\" data-widget_type=\"button.default\">\n\t\t\t\t<div class=\"elementor-widget-container\">\n\t\t\t\t\t\t\t\t\t<div class=\"elementor-button-wrapper\">\n\t\t\t\t\t<a class=\"elementor-button elementor-button-link elementor-size-sm\" href=\"https:\/\/www.klippan-safety.se\/de\/entwicklung\/\">\n\t\t\t\t\t\t<span class=\"elementor-button-content-wrapper\">\n\t\t\t\t\t\t\t\t\t<span class=\"elementor-button-text\">Lesen Sie mehr<\/span>\n\t\t\t\t\t<\/span>\n\t\t\t\t\t<\/a>\n\t\t\t\t<\/div>\n\t\t\t\t\t\t\t\t<\/div>\n\t\t\t\t<\/div>\n\t\t\t\t<\/div>\n\t\t\t\t<\/div>\n\t\t\t\t<\/div>","protected":false},"excerpt":{"rendered":"<p>Visselbl\u00e5sning I CalixKlippan Group str\u00e4var vi efter att ha en \u00f6ppen och transparent arbetsplats, d\u00e4r missf\u00f6rh\u00e5llanden inte ska f\u00f6rekomma. Det \u00e4r d\u00e4rf\u00f6r viktigt f\u00f6r oss att det finns tydlig information om hur man kan rapportera konfidentiellt och s\u00e4kert. Vid misstanke om p\u00e5g\u00e5ende eller tidigare missf\u00f6rh\u00e5llanden ska det d\u00e4rf\u00f6r finnas resurser f\u00f6r att r\u00f6ja dem. Att [&hellip;]<\/p>","protected":false},"author":1,"featured_media":0,"parent":0,"menu_order":0,"comment_status":"closed","ping_status":"closed","template":"","meta":{"footnotes":""},"class_list":["post-728","page","type-page","status-publish","hentry"],"_links":{"self":[{"href":"https:\/\/www.klippan-safety.se\/de\/wp-json\/wp\/v2\/pages\/728","targetHints":{"allow":["GET"]}}],"collection":[{"href":"https:\/\/www.klippan-safety.se\/de\/wp-json\/wp\/v2\/pages"}],"about":[{"href":"https:\/\/www.klippan-safety.se\/de\/wp-json\/wp\/v2\/types\/page"}],"author":[{"embeddable":true,"href":"https:\/\/www.klippan-safety.se\/de\/wp-json\/wp\/v2\/users\/1"}],"replies":[{"embeddable":true,"href":"https:\/\/www.klippan-safety.se\/de\/wp-json\/wp\/v2\/comments?post=728"}],"version-history":[{"count":25,"href":"https:\/\/www.klippan-safety.se\/de\/wp-json\/wp\/v2\/pages\/728\/revisions"}],"predecessor-version":[{"id":1722,"href":"https:\/\/www.klippan-safety.se\/de\/wp-json\/wp\/v2\/pages\/728\/revisions\/1722"}],"wp:attachment":[{"href":"https:\/\/www.klippan-safety.se\/de\/wp-json\/wp\/v2\/media?parent=728"}],"curies":[{"name":"wp","href":"https:\/\/api.w.org\/{rel}","templated":true}]}}