{"id":318,"date":"2023-12-18T17:19:28","date_gmt":"2023-12-18T16:19:28","guid":{"rendered":"http:\/\/klippan-safety.se.loopiadns.com\/?page_id=318"},"modified":"2024-10-16T06:47:36","modified_gmt":"2024-10-16T05:47:36","slug":"development","status":"publish","type":"page","link":"https:\/\/www.klippan-safety.se\/en\/development\/","title":{"rendered":"Development"},"content":{"rendered":"<div data-elementor-type=\"wp-post\" data-elementor-id=\"318\" class=\"elementor elementor-318\" data-elementor-post-type=\"page\">\n\t\t\t\t<div data-particle_enable=\"false\" data-particle-mobile-disabled=\"false\" class=\"elementor-element elementor-element-5081b8a e-flex e-con-boxed e-con e-parent\" data-id=\"5081b8a\" data-element_type=\"container\" data-settings=\"{&quot;background_background&quot;:&quot;classic&quot;}\">\n\t\t\t\t\t<div class=\"e-con-inner\">\n\t\t\t\t\t<\/div>\n\t\t\t\t<\/div>\n\t\t<div data-particle_enable=\"false\" data-particle-mobile-disabled=\"false\" class=\"elementor-element elementor-element-fc1e577 e-flex e-con-boxed e-con e-parent\" data-id=\"fc1e577\" data-element_type=\"container\">\n\t\t\t\t\t<div class=\"e-con-inner\">\n\t\t<div data-particle_enable=\"false\" data-particle-mobile-disabled=\"false\" class=\"elementor-element elementor-element-d82ad5f e-con-full e-flex e-con e-child\" data-id=\"d82ad5f\" data-element_type=\"container\">\n\t\t\t\t<div class=\"elementor-element elementor-element-aa32f01 elementor-widget elementor-widget-heading\" data-id=\"aa32f01\" data-element_type=\"widget\" data-widget_type=\"heading.default\">\n\t\t\t\t<div class=\"elementor-widget-container\">\n\t\t\t\t\t<h1 class=\"elementor-heading-title elementor-size-default\">A high ceiling for new ideas \u2013 with a view to efficient production\n<\/h1>\t\t\t\t<\/div>\n\t\t\t\t<\/div>\n\t\t\t\t<div class=\"elementor-element elementor-element-56d435b elementor-widget elementor-widget-text-editor\" data-id=\"56d435b\" data-element_type=\"widget\" data-widget_type=\"text-editor.default\">\n\t\t\t\t<div class=\"elementor-widget-container\">\n\t\t\t\t\t\t\t\t\t<p>The product developers at Klippan Safety work in close consultation with our various customers. The goal is always to develop products that solve the task based on requirements.  In addition, we design for manufacture, ensuring efficient production and cost-effective designs with the best possible quality.<\/p>\t\t\t\t\t\t\t\t<\/div>\n\t\t\t\t<\/div>\n\t\t\t\t<\/div>\n\t\t\t\t\t<\/div>\n\t\t\t\t<\/div>\n\t\t<div data-particle_enable=\"false\" data-particle-mobile-disabled=\"false\" class=\"elementor-element elementor-element-56cc0b1 e-flex e-con-boxed e-con e-parent\" data-id=\"56cc0b1\" data-element_type=\"container\" data-settings=\"{&quot;background_background&quot;:&quot;classic&quot;}\">\n\t\t\t\t\t<div class=\"e-con-inner\">\n\t\t<div data-particle_enable=\"false\" data-particle-mobile-disabled=\"false\" class=\"elementor-element elementor-element-3a17dbd e-con-full e-flex e-con e-child\" data-id=\"3a17dbd\" data-element_type=\"container\">\n\t\t\t\t<div class=\"elementor-element elementor-element-c076011 elementor-widget elementor-widget-heading\" data-id=\"c076011\" data-element_type=\"widget\" data-widget_type=\"heading.default\">\n\t\t\t\t<div class=\"elementor-widget-container\">\n\t\t\t\t\t<h1 class=\"elementor-heading-title elementor-size-default\">The journey from idea to efficient production<\/h1>\t\t\t\t<\/div>\n\t\t\t\t<\/div>\n\t\t\t\t<div class=\"elementor-element elementor-element-2482e7e elementor-widget elementor-widget-text-editor\" data-id=\"2482e7e\" data-element_type=\"widget\" data-widget_type=\"text-editor.default\">\n\t\t\t\t<div class=\"elementor-widget-container\">\n\t\t\t\t\t\t\t\t\t<div>Klippan Safety's project management system ensures that costs, quality and time targets are met.<\/div><div>Our product development process makes us an efficient and well-organized system partner at every step of the way \u2013 from initial idea to finished design.<\/div>\t\t\t\t\t\t\t\t<\/div>\n\t\t\t\t<\/div>\n\t\t\t\t<\/div>\n\t\t<div data-particle_enable=\"false\" data-particle-mobile-disabled=\"false\" class=\"elementor-element elementor-element-79c3511 e-flex e-con-boxed e-con e-child\" data-id=\"79c3511\" data-element_type=\"container\" data-settings=\"{&quot;background_background&quot;:&quot;slideshow&quot;,&quot;background_slideshow_gallery&quot;:[],&quot;background_slideshow_loop&quot;:&quot;yes&quot;,&quot;background_slideshow_slide_duration&quot;:5000,&quot;background_slideshow_slide_transition&quot;:&quot;fade&quot;,&quot;background_slideshow_transition_duration&quot;:500}\">\n\t\t\t\t\t<div class=\"e-con-inner\">\n\t\t\t\t\t<\/div>\n\t\t\t\t<\/div>\n\t\t\t\t\t<\/div>\n\t\t\t\t<\/div>\n\t\t<div data-particle_enable=\"false\" data-particle-mobile-disabled=\"false\" class=\"elementor-element elementor-element-f244759 e-flex e-con-boxed e-con e-parent\" data-id=\"f244759\" data-element_type=\"container\" data-settings=\"{&quot;background_background&quot;:&quot;classic&quot;}\">\n\t\t\t\t\t<div class=\"e-con-inner\">\n\t\t<div data-particle_enable=\"false\" data-particle-mobile-disabled=\"false\" class=\"elementor-element elementor-element-54e7775 e-con-full e-flex e-con e-child\" data-id=\"54e7775\" data-element_type=\"container\">\n\t\t\t\t<div class=\"elementor-element elementor-element-25e641b elementor-widget elementor-widget-text-editor\" data-id=\"25e641b\" data-element_type=\"widget\" data-widget_type=\"text-editor.default\">\n\t\t\t\t<div class=\"elementor-widget-container\">\n\t\t\t\t\t\t\t\t\t<p>Our Research and Development teamwork in close consultation with our customers. Development often takes place within a common PLM (Product Lifecycle Management) solution and is carried out remotely or in-house, dependant on the customer needs. In the design process, quality assurance begins at an early stage with state-of-the-art CAD tools, in-house prototyping capabilities and internal validation. CAE simulations are continuously used in the development process to ensure the quality and strength requirements of the product.<\/p>\t\t\t\t\t\t\t\t<\/div>\n\t\t\t\t<\/div>\n\t\t\t\t<\/div>\n\t\t<div data-particle_enable=\"false\" data-particle-mobile-disabled=\"false\" class=\"elementor-element elementor-element-c80aa9c e-con-full e-flex e-con e-child\" data-id=\"c80aa9c\" data-element_type=\"container\">\n\t\t\t\t<div class=\"elementor-element elementor-element-5e037e1 elementor-widget elementor-widget-text-editor\" data-id=\"5e037e1\" data-element_type=\"widget\" data-widget_type=\"text-editor.default\">\n\t\t\t\t<div class=\"elementor-widget-container\">\n\t\t\t\t\t\t\t\t\t<p>Our CAE expertise is utilized in the following areas:<\/p><ul style=\"font-weight: 400\"><li>Strength calculations, static and dynamic load cases<\/li><li>Crash simulations validated by crash test track trials<\/li><li>Modal analyses<\/li><li>Shake and vibration analyses<br \/><br \/><\/li><\/ul><p>Our extensive assembly workshop delivers prototypes during the development phase, starting with conceptual demonstrations through to pre-production. The prototype workshop can build any kind of vehicle interior. In addition, prototypes are manufactured with short lead times and to a high standard, combining a combination of metal processes, 3D additive manufacturing, textile and woodworking.<\/p>\t\t\t\t\t\t\t\t<\/div>\n\t\t\t\t<\/div>\n\t\t\t\t<\/div>\n\t\t\t\t\t<\/div>\n\t\t\t\t<\/div>\n\t\t<div data-particle_enable=\"false\" data-particle-mobile-disabled=\"false\" class=\"elementor-element elementor-element-41a298e e-flex e-con-boxed e-con e-parent\" data-id=\"41a298e\" data-element_type=\"container\" data-settings=\"{&quot;background_background&quot;:&quot;classic&quot;}\">\n\t\t\t\t\t<div class=\"e-con-inner\">\n\t\t<div data-particle_enable=\"false\" data-particle-mobile-disabled=\"false\" class=\"elementor-element elementor-element-9b10dc4 e-con-full e-flex e-con e-child\" data-id=\"9b10dc4\" data-element_type=\"container\">\n\t\t\t\t<div class=\"elementor-element elementor-element-9889f3b elementor-widget elementor-widget-heading\" data-id=\"9889f3b\" data-element_type=\"widget\" data-widget_type=\"heading.default\">\n\t\t\t\t<div class=\"elementor-widget-container\">\n\t\t\t\t\t<h1 class=\"elementor-heading-title elementor-size-default\">We are specialists in production<\/h1>\t\t\t\t<\/div>\n\t\t\t\t<\/div>\n\t\t\t\t<div class=\"elementor-element elementor-element-1c17992 elementor-widget elementor-widget-text-editor\" data-id=\"1c17992\" data-element_type=\"widget\" data-widget_type=\"text-editor.default\">\n\t\t\t\t<div class=\"elementor-widget-container\">\n\t\t\t\t\t\t\t\t\t<div>Over the years, we have consistently delivered uncompromising quality and reliability. Only zero defects and 100% delivery precision are good enough for us. This is one of the reasons why Klippan Safety is a competitive and reliable system supplier on the global market.<\/div>\t\t\t\t\t\t\t\t<\/div>\n\t\t\t\t<\/div>\n\t\t\t\t<\/div>\n\t\t<div data-particle_enable=\"false\" data-particle-mobile-disabled=\"false\" class=\"elementor-element elementor-element-678e8c4 e-flex e-con-boxed e-con e-child\" data-id=\"678e8c4\" data-element_type=\"container\" data-settings=\"{&quot;background_background&quot;:&quot;slideshow&quot;,&quot;background_slideshow_gallery&quot;:[],&quot;background_slideshow_loop&quot;:&quot;yes&quot;,&quot;background_slideshow_slide_duration&quot;:5000,&quot;background_slideshow_slide_transition&quot;:&quot;fade&quot;,&quot;background_slideshow_transition_duration&quot;:500}\">\n\t\t\t\t\t<div class=\"e-con-inner\">\n\t\t\t\t\t<\/div>\n\t\t\t\t<\/div>\n\t\t\t\t\t<\/div>\n\t\t\t\t<\/div>\n\t\t<div data-particle_enable=\"false\" data-particle-mobile-disabled=\"false\" class=\"elementor-element elementor-element-cf20d11 e-flex e-con-boxed e-con e-parent\" data-id=\"cf20d11\" data-element_type=\"container\" data-settings=\"{&quot;background_background&quot;:&quot;classic&quot;}\">\n\t\t\t\t\t<div class=\"e-con-inner\">\n\t\t<div data-particle_enable=\"false\" data-particle-mobile-disabled=\"false\" class=\"elementor-element elementor-element-2a1a9ff e-con-full e-flex e-con e-child\" data-id=\"2a1a9ff\" data-element_type=\"container\">\n\t\t\t\t<div class=\"elementor-element elementor-element-bc49108 elementor-widget elementor-widget-text-editor\" data-id=\"bc49108\" data-element_type=\"widget\" data-widget_type=\"text-editor.default\">\n\t\t\t\t<div class=\"elementor-widget-container\">\n\t\t\t\t\t\t\t\t\t<p>Our production and logistics engineers as well as our production staff are involved throughout <span style=\"font-family: var( --e-global-typography-text-font-family ), Sans-serif;text-align: var(--text-align);font-size: 1rem\">hela\u00a0<\/span><span style=\"font-family: var( --e-global-typography-text-font-family ), Sans-serif;text-align: var(--text-align);font-size: 1rem\">the development process \u2013 this is how we ensure that the design can be efficiently put into production. The product is optimized to provide the best possible cost-efficiency, production quality and assembly time. Already at an early stage of the development process, we ensure consideration for occupational safety and efficient logistics. Tools used to prepare for an effective high production quality include Design for Assembly, Kanban flows, and Poka-Yoke solutions.<\/span><\/p>\t\t\t\t\t\t\t\t<\/div>\n\t\t\t\t<\/div>\n\t\t\t\t<\/div>\n\t\t<div data-particle_enable=\"false\" data-particle-mobile-disabled=\"false\" class=\"elementor-element elementor-element-69a705c e-con-full e-flex e-con e-child\" data-id=\"69a705c\" data-element_type=\"container\">\n\t\t\t\t<div class=\"elementor-element elementor-element-853f1ca elementor-widget elementor-widget-text-editor\" data-id=\"853f1ca\" data-element_type=\"widget\" data-widget_type=\"text-editor.default\">\n\t\t\t\t<div class=\"elementor-widget-container\">\n\t\t\t\t\t\t\t\t\t<p><span style=\"font-family: var( --e-global-typography-text-font-family ), Sans-serif;text-align: var(--text-align);font-size: 1rem\">Even after production has started, the development work continues. The manufacturing process is continuously improved throughout the product's lifetime. The production process is refined, cost reductions implemented, and production time improvements are continuously worked on. Motivated and committed employees and subcontractors do this as part of their daily work.<\/span><\/p>\t\t\t\t\t\t\t\t<\/div>\n\t\t\t\t<\/div>\n\t\t\t\t<\/div>\n\t\t\t\t\t<\/div>\n\t\t\t\t<\/div>\n\t\t<div data-particle_enable=\"false\" data-particle-mobile-disabled=\"false\" class=\"elementor-element elementor-element-5cb9f30 e-con-full e-flex e-con e-parent\" data-id=\"5cb9f30\" data-element_type=\"container\">\n\t\t<div data-particle_enable=\"false\" data-particle-mobile-disabled=\"false\" class=\"elementor-element elementor-element-37ff14f e-con-full e-flex e-con e-child\" data-id=\"37ff14f\" data-element_type=\"container\" data-settings=\"{&quot;background_background&quot;:&quot;classic&quot;}\">\n\t\t\t\t<div class=\"elementor-element elementor-element-d7592b9 elementor-widget elementor-widget-heading\" data-id=\"d7592b9\" data-element_type=\"widget\" data-widget_type=\"heading.default\">\n\t\t\t\t<div class=\"elementor-widget-container\">\n\t\t\t\t\t<h2 class=\"elementor-heading-title elementor-size-default\">SAFETY<\/h2>\t\t\t\t<\/div>\n\t\t\t\t<\/div>\n\t\t\t\t<div class=\"elementor-element elementor-element-c1da1ac elementor-widget elementor-widget-button\" data-id=\"c1da1ac\" data-element_type=\"widget\" data-widget_type=\"button.default\">\n\t\t\t\t<div class=\"elementor-widget-container\">\n\t\t\t\t\t\t\t\t\t<div class=\"elementor-button-wrapper\">\n\t\t\t\t\t<a class=\"elementor-button elementor-button-link elementor-size-sm\" href=\"https:\/\/www.klippan-safety.se\/en\/security\/\">\n\t\t\t\t\t\t<span class=\"elementor-button-content-wrapper\">\n\t\t\t\t\t\t\t\t\t<span class=\"elementor-button-text\">Read more<\/span>\n\t\t\t\t\t<\/span>\n\t\t\t\t\t<\/a>\n\t\t\t\t<\/div>\n\t\t\t\t\t\t\t\t<\/div>\n\t\t\t\t<\/div>\n\t\t\t\t<\/div>\n\t\t<div data-particle_enable=\"false\" data-particle-mobile-disabled=\"false\" class=\"elementor-element elementor-element-41d2aa4 e-con-full e-flex e-con e-child\" data-id=\"41d2aa4\" data-element_type=\"container\" data-settings=\"{&quot;background_background&quot;:&quot;classic&quot;}\">\n\t\t\t\t<div class=\"elementor-element elementor-element-72cb022 elementor-widget elementor-widget-heading\" data-id=\"72cb022\" data-element_type=\"widget\" data-widget_type=\"heading.default\">\n\t\t\t\t<div class=\"elementor-widget-container\">\n\t\t\t\t\t<h2 class=\"elementor-heading-title elementor-size-default\">COMFORT<\/h2>\t\t\t\t<\/div>\n\t\t\t\t<\/div>\n\t\t\t\t<div class=\"elementor-element elementor-element-7ae8e90 elementor-widget elementor-widget-button\" data-id=\"7ae8e90\" data-element_type=\"widget\" data-widget_type=\"button.default\">\n\t\t\t\t<div class=\"elementor-widget-container\">\n\t\t\t\t\t\t\t\t\t<div class=\"elementor-button-wrapper\">\n\t\t\t\t\t<a class=\"elementor-button elementor-button-link elementor-size-sm\" href=\"https:\/\/www.klippan-safety.se\/en\/comfort\/\">\n\t\t\t\t\t\t<span class=\"elementor-button-content-wrapper\">\n\t\t\t\t\t\t\t\t\t<span class=\"elementor-button-text\">Read more<\/span>\n\t\t\t\t\t<\/span>\n\t\t\t\t\t<\/a>\n\t\t\t\t<\/div>\n\t\t\t\t\t\t\t\t<\/div>\n\t\t\t\t<\/div>\n\t\t\t\t<\/div>\n\t\t\t\t<\/div>\n\t\t\t\t<\/div>","protected":false},"excerpt":{"rendered":"<p>H\u00f6gt i tak f\u00f6r nya id\u00e9er \u2013 med sikte p\u00e5 effektiv produktion Produktutvecklarna hos Klippan Safety arbetar i n\u00e4ra samr\u00e5d med v\u00e5ra olika kunder. M\u00e5let \u00e4r alltid att utifr\u00e5n behov och \u00f6nskem\u00e5l utveckla produkter som l\u00f6ser uppgiften, men ocks\u00e5 alltid kan produceras effektivt och industriellt \u2013 kostnadseffektivt, med b\u00e4sta m\u00f6jliga kvalitet och monteringstid. Resan fr\u00e5n [&hellip;]<\/p>","protected":false},"author":1,"featured_media":0,"parent":0,"menu_order":0,"comment_status":"closed","ping_status":"closed","template":"","meta":{"footnotes":""},"class_list":["post-318","page","type-page","status-publish","hentry"],"_links":{"self":[{"href":"https:\/\/www.klippan-safety.se\/en\/wp-json\/wp\/v2\/pages\/318","targetHints":{"allow":["GET"]}}],"collection":[{"href":"https:\/\/www.klippan-safety.se\/en\/wp-json\/wp\/v2\/pages"}],"about":[{"href":"https:\/\/www.klippan-safety.se\/en\/wp-json\/wp\/v2\/types\/page"}],"author":[{"embeddable":true,"href":"https:\/\/www.klippan-safety.se\/en\/wp-json\/wp\/v2\/users\/1"}],"replies":[{"embeddable":true,"href":"https:\/\/www.klippan-safety.se\/en\/wp-json\/wp\/v2\/comments?post=318"}],"version-history":[{"count":52,"href":"https:\/\/www.klippan-safety.se\/en\/wp-json\/wp\/v2\/pages\/318\/revisions"}],"predecessor-version":[{"id":1698,"href":"https:\/\/www.klippan-safety.se\/en\/wp-json\/wp\/v2\/pages\/318\/revisions\/1698"}],"wp:attachment":[{"href":"https:\/\/www.klippan-safety.se\/en\/wp-json\/wp\/v2\/media?parent=318"}],"curies":[{"name":"wp","href":"https:\/\/api.w.org\/{rel}","templated":true}]}}