{"id":734,"date":"2024-02-13T20:36:44","date_gmt":"2024-02-13T19:36:44","guid":{"rendered":"http:\/\/klippan-safety.se.loopiadns.com\/?page_id=734"},"modified":"2024-10-16T06:48:49","modified_gmt":"2024-10-16T05:48:49","slug":"passenger-and-transport-vehicles","status":"publish","type":"page","link":"https:\/\/www.klippan-safety.se\/en\/products\/passenger-and-transport-vehicles\/","title":{"rendered":"Passenger cars and vans"},"content":{"rendered":"<div data-elementor-type=\"wp-post\" data-elementor-id=\"734\" class=\"elementor elementor-734\" data-elementor-post-type=\"page\">\n\t\t\t\t<div data-particle_enable=\"false\" data-particle-mobile-disabled=\"false\" class=\"elementor-element elementor-element-5081b8a e-flex e-con-boxed e-con e-parent\" data-id=\"5081b8a\" data-element_type=\"container\" data-settings=\"{&quot;background_background&quot;:&quot;classic&quot;}\">\n\t\t\t\t\t<div class=\"e-con-inner\">\n\t\t\t\t\t<\/div>\n\t\t\t\t<\/div>\n\t\t<div data-particle_enable=\"false\" data-particle-mobile-disabled=\"false\" class=\"elementor-element elementor-element-704f332 e-flex e-con-boxed e-con e-parent\" data-id=\"704f332\" data-element_type=\"container\">\n\t\t\t\t\t<div class=\"e-con-inner\">\n\t\t<div data-particle_enable=\"false\" data-particle-mobile-disabled=\"false\" class=\"elementor-element elementor-element-57a7b40 e-con-full e-flex e-con e-child\" data-id=\"57a7b40\" data-element_type=\"container\">\n\t\t\t\t<div class=\"elementor-element elementor-element-05c52ec elementor-widget elementor-widget-text-editor\" data-id=\"05c52ec\" data-element_type=\"widget\" data-settings=\"{&quot;sticky&quot;:&quot;top&quot;,&quot;sticky_offset&quot;:100,&quot;sticky_parent&quot;:&quot;yes&quot;,&quot;sticky_on&quot;:[&quot;desktop&quot;,&quot;tablet&quot;,&quot;mobile&quot;],&quot;sticky_effects_offset&quot;:0,&quot;sticky_anchor_link_offset&quot;:0}\" data-widget_type=\"text-editor.default\">\n\t\t\t\t<div class=\"elementor-widget-container\">\n\t\t\t\t\t\t\t\t\t<h1><span style=\"color: #374383\"><strong>Passenger cars and vans<\/strong><\/span><\/h1><p>At Klippan Safety, we develop and manufacture a variety of products for cars, vans and light trucks. The range consists of flooring systems, load securing barriers, cargo racks, mesh pockets, load securing systems, seat belts, straps, accessories and much more.<\/p>\t\t\t\t\t\t\t\t<\/div>\n\t\t\t\t<\/div>\n\t\t\t\t<\/div>\n\t\t<div data-particle_enable=\"false\" data-particle-mobile-disabled=\"false\" class=\"elementor-element elementor-element-b9ab348 e-con-full e-flex e-con e-child\" data-id=\"b9ab348\" data-element_type=\"container\">\n\t\t\t\t<div class=\"elementor-element elementor-element-18a10fb elementor-widget elementor-widget-image\" data-id=\"18a10fb\" data-element_type=\"widget\" data-widget_type=\"image.default\">\n\t\t\t\t<div class=\"elementor-widget-container\">\n\t\t\t\t\t\t\t\t\t\t\t\t\t\t\t<img fetchpriority=\"high\" decoding=\"async\" width=\"476\" height=\"239\" src=\"https:\/\/www.klippan-safety.se\/wp-content\/uploads\/2024\/02\/safetycargobarriers.jpg\" class=\"attachment-large size-large wp-image-743\" alt=\"\" srcset=\"https:\/\/www.klippan-safety.se\/wp-content\/uploads\/2024\/02\/safetycargobarriers.jpg 476w, https:\/\/www.klippan-safety.se\/wp-content\/uploads\/2024\/02\/safetycargobarriers-300x151.jpg 300w\" sizes=\"(max-width: 476px) 100vw, 476px\" \/>\t\t\t\t\t\t\t\t\t\t\t\t\t\t\t<\/div>\n\t\t\t\t<\/div>\n\t\t\t\t<div class=\"elementor-element elementor-element-5954b51 elementor-widget elementor-widget-heading\" data-id=\"5954b51\" data-element_type=\"widget\" data-widget_type=\"heading.default\">\n\t\t\t\t<div class=\"elementor-widget-container\">\n\t\t\t\t\t<h5 class=\"elementor-heading-title elementor-size-default\">Safety cargo barriers<\/h5>\t\t\t\t<\/div>\n\t\t\t\t<\/div>\n\t\t\t\t<div class=\"elementor-element elementor-element-234d424 elementor-widget elementor-widget-image\" data-id=\"234d424\" data-element_type=\"widget\" data-widget_type=\"image.default\">\n\t\t\t\t<div class=\"elementor-widget-container\">\n\t\t\t\t\t\t\t\t\t\t\t\t\t\t\t<img decoding=\"async\" width=\"476\" height=\"238\" src=\"https:\/\/www.klippan-safety.se\/wp-content\/uploads\/2024\/02\/cargoorg1.jpg\" class=\"attachment-large size-large wp-image-738\" alt=\"\" srcset=\"https:\/\/www.klippan-safety.se\/wp-content\/uploads\/2024\/02\/cargoorg1.jpg 476w, https:\/\/www.klippan-safety.se\/wp-content\/uploads\/2024\/02\/cargoorg1-300x150.jpg 300w\" sizes=\"(max-width: 476px) 100vw, 476px\" \/>\t\t\t\t\t\t\t\t\t\t\t\t\t\t\t<\/div>\n\t\t\t\t<\/div>\n\t\t\t\t<div class=\"elementor-element elementor-element-5ba4b31 elementor-widget elementor-widget-heading\" data-id=\"5ba4b31\" data-element_type=\"widget\" data-widget_type=\"heading.default\">\n\t\t\t\t<div class=\"elementor-widget-container\">\n\t\t\t\t\t<h5 class=\"elementor-heading-title elementor-size-default\">Cargo shelves<\/h5>\t\t\t\t<\/div>\n\t\t\t\t<\/div>\n\t\t\t\t<div class=\"elementor-element elementor-element-7cf9558 elementor-widget elementor-widget-image\" data-id=\"7cf9558\" data-element_type=\"widget\" data-widget_type=\"image.default\">\n\t\t\t\t<div class=\"elementor-widget-container\">\n\t\t\t\t\t\t\t\t\t\t\t\t\t\t\t<img decoding=\"async\" width=\"476\" height=\"152\" src=\"https:\/\/www.klippan-safety.se\/wp-content\/uploads\/2024\/02\/cargoorg2.jpg\" class=\"attachment-large size-large wp-image-739\" alt=\"\" srcset=\"https:\/\/www.klippan-safety.se\/wp-content\/uploads\/2024\/02\/cargoorg2.jpg 476w, https:\/\/www.klippan-safety.se\/wp-content\/uploads\/2024\/02\/cargoorg2-300x96.jpg 300w\" sizes=\"(max-width: 476px) 100vw, 476px\" \/>\t\t\t\t\t\t\t\t\t\t\t\t\t\t\t<\/div>\n\t\t\t\t<\/div>\n\t\t\t\t<div class=\"elementor-element elementor-element-91a5b71 elementor-widget elementor-widget-image\" data-id=\"91a5b71\" data-element_type=\"widget\" data-widget_type=\"image.default\">\n\t\t\t\t<div class=\"elementor-widget-container\">\n\t\t\t\t\t\t\t\t\t\t\t\t\t\t\t<img loading=\"lazy\" decoding=\"async\" width=\"476\" height=\"299\" src=\"https:\/\/www.klippan-safety.se\/wp-content\/uploads\/2024\/02\/netpockets.jpg\" class=\"attachment-large size-large wp-image-741\" alt=\"\" srcset=\"https:\/\/www.klippan-safety.se\/wp-content\/uploads\/2024\/02\/netpockets.jpg 476w, https:\/\/www.klippan-safety.se\/wp-content\/uploads\/2024\/02\/netpockets-300x188.jpg 300w\" sizes=\"(max-width: 476px) 100vw, 476px\" \/>\t\t\t\t\t\t\t\t\t\t\t\t\t\t\t<\/div>\n\t\t\t\t<\/div>\n\t\t\t\t<div class=\"elementor-element elementor-element-53d91a1 elementor-widget elementor-widget-heading\" data-id=\"53d91a1\" data-element_type=\"widget\" data-widget_type=\"heading.default\">\n\t\t\t\t<div class=\"elementor-widget-container\">\n\t\t\t\t\t<h5 class=\"elementor-heading-title elementor-size-default\">Net pockets<\/h5>\t\t\t\t<\/div>\n\t\t\t\t<\/div>\n\t\t\t\t<div class=\"elementor-element elementor-element-8470e77 elementor-widget elementor-widget-image\" data-id=\"8470e77\" data-element_type=\"widget\" data-widget_type=\"image.default\">\n\t\t\t\t<div class=\"elementor-widget-container\">\n\t\t\t\t\t\t\t\t\t\t\t\t\t\t\t<img loading=\"lazy\" decoding=\"async\" width=\"476\" height=\"261\" src=\"https:\/\/www.klippan-safety.se\/wp-content\/uploads\/2024\/02\/loadretention.jpg\" class=\"attachment-large size-large wp-image-740\" alt=\"\" srcset=\"https:\/\/www.klippan-safety.se\/wp-content\/uploads\/2024\/02\/loadretention.jpg 476w, https:\/\/www.klippan-safety.se\/wp-content\/uploads\/2024\/02\/loadretention-300x164.jpg 300w\" sizes=\"(max-width: 476px) 100vw, 476px\" \/>\t\t\t\t\t\t\t\t\t\t\t\t\t\t\t<\/div>\n\t\t\t\t<\/div>\n\t\t\t\t<div class=\"elementor-element elementor-element-402d52d elementor-widget elementor-widget-heading\" data-id=\"402d52d\" data-element_type=\"widget\" data-widget_type=\"heading.default\">\n\t\t\t\t<div class=\"elementor-widget-container\">\n\t\t\t\t\t<h5 class=\"elementor-heading-title elementor-size-default\">Load retention systems<\/h5>\t\t\t\t<\/div>\n\t\t\t\t<\/div>\n\t\t\t\t<div class=\"elementor-element elementor-element-4e9ab30 elementor-widget elementor-widget-image\" data-id=\"4e9ab30\" data-element_type=\"widget\" data-widget_type=\"image.default\">\n\t\t\t\t<div class=\"elementor-widget-container\">\n\t\t\t\t\t\t\t\t\t\t\t\t\t\t\t<img loading=\"lazy\" decoding=\"async\" width=\"476\" height=\"238\" src=\"https:\/\/www.klippan-safety.se\/wp-content\/uploads\/2024\/02\/safetybelts.jpg\" class=\"attachment-large size-large wp-image-742\" alt=\"\" srcset=\"https:\/\/www.klippan-safety.se\/wp-content\/uploads\/2024\/02\/safetybelts.jpg 476w, https:\/\/www.klippan-safety.se\/wp-content\/uploads\/2024\/02\/safetybelts-300x150.jpg 300w\" sizes=\"(max-width: 476px) 100vw, 476px\" \/>\t\t\t\t\t\t\t\t\t\t\t\t\t\t\t<\/div>\n\t\t\t\t<\/div>\n\t\t\t\t<div class=\"elementor-element elementor-element-83d6de5 elementor-widget elementor-widget-heading\" data-id=\"83d6de5\" data-element_type=\"widget\" data-widget_type=\"heading.default\">\n\t\t\t\t<div class=\"elementor-widget-container\">\n\t\t\t\t\t<h5 class=\"elementor-heading-title elementor-size-default\">S\u00e4kerhetsb\u00e4lten<\/h5>\t\t\t\t<\/div>\n\t\t\t\t<\/div>\n\t\t\t\t<div class=\"elementor-element elementor-element-b4071f6 elementor-widget elementor-widget-image\" data-id=\"b4071f6\" data-element_type=\"widget\" data-widget_type=\"image.default\">\n\t\t\t\t<div class=\"elementor-widget-container\">\n\t\t\t\t\t\t\t\t\t\t\t\t\t\t\t<img loading=\"lazy\" decoding=\"async\" width=\"476\" height=\"239\" src=\"https:\/\/www.klippan-safety.se\/wp-content\/uploads\/2024\/02\/straps2.jpg\" class=\"attachment-large size-large wp-image-744\" alt=\"\" srcset=\"https:\/\/www.klippan-safety.se\/wp-content\/uploads\/2024\/02\/straps2.jpg 476w, https:\/\/www.klippan-safety.se\/wp-content\/uploads\/2024\/02\/straps2-300x151.jpg 300w\" sizes=\"(max-width: 476px) 100vw, 476px\" \/>\t\t\t\t\t\t\t\t\t\t\t\t\t\t\t<\/div>\n\t\t\t\t<\/div>\n\t\t\t\t<div class=\"elementor-element elementor-element-5ff70b2 elementor-widget elementor-widget-heading\" data-id=\"5ff70b2\" data-element_type=\"widget\" data-widget_type=\"heading.default\">\n\t\t\t\t<div class=\"elementor-widget-container\">\n\t\t\t\t\t<h5 class=\"elementor-heading-title elementor-size-default\">Straps<\/h5>\t\t\t\t<\/div>\n\t\t\t\t<\/div>\n\t\t\t\t<div class=\"elementor-element elementor-element-fa388d3 elementor-widget elementor-widget-image\" data-id=\"fa388d3\" data-element_type=\"widget\" data-widget_type=\"image.default\">\n\t\t\t\t<div class=\"elementor-widget-container\">\n\t\t\t\t\t\t\t\t\t\t\t\t\t\t\t<img loading=\"lazy\" decoding=\"async\" width=\"476\" height=\"372\" src=\"https:\/\/www.klippan-safety.se\/wp-content\/uploads\/2024\/02\/accessories.jpg\" class=\"attachment-large size-large wp-image-737\" alt=\"\" srcset=\"https:\/\/www.klippan-safety.se\/wp-content\/uploads\/2024\/02\/accessories.jpg 476w, https:\/\/www.klippan-safety.se\/wp-content\/uploads\/2024\/02\/accessories-300x234.jpg 300w\" sizes=\"(max-width: 476px) 100vw, 476px\" \/>\t\t\t\t\t\t\t\t\t\t\t\t\t\t\t<\/div>\n\t\t\t\t<\/div>\n\t\t\t\t<div class=\"elementor-element elementor-element-051f75f elementor-widget elementor-widget-heading\" data-id=\"051f75f\" data-element_type=\"widget\" data-widget_type=\"heading.default\">\n\t\t\t\t<div class=\"elementor-widget-container\">\n\t\t\t\t\t<h5 class=\"elementor-heading-title elementor-size-default\">Accessories<\/h5>\t\t\t\t<\/div>\n\t\t\t\t<\/div>\n\t\t\t\t<\/div>\n\t\t\t\t\t<\/div>\n\t\t\t\t<\/div>\n\t\t<div data-particle_enable=\"false\" data-particle-mobile-disabled=\"false\" class=\"elementor-element elementor-element-a079c24 e-con-full e-flex e-con e-parent\" data-id=\"a079c24\" data-element_type=\"container\">\n\t\t<div data-particle_enable=\"false\" data-particle-mobile-disabled=\"false\" class=\"elementor-element elementor-element-edb949e e-con-full e-flex e-con e-child\" data-id=\"edb949e\" data-element_type=\"container\" data-settings=\"{&quot;background_background&quot;:&quot;classic&quot;}\">\n\t\t\t\t<div class=\"elementor-element elementor-element-68e4a65 elementor-widget elementor-widget-heading\" data-id=\"68e4a65\" data-element_type=\"widget\" data-widget_type=\"heading.default\">\n\t\t\t\t<div class=\"elementor-widget-container\">\n\t\t\t\t\t<h2 class=\"elementor-heading-title elementor-size-default\">SAFETY<\/h2>\t\t\t\t<\/div>\n\t\t\t\t<\/div>\n\t\t\t\t<div class=\"elementor-element elementor-element-500adbd elementor-widget elementor-widget-button\" data-id=\"500adbd\" data-element_type=\"widget\" data-widget_type=\"button.default\">\n\t\t\t\t<div class=\"elementor-widget-container\">\n\t\t\t\t\t\t\t\t\t<div class=\"elementor-button-wrapper\">\n\t\t\t\t\t<a class=\"elementor-button elementor-button-link elementor-size-sm\" href=\"https:\/\/www.klippan-safety.se\/en\/security\/\">\n\t\t\t\t\t\t<span class=\"elementor-button-content-wrapper\">\n\t\t\t\t\t\t\t\t\t<span class=\"elementor-button-text\">Read more<\/span>\n\t\t\t\t\t<\/span>\n\t\t\t\t\t<\/a>\n\t\t\t\t<\/div>\n\t\t\t\t\t\t\t\t<\/div>\n\t\t\t\t<\/div>\n\t\t\t\t<\/div>\n\t\t<div data-particle_enable=\"false\" data-particle-mobile-disabled=\"false\" class=\"elementor-element elementor-element-b01f56a e-con-full e-flex e-con e-child\" data-id=\"b01f56a\" data-element_type=\"container\" data-settings=\"{&quot;background_background&quot;:&quot;classic&quot;}\">\n\t\t\t\t<div class=\"elementor-element elementor-element-56cbc4a elementor-widget elementor-widget-heading\" data-id=\"56cbc4a\" data-element_type=\"widget\" data-widget_type=\"heading.default\">\n\t\t\t\t<div class=\"elementor-widget-container\">\n\t\t\t\t\t<h2 class=\"elementor-heading-title elementor-size-default\">COMFORT<\/h2>\t\t\t\t<\/div>\n\t\t\t\t<\/div>\n\t\t\t\t<div class=\"elementor-element elementor-element-4bd8296 elementor-widget elementor-widget-button\" data-id=\"4bd8296\" data-element_type=\"widget\" data-widget_type=\"button.default\">\n\t\t\t\t<div class=\"elementor-widget-container\">\n\t\t\t\t\t\t\t\t\t<div class=\"elementor-button-wrapper\">\n\t\t\t\t\t<a class=\"elementor-button elementor-button-link elementor-size-sm\" href=\"https:\/\/www.klippan-safety.se\/en\/comfort\/\">\n\t\t\t\t\t\t<span class=\"elementor-button-content-wrapper\">\n\t\t\t\t\t\t\t\t\t<span class=\"elementor-button-text\">Read more<\/span>\n\t\t\t\t\t<\/span>\n\t\t\t\t\t<\/a>\n\t\t\t\t<\/div>\n\t\t\t\t\t\t\t\t<\/div>\n\t\t\t\t<\/div>\n\t\t\t\t<\/div>\n\t\t<div data-particle_enable=\"false\" data-particle-mobile-disabled=\"false\" class=\"elementor-element elementor-element-a62c1d6 e-con-full e-flex e-con e-child\" data-id=\"a62c1d6\" data-element_type=\"container\" data-settings=\"{&quot;background_background&quot;:&quot;classic&quot;}\">\n\t\t\t\t<div class=\"elementor-element elementor-element-16bcb13 elementor-widget elementor-widget-heading\" data-id=\"16bcb13\" data-element_type=\"widget\" data-widget_type=\"heading.default\">\n\t\t\t\t<div class=\"elementor-widget-container\">\n\t\t\t\t\t<h2 class=\"elementor-heading-title elementor-size-default\">DEVELOPMENT<\/h2>\t\t\t\t<\/div>\n\t\t\t\t<\/div>\n\t\t\t\t<div class=\"elementor-element elementor-element-a2c0e15 elementor-widget elementor-widget-button\" data-id=\"a2c0e15\" data-element_type=\"widget\" data-widget_type=\"button.default\">\n\t\t\t\t<div class=\"elementor-widget-container\">\n\t\t\t\t\t\t\t\t\t<div class=\"elementor-button-wrapper\">\n\t\t\t\t\t<a class=\"elementor-button elementor-button-link elementor-size-sm\" href=\"https:\/\/www.klippan-safety.se\/en\/development\/\">\n\t\t\t\t\t\t<span class=\"elementor-button-content-wrapper\">\n\t\t\t\t\t\t\t\t\t<span class=\"elementor-button-text\">Read more<\/span>\n\t\t\t\t\t<\/span>\n\t\t\t\t\t<\/a>\n\t\t\t\t<\/div>\n\t\t\t\t\t\t\t\t<\/div>\n\t\t\t\t<\/div>\n\t\t\t\t<\/div>\n\t\t\t\t<\/div>\n\t\t\t\t<\/div>","protected":false},"excerpt":{"rendered":"<p>Person- och transportbilar P\u00e5 Klippan Safety utvecklar och tillverkar vi en m\u00e4ngd olika produkter f\u00f6r bilar, sk\u00e5pbilar och l\u00e4tta lastbilar. Sortimentet best\u00e5r av golvsystem, lasts\u00e4kerhetsbarri\u00e4rer, lasthyllor, n\u00e4tfickor, lasts\u00e4kringssystem, s\u00e4kerhetsb\u00e4lten, remmar, tillbeh\u00f6r och mycket mer. Lasts\u00e4kerhetsbarri\u00e4rer Lasthyllor N\u00e4tfickor Lasts\u00e4kringssystem S\u00e4kerhetsb\u00e4lten Remmar Tillbeh\u00f6r S\u00c4KERHET L\u00e4s mer KOMFORT L\u00e4s mer UTVECKLING L\u00e4s mer<\/p>","protected":false},"author":1,"featured_media":0,"parent":431,"menu_order":0,"comment_status":"closed","ping_status":"closed","template":"","meta":{"footnotes":""},"class_list":["post-734","page","type-page","status-publish","hentry"],"_links":{"self":[{"href":"https:\/\/www.klippan-safety.se\/en\/wp-json\/wp\/v2\/pages\/734","targetHints":{"allow":["GET"]}}],"collection":[{"href":"https:\/\/www.klippan-safety.se\/en\/wp-json\/wp\/v2\/pages"}],"about":[{"href":"https:\/\/www.klippan-safety.se\/en\/wp-json\/wp\/v2\/types\/page"}],"author":[{"embeddable":true,"href":"https:\/\/www.klippan-safety.se\/en\/wp-json\/wp\/v2\/users\/1"}],"replies":[{"embeddable":true,"href":"https:\/\/www.klippan-safety.se\/en\/wp-json\/wp\/v2\/comments?post=734"}],"version-history":[{"count":43,"href":"https:\/\/www.klippan-safety.se\/en\/wp-json\/wp\/v2\/pages\/734\/revisions"}],"predecessor-version":[{"id":1704,"href":"https:\/\/www.klippan-safety.se\/en\/wp-json\/wp\/v2\/pages\/734\/revisions\/1704"}],"up":[{"embeddable":true,"href":"https:\/\/www.klippan-safety.se\/en\/wp-json\/wp\/v2\/pages\/431"}],"wp:attachment":[{"href":"https:\/\/www.klippan-safety.se\/en\/wp-json\/wp\/v2\/media?parent=734"}],"curies":[{"name":"wp","href":"https:\/\/api.w.org\/{rel}","templated":true}]}}