{"id":920,"date":"2024-02-19T14:47:49","date_gmt":"2024-02-19T13:47:49","guid":{"rendered":"http:\/\/klippan-safety.se.loopiadns.com\/?page_id=920"},"modified":"2026-03-04T09:44:53","modified_gmt":"2026-03-04T08:44:53","slug":"spontanansokan","status":"publish","type":"page","link":"https:\/\/www.klippan-safety.se\/en\/career\/spontanansokan\/","title":{"rendered":"Spontanans\u00f6kan"},"content":{"rendered":"<div data-elementor-type=\"wp-post\" data-elementor-id=\"920\" class=\"elementor elementor-920\" data-elementor-post-type=\"page\">\n\t\t\t\t<div data-particle_enable=\"false\" data-particle-mobile-disabled=\"false\" class=\"elementor-element elementor-element-5081b8a e-flex e-con-boxed e-con e-parent\" data-id=\"5081b8a\" data-element_type=\"container\" data-settings=\"{&quot;background_background&quot;:&quot;classic&quot;}\">\n\t\t\t\t\t<div class=\"e-con-inner\">\n\t\t\t\t\t<\/div>\n\t\t\t\t<\/div>\n\t\t<div data-particle_enable=\"false\" data-particle-mobile-disabled=\"false\" class=\"elementor-element elementor-element-fc1e577 e-flex e-con-boxed e-con e-parent\" data-id=\"fc1e577\" data-element_type=\"container\">\n\t\t\t\t\t<div class=\"e-con-inner\">\n\t\t<div data-particle_enable=\"false\" data-particle-mobile-disabled=\"false\" class=\"elementor-element elementor-element-d82ad5f e-con-full e-flex e-con e-child\" data-id=\"d82ad5f\" data-element_type=\"container\">\n\t\t\t\t<div class=\"elementor-element elementor-element-c8d0678 elementor-widget elementor-widget-heading\" data-id=\"c8d0678\" data-element_type=\"widget\" data-widget_type=\"heading.default\">\n\t\t\t\t<div class=\"elementor-widget-container\">\n\t\t\t\t\t<h2 class=\"elementor-heading-title elementor-size-default\">Spontanans\u00f6kan<\/h2>\t\t\t\t<\/div>\n\t\t\t\t<\/div>\n\t\t\t\t<div class=\"elementor-element elementor-element-aa32f01 elementor-widget elementor-widget-heading\" data-id=\"aa32f01\" data-element_type=\"widget\" data-widget_type=\"heading.default\">\n\t\t\t\t<div class=\"elementor-widget-container\">\n\t\t\t\t\t<h1 class=\"elementor-heading-title elementor-size-default\">PRODUKTIONSMEDARBETARE \/ MONT\u00d6R<\/h1>\t\t\t\t<\/div>\n\t\t\t\t<\/div>\n\t\t\t\t<div class=\"elementor-element elementor-element-56d435b elementor-widget__width-initial elementor-widget elementor-widget-text-editor\" data-id=\"56d435b\" data-element_type=\"widget\" data-widget_type=\"text-editor.default\">\n\t\t\t\t<div class=\"elementor-widget-container\">\n\t\t\t\t\t\t\t\t\t<p>Vi anst\u00e4ller medarbetare i produktionen med (o)j\u00e4mna mellanrum och vill d\u00e4rf\u00f6r g\u00e4rna att du som \u00e4r intresserad av att arbeta som mont\u00f6r hos oss p\u00e5 Klippan Safety skickar in en ans\u00f6kan.<\/p>\t\t\t\t\t\t\t\t<\/div>\n\t\t\t\t<\/div>\n\t\t\t\t<\/div>\n\t\t\t\t\t<\/div>\n\t\t\t\t<\/div>\n\t\t<div data-particle_enable=\"false\" data-particle-mobile-disabled=\"false\" class=\"elementor-element elementor-element-bb0a614 e-flex e-con-boxed e-con e-parent\" data-id=\"bb0a614\" data-element_type=\"container\" data-settings=\"{&quot;background_background&quot;:&quot;classic&quot;}\">\n\t\t\t\t\t<div class=\"e-con-inner\">\n\t\t<div data-particle_enable=\"false\" data-particle-mobile-disabled=\"false\" class=\"elementor-element elementor-element-b10964b e-con-full e-flex e-con e-child\" data-id=\"b10964b\" data-element_type=\"container\">\n\t\t\t\t<div class=\"elementor-element elementor-element-e05b5b3 elementor-widget elementor-widget-text-editor\" data-id=\"e05b5b3\" data-element_type=\"widget\" data-widget_type=\"text-editor.default\">\n\t\t\t\t<div class=\"elementor-widget-container\">\n\t\t\t\t\t\t\t\t\t<div class=\"page\" title=\"Page 1\"><div class=\"layoutArea\"><div class=\"column\"><p><strong>Om tja\u0308nsten<\/strong><\/p><p>Vi so\u0308ker dig som a\u0308r intresserad av att jobba inom produktion och som monto\u0308r. Det ska vara lika sja\u0308lvklart fo\u0308r dig som fo\u0308r oss att ha\u0308lsa, sa\u0308kerhet och kvalitet a\u0308r tre viktiga ledord i ditt arbetet. I arbetsuppgifterna inga\u030ar montering av produkter som anva\u0308nds inom fordonsindustrin. Flera av va\u030ara produkter monteras pa\u030a linje da\u0308r du go\u0308r ett av flera moment och da\u0308r man roterar bland de olika arbetsstationerna med ja\u0308mna mellanrum.<\/p><p>Arbetet a\u0308r fo\u0308rlagt till vardagar och dagtid.<br \/>Vi arbetar 8,5h ma\u030andagar &#8211; torsdagar och 6h pa\u030a fredagar.<\/p><\/div><div class=\"page\" title=\"Page 1\"><div class=\"layoutArea\"><div class=\"column\"><p><strong>Om dig<\/strong><\/p><p>Vi so\u0308ker dig som tar ett stort ansvar fo\u0308r dina arbetsuppgifter och a\u0308r en god arbetskamrat. Du a\u0308r du noggrann och effektiv och har inget emot repetitivt arbete. Du trivs med att arbeta ba\u030ade sja\u0308lvsta\u0308ndig och i grupp. Dessutom a\u0308r du en positiv och glad person. Det a\u0308r viktigt att du har ett bra tal och en god fo\u0308rsta\u030aelse i svenska spra\u030aket, da\u030a vi har ho\u0308ga kvalitetskrav och dokumenterade arbetsinstruktioner som ma\u030aste fo\u0308ljas.<\/p><p>Det a\u0308r meriterande med tidigare arbetslivserfarenhet inom produktion.<\/p><p><strong>Vid fra\u030agor, kontakta:<\/strong><br \/>HR-Manager via <a href=\"mailto:career@klippan-safety.se\">career@klippan-safety.se<\/a><\/p><\/div><\/div><\/div><\/div><\/div>\t\t\t\t\t\t\t\t<\/div>\n\t\t\t\t<\/div>\n\t\t\t\t<\/div>\n\t\t<div data-particle_enable=\"false\" data-particle-mobile-disabled=\"false\" class=\"elementor-element elementor-element-1efce47 e-con-full e-flex e-con e-child\" data-id=\"1efce47\" data-element_type=\"container\">\n\t\t\t\t<div class=\"elementor-element elementor-element-d81e5d8 elementor-widget elementor-widget-heading\" data-id=\"d81e5d8\" data-element_type=\"widget\" data-widget_type=\"heading.default\">\n\t\t\t\t<div class=\"elementor-widget-container\">\n\t\t\t\t\t<h3 class=\"elementor-heading-title elementor-size-default\">Fyll i dina uppgifter h\u00e4r! <\/h3>\t\t\t\t<\/div>\n\t\t\t\t<\/div>\n\t\t\t\t<div class=\"elementor-element elementor-element-809908b elementor-button-align-stretch elementor-widget elementor-widget-form\" data-id=\"809908b\" data-element_type=\"widget\" data-settings=\"{&quot;step_next_label&quot;:&quot;N\\u00e4sta&quot;,&quot;step_previous_label&quot;:&quot;F\\u00f6reg\\u00e5ende&quot;,&quot;button_width&quot;:&quot;100&quot;,&quot;step_type&quot;:&quot;number_text&quot;,&quot;step_icon_shape&quot;:&quot;circle&quot;}\" data-widget_type=\"form.default\">\n\t\t\t\t<div class=\"elementor-widget-container\">\n\t\t\t\t\t\t\t<form class=\"elementor-form\" method=\"post\" name=\"Karri\u00e4r - produktionsmedarbetare\" aria-label=\"Karri\u00e4r - produktionsmedarbetare\" action=\"\">\n\t\t\t<input type=\"hidden\" name=\"post_id\" value=\"920\"\/>\n\t\t\t<input type=\"hidden\" name=\"form_id\" value=\"809908b\"\/>\n\t\t\t<input type=\"hidden\" name=\"referer_title\" value=\"\" \/>\n\n\t\t\t\n\t\t\t<div class=\"elementor-form-fields-wrapper elementor-labels-\">\n\t\t\t\t\t\t\t\t<div class=\"elementor-field-type-text elementor-field-group elementor-column elementor-field-group-name elementor-col-100\">\n\t\t\t\t\t\t\t\t\t\t\t\t<label for=\"form-field-name\" class=\"elementor-field-label elementor-screen-only\">\n\t\t\t\t\t\t\t\tNamn\t\t\t\t\t\t\t<\/label>\n\t\t\t\t\t\t\t\t\t\t\t\t\t\t<input size=\"1\" type=\"text\" name=\"form_fields[name]\" id=\"form-field-name\" class=\"elementor-field elementor-size-sm  elementor-field-textual\" placeholder=\"Namn\">\n\t\t\t\t\t\t\t\t\t\t\t<\/div>\n\t\t\t\t\t\t\t\t<div class=\"elementor-field-type-text elementor-field-group elementor-column elementor-field-group-field_0a640e8 elementor-col-100\">\n\t\t\t\t\t\t\t\t\t\t\t\t<label for=\"form-field-field_0a640e8\" class=\"elementor-field-label elementor-screen-only\">\n\t\t\t\t\t\t\t\tTelefon\t\t\t\t\t\t\t<\/label>\n\t\t\t\t\t\t\t\t\t\t\t\t\t\t<input size=\"1\" type=\"text\" name=\"form_fields[field_0a640e8]\" id=\"form-field-field_0a640e8\" class=\"elementor-field elementor-size-sm  elementor-field-textual\" placeholder=\"Telefon\">\n\t\t\t\t\t\t\t\t\t\t\t<\/div>\n\t\t\t\t\t\t\t\t<div class=\"elementor-field-type-email elementor-field-group elementor-column elementor-field-group-email elementor-col-100 elementor-field-required\">\n\t\t\t\t\t\t\t\t\t\t\t\t<label for=\"form-field-email\" class=\"elementor-field-label elementor-screen-only\">\n\t\t\t\t\t\t\t\tE-post\t\t\t\t\t\t\t<\/label>\n\t\t\t\t\t\t\t\t\t\t\t\t\t\t<input size=\"1\" type=\"email\" name=\"form_fields[email]\" id=\"form-field-email\" class=\"elementor-field elementor-size-sm  elementor-field-textual\" placeholder=\"E-post\" required=\"required\">\n\t\t\t\t\t\t\t\t\t\t\t<\/div>\n\t\t\t\t\t\t\t\t<div class=\"elementor-field-type-html elementor-field-group elementor-column elementor-field-group-field_cb84b01 elementor-col-100\">\n\t\t\t\t\tLadda upp ditt CV och\/eller ett personligt brev (pdf, doc, docx)\t\t\t\t<\/div>\n\t\t\t\t\t\t\t\t<div class=\"elementor-field-type-upload elementor-field-group elementor-column elementor-field-group-field_8122dc6 elementor-col-100 elementor-field-required\">\n\t\t\t\t\t\t\t\t\t\t\t\t<label for=\"form-field-field_8122dc6\" class=\"elementor-field-label elementor-screen-only\">\n\t\t\t\t\t\t\t\tCV\t\t\t\t\t\t\t<\/label>\n\t\t\t\t\t\t\t\t<input type=\"file\" name=\"form_fields[field_8122dc6][]\" id=\"form-field-field_8122dc6\" class=\"elementor-field elementor-size-sm  elementor-upload-field\" required=\"required\" multiple=\"multiple\">\n\n\t\t\t\t\t\t<\/div>\n\t\t\t\t\t\t\t\t<div class=\"elementor-field-type-textarea elementor-field-group elementor-column elementor-field-group-message elementor-col-100\">\n\t\t\t\t\t\t\t\t\t\t\t\t<label for=\"form-field-message\" class=\"elementor-field-label elementor-screen-only\">\n\t\t\t\t\t\t\t\tMeddelande\t\t\t\t\t\t\t<\/label>\n\t\t\t\t\t\t<textarea class=\"elementor-field-textual elementor-field  elementor-size-sm\" name=\"form_fields[message]\" id=\"form-field-message\" rows=\"4\" placeholder=\"Meddelande\"><\/textarea>\t\t\t\t<\/div>\n\t\t\t\t\t\t\t\t<div class=\"elementor-field-type-acceptance elementor-field-group elementor-column elementor-field-group-field_a16bc4c elementor-col-100\">\n\t\t\t\t\t\t\t\t\t\t\t\t<label for=\"form-field-field_a16bc4c\" class=\"elementor-field-label elementor-screen-only\">\n\t\t\t\t\t\t\t\tGodk\u00e4nnande\t\t\t\t\t\t\t<\/label>\n\t\t\t\t\t\t\t\t<div class=\"elementor-field-subgroup\">\n\t\t\t<span class=\"elementor-field-option\">\n\t\t\t\t<input type=\"checkbox\" name=\"form_fields[field_a16bc4c]\" id=\"form-field-field_a16bc4c\" class=\"elementor-field elementor-size-sm  elementor-acceptance-field\" checked=\"checked\">\n\t\t\t\t<label for=\"form-field-field_a16bc4c\">Jag har l\u00e4st och godk\u00e4nner <a href=\"https:\/\/www.klippan-safety.se\/en\/privacy-policy\/\"><font color=\"000000\">integritetspolicyn<\/font><\/a><\/label>\t\t\t<\/span>\n\t\t<\/div>\n\t\t\t\t\t\t<\/div>\n\t\t\t\t\t\t\t\t<div class=\"elementor-field-type-recaptcha_v3 elementor-field-group elementor-column elementor-field-group-field_dfc9029 elementor-col-100 recaptcha_v3-bottomright\">\n\t\t\t\t\t<div class=\"elementor-field\" id=\"form-field-field_dfc9029\"><div class=\"elementor-g-recaptcha\" data-sitekey=\"6LeaY08qAAAAAG5LHFD_6ElbC3TxkRhWCDwLEPeQ\" data-type=\"v3\" data-action=\"Form\" data-badge=\"bottomright\" data-size=\"invisible\"><\/div><\/div>\t\t\t\t<\/div>\n\t\t\t\t\t\t\t\t<div class=\"elementor-field-group elementor-column elementor-field-type-submit elementor-col-100 e-form__buttons\">\n\t\t\t\t\t<button class=\"elementor-button elementor-size-sm\" type=\"submit\">\n\t\t\t\t\t\t<span class=\"elementor-button-content-wrapper\">\n\t\t\t\t\t\t\t\t\t\t\t\t\t\t\t\t\t\t\t\t\t\t<span class=\"elementor-button-text\">Skicka<\/span>\n\t\t\t\t\t\t\t\t\t\t\t\t\t<\/span>\n\t\t\t\t\t<\/button>\n\t\t\t\t<\/div>\n\t\t\t<\/div>\n\t\t<input type=\"hidden\" name=\"trp-form-language\" value=\"en\"\/><\/form>\n\t\t\t\t\t\t<\/div>\n\t\t\t\t<\/div>\n\t\t\t\t<\/div>\n\t\t\t\t\t<\/div>\n\t\t\t\t<\/div>\n\t\t<div data-particle_enable=\"false\" data-particle-mobile-disabled=\"false\" class=\"elementor-element elementor-element-711e90a e-con-full e-flex e-con e-parent\" data-id=\"711e90a\" data-element_type=\"container\">\n\t\t<div data-particle_enable=\"false\" data-particle-mobile-disabled=\"false\" class=\"elementor-element elementor-element-029ff7e e-con-full e-flex e-con e-child\" data-id=\"029ff7e\" data-element_type=\"container\" data-settings=\"{&quot;background_background&quot;:&quot;classic&quot;}\">\n\t\t\t\t<div class=\"elementor-element elementor-element-1ea2430 elementor-widget elementor-widget-heading\" data-id=\"1ea2430\" data-element_type=\"widget\" data-widget_type=\"heading.default\">\n\t\t\t\t<div class=\"elementor-widget-container\">\n\t\t\t\t\t<h2 class=\"elementor-heading-title elementor-size-default\">SAFETY<\/h2>\t\t\t\t<\/div>\n\t\t\t\t<\/div>\n\t\t\t\t<div class=\"elementor-element elementor-element-253a6c0 elementor-widget elementor-widget-button\" data-id=\"253a6c0\" data-element_type=\"widget\" data-widget_type=\"button.default\">\n\t\t\t\t<div class=\"elementor-widget-container\">\n\t\t\t\t\t\t\t\t\t<div class=\"elementor-button-wrapper\">\n\t\t\t\t\t<a class=\"elementor-button elementor-button-link elementor-size-sm\" href=\"https:\/\/www.klippan-safety.se\/en\/security\/\">\n\t\t\t\t\t\t<span class=\"elementor-button-content-wrapper\">\n\t\t\t\t\t\t\t\t\t<span class=\"elementor-button-text\">Read more<\/span>\n\t\t\t\t\t<\/span>\n\t\t\t\t\t<\/a>\n\t\t\t\t<\/div>\n\t\t\t\t\t\t\t\t<\/div>\n\t\t\t\t<\/div>\n\t\t\t\t<\/div>\n\t\t<div data-particle_enable=\"false\" data-particle-mobile-disabled=\"false\" class=\"elementor-element elementor-element-83863ff e-con-full e-flex e-con e-child\" data-id=\"83863ff\" data-element_type=\"container\" data-settings=\"{&quot;background_background&quot;:&quot;classic&quot;}\">\n\t\t\t\t<div class=\"elementor-element elementor-element-97f3f06 elementor-widget elementor-widget-heading\" data-id=\"97f3f06\" data-element_type=\"widget\" data-widget_type=\"heading.default\">\n\t\t\t\t<div class=\"elementor-widget-container\">\n\t\t\t\t\t<h2 class=\"elementor-heading-title elementor-size-default\">COMFORT<\/h2>\t\t\t\t<\/div>\n\t\t\t\t<\/div>\n\t\t\t\t<div class=\"elementor-element elementor-element-1382b30 elementor-widget elementor-widget-button\" data-id=\"1382b30\" data-element_type=\"widget\" data-widget_type=\"button.default\">\n\t\t\t\t<div class=\"elementor-widget-container\">\n\t\t\t\t\t\t\t\t\t<div class=\"elementor-button-wrapper\">\n\t\t\t\t\t<a class=\"elementor-button elementor-button-link elementor-size-sm\" href=\"https:\/\/www.klippan-safety.se\/en\/komfort-2\/\">\n\t\t\t\t\t\t<span class=\"elementor-button-content-wrapper\">\n\t\t\t\t\t\t\t\t\t<span class=\"elementor-button-text\">Read more<\/span>\n\t\t\t\t\t<\/span>\n\t\t\t\t\t<\/a>\n\t\t\t\t<\/div>\n\t\t\t\t\t\t\t\t<\/div>\n\t\t\t\t<\/div>\n\t\t\t\t<\/div>\n\t\t<div data-particle_enable=\"false\" data-particle-mobile-disabled=\"false\" class=\"elementor-element elementor-element-25a9e5e e-con-full e-flex e-con e-child\" data-id=\"25a9e5e\" data-element_type=\"container\" data-settings=\"{&quot;background_background&quot;:&quot;classic&quot;}\">\n\t\t\t\t<div class=\"elementor-element elementor-element-155cb63 elementor-widget elementor-widget-heading\" data-id=\"155cb63\" data-element_type=\"widget\" data-widget_type=\"heading.default\">\n\t\t\t\t<div class=\"elementor-widget-container\">\n\t\t\t\t\t<h2 class=\"elementor-heading-title elementor-size-default\">DEVELOPMENT<\/h2>\t\t\t\t<\/div>\n\t\t\t\t<\/div>\n\t\t\t\t<div class=\"elementor-element elementor-element-ed3465a elementor-widget elementor-widget-button\" data-id=\"ed3465a\" data-element_type=\"widget\" data-widget_type=\"button.default\">\n\t\t\t\t<div class=\"elementor-widget-container\">\n\t\t\t\t\t\t\t\t\t<div class=\"elementor-button-wrapper\">\n\t\t\t\t\t<a class=\"elementor-button elementor-button-link elementor-size-sm\" href=\"https:\/\/www.klippan-safety.se\/en\/development\/\">\n\t\t\t\t\t\t<span class=\"elementor-button-content-wrapper\">\n\t\t\t\t\t\t\t\t\t<span class=\"elementor-button-text\">Read more<\/span>\n\t\t\t\t\t<\/span>\n\t\t\t\t\t<\/a>\n\t\t\t\t<\/div>\n\t\t\t\t\t\t\t\t<\/div>\n\t\t\t\t<\/div>\n\t\t\t\t<\/div>\n\t\t\t\t<\/div>\n\t\t\t\t<\/div>","protected":false},"excerpt":{"rendered":"<p>Spontanans\u00f6kan PRODUKTIONSMEDARBETARE \/ MONT\u00d6R Vi anst\u00e4ller medarbetare i produktionen med (o)j\u00e4mna mellanrum och vill d\u00e4rf\u00f6r g\u00e4rna att du som \u00e4r intresserad av att arbeta som mont\u00f6r hos oss p\u00e5 Klippan Safety skickar in en ans\u00f6kan. Om tja\u0308nsten Vi so\u0308ker dig som a\u0308r intresserad av att jobba inom produktion och som monto\u0308r. Det ska vara lika [&hellip;]<\/p>","protected":false},"author":1,"featured_media":0,"parent":488,"menu_order":0,"comment_status":"closed","ping_status":"closed","template":"","meta":{"footnotes":""},"class_list":["post-920","page","type-page","status-publish","hentry"],"_links":{"self":[{"href":"https:\/\/www.klippan-safety.se\/en\/wp-json\/wp\/v2\/pages\/920","targetHints":{"allow":["GET"]}}],"collection":[{"href":"https:\/\/www.klippan-safety.se\/en\/wp-json\/wp\/v2\/pages"}],"about":[{"href":"https:\/\/www.klippan-safety.se\/en\/wp-json\/wp\/v2\/types\/page"}],"author":[{"embeddable":true,"href":"https:\/\/www.klippan-safety.se\/en\/wp-json\/wp\/v2\/users\/1"}],"replies":[{"embeddable":true,"href":"https:\/\/www.klippan-safety.se\/en\/wp-json\/wp\/v2\/comments?post=920"}],"version-history":[{"count":28,"href":"https:\/\/www.klippan-safety.se\/en\/wp-json\/wp\/v2\/pages\/920\/revisions"}],"predecessor-version":[{"id":1898,"href":"https:\/\/www.klippan-safety.se\/en\/wp-json\/wp\/v2\/pages\/920\/revisions\/1898"}],"up":[{"embeddable":true,"href":"https:\/\/www.klippan-safety.se\/en\/wp-json\/wp\/v2\/pages\/488"}],"wp:attachment":[{"href":"https:\/\/www.klippan-safety.se\/en\/wp-json\/wp\/v2\/media?parent=920"}],"curies":[{"name":"wp","href":"https:\/\/api.w.org\/{rel}","templated":true}]}}