{"id":270,"date":"2023-12-18T16:26:37","date_gmt":"2023-12-18T15:26:37","guid":{"rendered":"http:\/\/klippan-safety.se.loopiadns.com\/?page_id=270"},"modified":"2024-10-16T06:46:36","modified_gmt":"2024-10-16T05:46:36","slug":"bezpieczenstwo","status":"publish","type":"page","link":"https:\/\/www.klippan-safety.se\/pl\/bezpieczenstwo\/","title":{"rendered":"Bezpiecze\u0144stwo"},"content":{"rendered":"<div data-elementor-type=\"wp-post\" data-elementor-id=\"270\" class=\"elementor elementor-270\" data-elementor-post-type=\"page\">\n\t\t\t\t<div data-particle_enable=\"false\" data-particle-mobile-disabled=\"false\" class=\"elementor-element elementor-element-5081b8a e-flex e-con-boxed e-con e-parent\" data-id=\"5081b8a\" data-element_type=\"container\" data-settings=\"{&quot;background_background&quot;:&quot;classic&quot;}\">\n\t\t\t\t\t<div class=\"e-con-inner\">\n\t\t\t\t\t<\/div>\n\t\t\t\t<\/div>\n\t\t<div data-particle_enable=\"false\" data-particle-mobile-disabled=\"false\" class=\"elementor-element elementor-element-fc1e577 e-flex e-con-boxed e-con e-parent\" data-id=\"fc1e577\" data-element_type=\"container\">\n\t\t\t\t\t<div class=\"e-con-inner\">\n\t\t<div data-particle_enable=\"false\" data-particle-mobile-disabled=\"false\" class=\"elementor-element elementor-element-d82ad5f e-con-full e-flex e-con e-child\" data-id=\"d82ad5f\" data-element_type=\"container\">\n\t\t\t\t<div class=\"elementor-element elementor-element-aa32f01 elementor-widget elementor-widget-heading\" data-id=\"aa32f01\" data-element_type=\"widget\" data-widget_type=\"heading.default\">\n\t\t\t\t<div class=\"elementor-widget-container\">\n\t\t\t\t\t<h1 class=\"elementor-heading-title elementor-size-default\">Bezpiecze\u0144stwo przede wszystkim<\/h1>\t\t\t\t<\/div>\n\t\t\t\t<\/div>\n\t\t\t\t<div class=\"elementor-element elementor-element-56d435b elementor-widget elementor-widget-text-editor\" data-id=\"56d435b\" data-element_type=\"widget\" data-widget_type=\"text-editor.default\">\n\t\t\t\t<div class=\"elementor-widget-container\">\n\t\t\t\t\t\t\t\t\t<p>Aby m\u00f3c zwi\u0119ksza\u0107 odporno\u015b\u0107 pojazd\u00f3w w przypadku zderze\u0144 oraz zapewni\u0107 bezpiecze\u0144stwo osobom w ich wn\u0119trzu i pobli\u017cu, niezb\u0119dna jest odpowiednia wiedza, do\u015bwiadczenie oraz precyzja.<\/p><p>Od ponad 50. lat Klippan Safety opracowuje rozwi\u0105zania maj\u0105ce na celu zwi\u0119kszy\u0107 bezpiecze\u0144stwo w ruchu drogowym. W efekcie opracowywania nowych produkt\u00f3w oraz materia\u0142\u00f3w, a tak\u017ce zainwestowania w nasz w\u0142asny tor do test\u00f3w zderzeniowych, mamy sta\u0142\u0105 mo\u017cliwo\u015b\u0107 testowania naszych rozwi\u0105za\u0144 oraz produkt\u00f3w w warunkach jak najbardziej zbli\u017conych do rzeczywistych.<\/p><p>Bezpiecze\u0144stwo to rosn\u0105cy na znaczeniu aspekt w oczach dzisiejszego przemys\u0142u motoryzacyjnego. Dzi\u0119ki istotnemu do\u015bwiadczeniu oraz aktualnym produktom, jeste\u015bmy liderami bezpiecze\u0144stwa. To w\u0142a\u015bnie dzi\u0119ki temu produkty Klippan Safety dost\u0119pne s\u0105 na drogach ca\u0142ego \u015bwiata.<\/p>\t\t\t\t\t\t\t\t<\/div>\n\t\t\t\t<\/div>\n\t\t\t\t<\/div>\n\t\t\t\t\t<\/div>\n\t\t\t\t<\/div>\n\t\t<div data-particle_enable=\"false\" data-particle-mobile-disabled=\"false\" class=\"elementor-element elementor-element-56cc0b1 e-flex e-con-boxed e-con e-parent\" data-id=\"56cc0b1\" data-element_type=\"container\" data-settings=\"{&quot;background_background&quot;:&quot;classic&quot;}\">\n\t\t\t\t\t<div class=\"e-con-inner\">\n\t\t<div data-particle_enable=\"false\" data-particle-mobile-disabled=\"false\" class=\"elementor-element elementor-element-3a17dbd e-con-full e-flex e-con e-child\" data-id=\"3a17dbd\" data-element_type=\"container\">\n\t\t\t\t<div class=\"elementor-element elementor-element-c076011 elementor-widget elementor-widget-heading\" data-id=\"c076011\" data-element_type=\"widget\" data-widget_type=\"heading.default\">\n\t\t\t\t<div class=\"elementor-widget-container\">\n\t\t\t\t\t<h1 class=\"elementor-heading-title elementor-size-default\">Czy produkt jest adekwatny do reali\u00f3w?<br>\nOdpowiedzi\u0105 jest tor do test\u00f3w zderzeniowych.<\/h1>\t\t\t\t<\/div>\n\t\t\t\t<\/div>\n\t\t\t\t<div class=\"elementor-element elementor-element-32bef4e elementor-widget elementor-widget-text-editor\" data-id=\"32bef4e\" data-element_type=\"widget\" data-widget_type=\"text-editor.default\">\n\t\t\t\t<div class=\"elementor-widget-container\">\n\t\t\t\t\t\t\t\t\t<p>Bezpiecze\u0144stwo oraz specyfika wypadk\u00f3w to niezwykle wa\u017cne i rosn\u0105ce na znaczeniu tematy w przemy\u015ble motoryzacyjnym. <br \/>Dlatego przez d\u0142ugi czas starali\u015bmy si\u0119 o nasz w\u0142asny tor do test\u00f3w zderzeniowych. Mo\u017cliwo\u015b\u0107 szybkiego, \u0142atwego oraz wewn\u0119trznego badania rozwi\u0105za\u0144 produktowych oraz projekt\u00f3w wzgl\u0119dem rzeczywisto\u015bci stanowi doskona\u0142e \u017ar\u00f3d\u0142o wiedzy.<\/p>\t\t\t\t\t\t\t\t<\/div>\n\t\t\t\t<\/div>\n\t\t\t\t<\/div>\n\t\t<div data-particle_enable=\"false\" data-particle-mobile-disabled=\"false\" class=\"elementor-element elementor-element-79c3511 e-flex e-con-boxed e-con e-child\" data-id=\"79c3511\" data-element_type=\"container\" data-settings=\"{&quot;background_background&quot;:&quot;slideshow&quot;,&quot;background_slideshow_gallery&quot;:[],&quot;background_slideshow_loop&quot;:&quot;yes&quot;,&quot;background_slideshow_slide_duration&quot;:5000,&quot;background_slideshow_slide_transition&quot;:&quot;fade&quot;,&quot;background_slideshow_transition_duration&quot;:500}\">\n\t\t\t\t\t<div class=\"e-con-inner\">\n\t\t\t\t\t<\/div>\n\t\t\t\t<\/div>\n\t\t\t\t\t<\/div>\n\t\t\t\t<\/div>\n\t\t<div data-particle_enable=\"false\" data-particle-mobile-disabled=\"false\" class=\"elementor-element elementor-element-f5deffb e-flex e-con-boxed e-con e-parent\" data-id=\"f5deffb\" data-element_type=\"container\" data-settings=\"{&quot;background_background&quot;:&quot;classic&quot;}\">\n\t\t\t\t\t<div class=\"e-con-inner\">\n\t\t<div data-particle_enable=\"false\" data-particle-mobile-disabled=\"false\" class=\"elementor-element elementor-element-6486fb1 e-con-full e-flex e-con e-child\" data-id=\"6486fb1\" data-element_type=\"container\">\n\t\t\t\t<div class=\"elementor-element elementor-element-d16d3dc elementor-widget elementor-widget-text-editor\" data-id=\"d16d3dc\" data-element_type=\"widget\" data-widget_type=\"text-editor.default\">\n\t\t\t\t<div class=\"elementor-widget-container\">\n\t\t\t\t\t\t\t\t\t<p>Tor do test\u00f3w zderzeniowych zapewnia nam mo\u017cliwo\u015b\u0107 opracowywania coraz lepszych produkt\u00f3w, tym samym zmniejszaj\u0105c zagro\u017cenia w transporcie. To centrum kompetencyjne ds. technologii bezpiecze\u0144stwa nie s\u0142u\u017cy jedynie do wewn\u0119trznych projekt\u00f3w rozwojowych Klippan Safety, ale r\u00f3wnie\u017c pozwala na oferowanie funkcji zewn\u0119trznego dostawcy bada\u0144 i technologii dla podmiot\u00f3w zainteresowanych takimi us\u0142ugami.<\/p><p>Korzystaj\u0105c z toru do test\u00f3w zderzeniowych, jeste\u015bmy w stanie przetestowa\u0107 zjawiska wyst\u0119puj\u0105ce w sytuacji zderzenia pojazd\u00f3w ze sob\u0105 lub z przeszkodami , przy przeci\u0105\u017ceniu ponad 50 g. Tor obs\u0142ugiwany jest przez do\u015bwiadczonych in\u017cynier\u00f3w, posiadaj\u0105cych obszern\u0105 wiedz\u0119 z zakresu test\u00f3w zderzeniowych oraz symulacji wypadk\u00f3w. Klippan Safety przeprowadza zar\u00f3wno badania statyczne jak i dynamiczne, jednocze\u015bnie spe\u0142niaj\u0105c wymogi prawa i klienta.<\/p>\t\t\t\t\t\t\t\t<\/div>\n\t\t\t\t<\/div>\n\t\t\t\t<\/div>\n\t\t<div data-particle_enable=\"false\" data-particle-mobile-disabled=\"false\" class=\"elementor-element elementor-element-1555232 e-con-full e-flex e-con e-child\" data-id=\"1555232\" data-element_type=\"container\">\n\t\t\t\t<div class=\"elementor-element elementor-element-7681523 elementor-widget elementor-widget-text-editor\" data-id=\"7681523\" data-element_type=\"widget\" data-widget_type=\"text-editor.default\">\n\t\t\t\t<div class=\"elementor-widget-container\">\n\t\t\t\t\t\t\t\t\t<p>Podstaw\u0105 toru do test\u00f3w zderzeniowych s\u0105 uniwersalnie montowana platforma, a przyspieszenie zapewnia zestaw ta\u015bm oporowych. Platform\u0119 spowalnia plastyczna deformacja stalowych pr\u0119t\u00f3w, co zapewnia precyzyjn\u0105 regulacj\u0119 impulsu zderzeniowego. Pocz\u0105tkowa pr\u0119dko\u015b\u0107 uderzenia oraz krzywa hamowania mo\u017ce by\u0107 dostosowana do ka\u017cdego obci\u0105\u017cenia i sytuacji zderzeniowej, dzi\u0119ki czemu uzyska\u0107 mo\u017cna precyzyjny i dok\u0142adny impuls zderzeniowy.<\/p><p><span style=\"color: #2d4188\"><a style=\"color: #2d4188\" href=\"https:\/\/www.klippan-safety.se\/wp-content\/uploads\/2024\/01\/crashtesting.pdf\">Testy zderzeniowe w Klippan Safety (PDF)<\/a><\/span><\/p>\t\t\t\t\t\t\t\t<\/div>\n\t\t\t\t<\/div>\n\t\t\t\t<\/div>\n\t\t\t\t\t<\/div>\n\t\t\t\t<\/div>\n\t\t<div data-particle_enable=\"false\" data-particle-mobile-disabled=\"false\" class=\"elementor-element elementor-element-4d681ea e-flex e-con-boxed e-con e-parent\" data-id=\"4d681ea\" data-element_type=\"container\" data-settings=\"{&quot;background_background&quot;:&quot;classic&quot;}\">\n\t\t\t\t\t<div class=\"e-con-inner\">\n\t\t<div data-particle_enable=\"false\" data-particle-mobile-disabled=\"false\" class=\"elementor-element elementor-element-f5154e0 e-con-full e-flex e-con e-child\" data-id=\"f5154e0\" data-element_type=\"container\">\n\t\t\t\t<div class=\"elementor-element elementor-element-29d0584 elementor-widget elementor-widget-heading\" data-id=\"29d0584\" data-element_type=\"widget\" data-widget_type=\"heading.default\">\n\t\t\t\t<div class=\"elementor-widget-container\">\n\t\t\t\t\t<h2 class=\"elementor-heading-title elementor-size-default\">SPECYFIKACJA<\/h2>\t\t\t\t<\/div>\n\t\t\t\t<\/div>\n\t\t\t\t<div class=\"elementor-element elementor-element-3e20384 elementor-widget elementor-widget-text-editor\" data-id=\"3e20384\" data-element_type=\"widget\" data-widget_type=\"text-editor.default\">\n\t\t\t\t<div class=\"elementor-widget-container\">\n\t\t\t\t\t\t\t\t\t<p style=\"text-align: center\">D\u0142ugo\u015b\u0107 toru: 30 m<\/p><p style=\"text-align: center\">Rodzaj hamulca: \"Gi\u0119ty pr\u0119t\"<\/p><p style=\"text-align: center\">Kamera szybkostrzelna (1,000 klatek na sekund\u0119)<\/p><p style=\"text-align: center\">R\u00f3\u017cne parametry ogniw obci\u0105\u017cnikowych<\/p>\t\t\t\t\t\t\t\t<\/div>\n\t\t\t\t<\/div>\n\t\t\t\t<\/div>\n\t\t<div data-particle_enable=\"false\" data-particle-mobile-disabled=\"false\" class=\"elementor-element elementor-element-76c3b60 e-flex e-con-boxed e-con e-child\" data-id=\"76c3b60\" data-element_type=\"container\" data-settings=\"{&quot;background_background&quot;:&quot;slideshow&quot;,&quot;background_slideshow_gallery&quot;:[],&quot;background_slideshow_loop&quot;:&quot;yes&quot;,&quot;background_slideshow_slide_duration&quot;:5000,&quot;background_slideshow_slide_transition&quot;:&quot;fade&quot;,&quot;background_slideshow_transition_duration&quot;:500}\">\n\t\t\t\t\t<div class=\"e-con-inner\">\n\t\t\t\t<div class=\"elementor-element elementor-element-07e580b elementor-widget elementor-widget-heading\" data-id=\"07e580b\" data-element_type=\"widget\" data-widget_type=\"heading.default\">\n\t\t\t\t<div class=\"elementor-widget-container\">\n\t\t\t\t\t<h2 class=\"elementor-heading-title elementor-size-default\">DANE RZECZYWISTE (w zale\u017cno\u015bci od impulsu zderzeniowego)<\/h2>\t\t\t\t<\/div>\n\t\t\t\t<\/div>\n\t\t\t\t<div class=\"elementor-element elementor-element-e17f09d elementor-widget elementor-widget-text-editor\" data-id=\"e17f09d\" data-element_type=\"widget\" data-widget_type=\"text-editor.default\">\n\t\t\t\t<div class=\"elementor-widget-container\">\n\t\t\t\t\t\t\t\t\t<p style=\"text-align: center\">Ud\u017awig platformy (w tym armatura): do 500 kg<\/p><p style=\"text-align: center\">Pr\u0119dko\u015b\u0107: do 50 km\/h<\/p><p style=\"text-align: center\">Przeci\u0105\u017cenie: do 50 g<\/p><p style=\"text-align: center\">Impulsy zderzeniowe zgodnie z UN ECE R16, UN ECE R17 lub wymogami klienta<\/p>\t\t\t\t\t\t\t\t<\/div>\n\t\t\t\t<\/div>\n\t\t\t\t\t<\/div>\n\t\t\t\t<\/div>\n\t\t\t\t\t<\/div>\n\t\t\t\t<\/div>\n\t\t<div data-particle_enable=\"false\" data-particle-mobile-disabled=\"false\" class=\"elementor-element elementor-element-5cb9f30 e-con-full e-flex e-con e-parent\" data-id=\"5cb9f30\" data-element_type=\"container\">\n\t\t<div data-particle_enable=\"false\" data-particle-mobile-disabled=\"false\" class=\"elementor-element elementor-element-37ff14f e-con-full e-flex e-con e-child\" data-id=\"37ff14f\" data-element_type=\"container\" data-settings=\"{&quot;background_background&quot;:&quot;classic&quot;}\">\n\t\t\t\t<div class=\"elementor-element elementor-element-d7592b9 elementor-widget elementor-widget-heading\" data-id=\"d7592b9\" data-element_type=\"widget\" data-widget_type=\"heading.default\">\n\t\t\t\t<div class=\"elementor-widget-container\">\n\t\t\t\t\t<h2 class=\"elementor-heading-title elementor-size-default\">KOMFORT<\/h2>\t\t\t\t<\/div>\n\t\t\t\t<\/div>\n\t\t\t\t<div class=\"elementor-element elementor-element-c1da1ac elementor-widget elementor-widget-button\" data-id=\"c1da1ac\" data-element_type=\"widget\" data-widget_type=\"button.default\">\n\t\t\t\t<div class=\"elementor-widget-container\">\n\t\t\t\t\t\t\t\t\t<div class=\"elementor-button-wrapper\">\n\t\t\t\t\t<a class=\"elementor-button elementor-button-link elementor-size-sm\" href=\"https:\/\/www.klippan-safety.se\/pl\/komfort\/\">\n\t\t\t\t\t\t<span class=\"elementor-button-content-wrapper\">\n\t\t\t\t\t\t\t\t\t<span class=\"elementor-button-text\">Czytaj wi\u0119cej<\/span>\n\t\t\t\t\t<\/span>\n\t\t\t\t\t<\/a>\n\t\t\t\t<\/div>\n\t\t\t\t\t\t\t\t<\/div>\n\t\t\t\t<\/div>\n\t\t\t\t<\/div>\n\t\t<div data-particle_enable=\"false\" data-particle-mobile-disabled=\"false\" class=\"elementor-element elementor-element-41d2aa4 e-con-full e-flex e-con e-child\" data-id=\"41d2aa4\" data-element_type=\"container\" data-settings=\"{&quot;background_background&quot;:&quot;classic&quot;}\">\n\t\t\t\t<div class=\"elementor-element elementor-element-72cb022 elementor-widget elementor-widget-heading\" data-id=\"72cb022\" data-element_type=\"widget\" data-widget_type=\"heading.default\">\n\t\t\t\t<div class=\"elementor-widget-container\">\n\t\t\t\t\t<h2 class=\"elementor-heading-title elementor-size-default\">ROZW\u00d3J<\/h2>\t\t\t\t<\/div>\n\t\t\t\t<\/div>\n\t\t\t\t<div class=\"elementor-element elementor-element-7ae8e90 elementor-widget elementor-widget-button\" data-id=\"7ae8e90\" data-element_type=\"widget\" data-widget_type=\"button.default\">\n\t\t\t\t<div class=\"elementor-widget-container\">\n\t\t\t\t\t\t\t\t\t<div class=\"elementor-button-wrapper\">\n\t\t\t\t\t<a class=\"elementor-button elementor-button-link elementor-size-sm\" href=\"https:\/\/www.klippan-safety.se\/pl\/rozwoj\/\">\n\t\t\t\t\t\t<span class=\"elementor-button-content-wrapper\">\n\t\t\t\t\t\t\t\t\t<span class=\"elementor-button-text\">Czytaj wi\u0119cej<\/span>\n\t\t\t\t\t<\/span>\n\t\t\t\t\t<\/a>\n\t\t\t\t<\/div>\n\t\t\t\t\t\t\t\t<\/div>\n\t\t\t\t<\/div>\n\t\t\t\t<\/div>\n\t\t\t\t<\/div>\n\t\t\t\t<\/div>","protected":false},"excerpt":{"rendered":"<p>S\u00e4kerheten kommer alltid f\u00f6rst F\u00f6r att skapa fordon med b\u00e4ttre krockegenskaper och f\u00f6r att g\u00f6ra livet i och kring v\u00e5ra fordon s\u00e4krare kr\u00e4vs kunskap, erfarenhet och noggrannhet. Klippan Safety har under mer \u00e4n ett halvt sekel arbetat med att g\u00f6ra v\u00e4gtrafiken s\u00e4krare. Vi har utvecklat nya produkter och material och \u00e4ven satsat p\u00e5 en egen [&hellip;]<\/p>","protected":false},"author":1,"featured_media":0,"parent":0,"menu_order":0,"comment_status":"closed","ping_status":"closed","template":"","meta":{"footnotes":""},"class_list":["post-270","page","type-page","status-publish","hentry"],"_links":{"self":[{"href":"https:\/\/www.klippan-safety.se\/pl\/wp-json\/wp\/v2\/pages\/270","targetHints":{"allow":["GET"]}}],"collection":[{"href":"https:\/\/www.klippan-safety.se\/pl\/wp-json\/wp\/v2\/pages"}],"about":[{"href":"https:\/\/www.klippan-safety.se\/pl\/wp-json\/wp\/v2\/types\/page"}],"author":[{"embeddable":true,"href":"https:\/\/www.klippan-safety.se\/pl\/wp-json\/wp\/v2\/users\/1"}],"replies":[{"embeddable":true,"href":"https:\/\/www.klippan-safety.se\/pl\/wp-json\/wp\/v2\/comments?post=270"}],"version-history":[{"count":79,"href":"https:\/\/www.klippan-safety.se\/pl\/wp-json\/wp\/v2\/pages\/270\/revisions"}],"predecessor-version":[{"id":1695,"href":"https:\/\/www.klippan-safety.se\/pl\/wp-json\/wp\/v2\/pages\/270\/revisions\/1695"}],"wp:attachment":[{"href":"https:\/\/www.klippan-safety.se\/pl\/wp-json\/wp\/v2\/media?parent=270"}],"curies":[{"name":"wp","href":"https:\/\/api.w.org\/{rel}","templated":true}]}}