{"id":318,"date":"2023-12-18T17:19:28","date_gmt":"2023-12-18T16:19:28","guid":{"rendered":"http:\/\/klippan-safety.se.loopiadns.com\/?page_id=318"},"modified":"2024-10-16T06:47:36","modified_gmt":"2024-10-16T05:47:36","slug":"rozwoj","status":"publish","type":"page","link":"https:\/\/www.klippan-safety.se\/pl\/rozwoj\/","title":{"rendered":"Rozw\u00f3j"},"content":{"rendered":"<div data-elementor-type=\"wp-post\" data-elementor-id=\"318\" class=\"elementor elementor-318\" data-elementor-post-type=\"page\">\n\t\t\t\t<div data-particle_enable=\"false\" data-particle-mobile-disabled=\"false\" class=\"elementor-element elementor-element-5081b8a e-flex e-con-boxed e-con e-parent\" data-id=\"5081b8a\" data-element_type=\"container\" data-settings=\"{&quot;background_background&quot;:&quot;classic&quot;}\">\n\t\t\t\t\t<div class=\"e-con-inner\">\n\t\t\t\t\t<\/div>\n\t\t\t\t<\/div>\n\t\t<div data-particle_enable=\"false\" data-particle-mobile-disabled=\"false\" class=\"elementor-element elementor-element-fc1e577 e-flex e-con-boxed e-con e-parent\" data-id=\"fc1e577\" data-element_type=\"container\">\n\t\t\t\t\t<div class=\"e-con-inner\">\n\t\t<div data-particle_enable=\"false\" data-particle-mobile-disabled=\"false\" class=\"elementor-element elementor-element-d82ad5f e-con-full e-flex e-con e-child\" data-id=\"d82ad5f\" data-element_type=\"container\">\n\t\t\t\t<div class=\"elementor-element elementor-element-aa32f01 elementor-widget elementor-widget-heading\" data-id=\"aa32f01\" data-element_type=\"widget\" data-widget_type=\"heading.default\">\n\t\t\t\t<div class=\"elementor-widget-container\">\n\t\t\t\t\t<h1 class=\"elementor-heading-title elementor-size-default\">Wysoko zawieszona poprzeczka dla nowych rozwi\u0105za\u0144 \u2013 z my\u015bl\u0105 o wydajnej produkcji\n<\/h1>\t\t\t\t<\/div>\n\t\t\t\t<\/div>\n\t\t\t\t<div class=\"elementor-element elementor-element-56d435b elementor-widget elementor-widget-text-editor\" data-id=\"56d435b\" data-element_type=\"widget\" data-widget_type=\"text-editor.default\">\n\t\t\t\t<div class=\"elementor-widget-container\">\n\t\t\t\t\t\t\t\t\t<p>Specjali\u015bci do spraw rozwoju produktu w Klippan Safety prowadz\u0105 \u015bcis\u0142\u0105 wsp\u00f3\u0142prac\u0119 z naszymi klientami. Naszym celem jest opracowywanie produkt\u00f3w, kt\u00f3re b\u0119d\u0105 spe\u0142nia\u0107 swoje zadanie, w oparciu o potrzeby i preferencje klient\u00f3w, kt\u00f3re b\u0119d\u0105 produkowane wydajnie oraz przemys\u0142owo \u2013 op\u0142acalnie, przy zachowaniu mo\u017cliwie jak najlepszej jako\u015bci oraz czasu monta\u017cu.<\/p>\t\t\t\t\t\t\t\t<\/div>\n\t\t\t\t<\/div>\n\t\t\t\t<\/div>\n\t\t\t\t\t<\/div>\n\t\t\t\t<\/div>\n\t\t<div data-particle_enable=\"false\" data-particle-mobile-disabled=\"false\" class=\"elementor-element elementor-element-56cc0b1 e-flex e-con-boxed e-con e-parent\" data-id=\"56cc0b1\" data-element_type=\"container\" data-settings=\"{&quot;background_background&quot;:&quot;classic&quot;}\">\n\t\t\t\t\t<div class=\"e-con-inner\">\n\t\t<div data-particle_enable=\"false\" data-particle-mobile-disabled=\"false\" class=\"elementor-element elementor-element-3a17dbd e-con-full e-flex e-con e-child\" data-id=\"3a17dbd\" data-element_type=\"container\">\n\t\t\t\t<div class=\"elementor-element elementor-element-c076011 elementor-widget elementor-widget-heading\" data-id=\"c076011\" data-element_type=\"widget\" data-widget_type=\"heading.default\">\n\t\t\t\t<div class=\"elementor-widget-container\">\n\t\t\t\t\t<h1 class=\"elementor-heading-title elementor-size-default\">Droga od konceptu do wydajnej produkcji<\/h1>\t\t\t\t<\/div>\n\t\t\t\t<\/div>\n\t\t\t\t<div class=\"elementor-element elementor-element-2482e7e elementor-widget elementor-widget-text-editor\" data-id=\"2482e7e\" data-element_type=\"widget\" data-widget_type=\"text-editor.default\">\n\t\t\t\t<div class=\"elementor-widget-container\">\n\t\t\t\t\t\t\t\t\t<div>System zarz\u0105dzania projektem w Klippan Safety to gwarancja spe\u0142nienia cel\u00f3w kosztowych, jako\u015bciowych oraz czasowych.<\/div><div>Dzi\u0119ki naszemu procesowi rozwoju produkt\u00f3w, jeste\u015bmy skutecznym oraz dobrze zorganizowanym partnerem systemowym na ka\u017cdym etapie, pocz\u0105wszy od wst\u0119pnego pomys\u0142u, a sko\u0144czywszy na gotowym projekcie.<\/div>\t\t\t\t\t\t\t\t<\/div>\n\t\t\t\t<\/div>\n\t\t\t\t<\/div>\n\t\t<div data-particle_enable=\"false\" data-particle-mobile-disabled=\"false\" class=\"elementor-element elementor-element-79c3511 e-flex e-con-boxed e-con e-child\" data-id=\"79c3511\" data-element_type=\"container\" data-settings=\"{&quot;background_background&quot;:&quot;slideshow&quot;,&quot;background_slideshow_gallery&quot;:[],&quot;background_slideshow_loop&quot;:&quot;yes&quot;,&quot;background_slideshow_slide_duration&quot;:5000,&quot;background_slideshow_slide_transition&quot;:&quot;fade&quot;,&quot;background_slideshow_transition_duration&quot;:500}\">\n\t\t\t\t\t<div class=\"e-con-inner\">\n\t\t\t\t\t<\/div>\n\t\t\t\t<\/div>\n\t\t\t\t\t<\/div>\n\t\t\t\t<\/div>\n\t\t<div data-particle_enable=\"false\" data-particle-mobile-disabled=\"false\" class=\"elementor-element elementor-element-f244759 e-flex e-con-boxed e-con e-parent\" data-id=\"f244759\" data-element_type=\"container\" data-settings=\"{&quot;background_background&quot;:&quot;classic&quot;}\">\n\t\t\t\t\t<div class=\"e-con-inner\">\n\t\t<div data-particle_enable=\"false\" data-particle-mobile-disabled=\"false\" class=\"elementor-element elementor-element-54e7775 e-con-full e-flex e-con e-child\" data-id=\"54e7775\" data-element_type=\"container\">\n\t\t\t\t<div class=\"elementor-element elementor-element-25e641b elementor-widget elementor-widget-text-editor\" data-id=\"25e641b\" data-element_type=\"widget\" data-widget_type=\"text-editor.default\">\n\t\t\t\t<div class=\"elementor-widget-container\">\n\t\t\t\t\t\t\t\t\t<p>Cz\u0142onkowie naszego do\u015bwiadczonego zespo\u0142u \u015bci\u015ble wsp\u00f3\u0142pracuj\u0105 z r\u00f3\u017cnymi klientami. Rozw\u00f3j cz\u0119sto odbywa si\u0119 w ramach wsp\u00f3lnego rozwi\u0105zania PLM (tj. Zarz\u0105dzania Cyklem \u017bycia Produktu), zdalnie lub na miejscu. W procesie projektowania, zapewnienie jako\u015bci zaczyna si\u0119 na wczesnym etapie przy wykorzystaniu najlepszych narz\u0119dzi CAD, a nast\u0119pnie w ramach dobrych warunk\u00f3w konstrukcji oraz walidacji prototyp\u00f3w. Symulacje CAE s\u0105 stale wykorzystywane na etapie rozwoju celem spe\u0142nienia wymog\u00f3w jako\u015bciowych oraz wytrzyma\u0142o\u015bciowych produktu.<\/p>\t\t\t\t\t\t\t\t<\/div>\n\t\t\t\t<\/div>\n\t\t\t\t<\/div>\n\t\t<div data-particle_enable=\"false\" data-particle-mobile-disabled=\"false\" class=\"elementor-element elementor-element-c80aa9c e-con-full e-flex e-con e-child\" data-id=\"c80aa9c\" data-element_type=\"container\">\n\t\t\t\t<div class=\"elementor-element elementor-element-5e037e1 elementor-widget elementor-widget-text-editor\" data-id=\"5e037e1\" data-element_type=\"widget\" data-widget_type=\"text-editor.default\">\n\t\t\t\t<div class=\"elementor-widget-container\">\n\t\t\t\t\t\t\t\t\t<p>Wiedza dot. CAE, kt\u00f3ra podlega sta\u0142emu pog\u0142\u0119bianiu, znajduje zastosowanie w poni\u017cszych obszarach:<\/p><ul style=\"font-weight: 400\"><li>Obliczenia wytrzyma\u0142o\u015bciowe, obci\u0105\u017cenia statyczne i dynamiczne<\/li><li>Symulacje zderze\u0144 weryfikowane pr\u00f3bami zderzeniowymi na torze<\/li><li>Analizy modalne<\/li><li>Analizy drga\u0144 i wstrz\u0105s\u00f3w<br \/><br \/><\/li><\/ul><p>Nasza zaawansowana prototypownia to \u017ar\u00f3d\u0142o prototyp\u00f3w na etapie rozwoju, pocz\u0105wszy od demonstracji koncepcyjnych po produkcj\u0119 wst\u0119pn\u0105, zawsze z doskona\u0142ym wyko\u0144czeniem. W prototypowni mo\u017cemy zbudowa\u0107 niemal\u017ce dowolne wn\u0119trze pojazdu. Dodatkowo prototypy s\u0105 produkowane przy zapewnieniu kr\u00f3tkiego czasu realizacji oraz wysokiej jako\u015bci, dzi\u0119ki po\u0142\u0105czeniu proces\u00f3w metalowych, produkcji element\u00f3w 3D, tekstyli\u00f3w oraz obr\u00f3bki drewna.<\/p>\t\t\t\t\t\t\t\t<\/div>\n\t\t\t\t<\/div>\n\t\t\t\t<\/div>\n\t\t\t\t\t<\/div>\n\t\t\t\t<\/div>\n\t\t<div data-particle_enable=\"false\" data-particle-mobile-disabled=\"false\" class=\"elementor-element elementor-element-41a298e e-flex e-con-boxed e-con e-parent\" data-id=\"41a298e\" data-element_type=\"container\" data-settings=\"{&quot;background_background&quot;:&quot;classic&quot;}\">\n\t\t\t\t\t<div class=\"e-con-inner\">\n\t\t<div data-particle_enable=\"false\" data-particle-mobile-disabled=\"false\" class=\"elementor-element elementor-element-9b10dc4 e-con-full e-flex e-con e-child\" data-id=\"9b10dc4\" data-element_type=\"container\">\n\t\t\t\t<div class=\"elementor-element elementor-element-9889f3b elementor-widget elementor-widget-heading\" data-id=\"9889f3b\" data-element_type=\"widget\" data-widget_type=\"heading.default\">\n\t\t\t\t<div class=\"elementor-widget-container\">\n\t\t\t\t\t<h1 class=\"elementor-heading-title elementor-size-default\">Jeste\u015bmy specjalistami w zakresie produkcji<\/h1>\t\t\t\t<\/div>\n\t\t\t\t<\/div>\n\t\t\t\t<div class=\"elementor-element elementor-element-1c17992 elementor-widget elementor-widget-text-editor\" data-id=\"1c17992\" data-element_type=\"widget\" data-widget_type=\"text-editor.default\">\n\t\t\t\t<div class=\"elementor-widget-container\">\n\t\t\t\t\t\t\t\t\t<div>Na przestrzeni lat niezmiennie zapewniamy niezr\u00f3wnan\u0105 jako\u015b\u0107 i niezawodno\u015b\u0107. Naszym priorytetem jest brak wad oraz 100-procentowa dok\u0142adno\u015b\u0107 dostaw. To jeden z powod\u00f3w, dla kt\u00f3rych Klippan Safety to konkurencyjny i godny zaufania dostawca systemowy w bran\u017cy o zasi\u0119gu mi\u0119dzynarodowym.<\/div>\t\t\t\t\t\t\t\t<\/div>\n\t\t\t\t<\/div>\n\t\t\t\t<\/div>\n\t\t<div data-particle_enable=\"false\" data-particle-mobile-disabled=\"false\" class=\"elementor-element elementor-element-678e8c4 e-flex e-con-boxed e-con e-child\" data-id=\"678e8c4\" data-element_type=\"container\" data-settings=\"{&quot;background_background&quot;:&quot;slideshow&quot;,&quot;background_slideshow_gallery&quot;:[],&quot;background_slideshow_loop&quot;:&quot;yes&quot;,&quot;background_slideshow_slide_duration&quot;:5000,&quot;background_slideshow_slide_transition&quot;:&quot;fade&quot;,&quot;background_slideshow_transition_duration&quot;:500}\">\n\t\t\t\t\t<div class=\"e-con-inner\">\n\t\t\t\t\t<\/div>\n\t\t\t\t<\/div>\n\t\t\t\t\t<\/div>\n\t\t\t\t<\/div>\n\t\t<div data-particle_enable=\"false\" data-particle-mobile-disabled=\"false\" class=\"elementor-element elementor-element-cf20d11 e-flex e-con-boxed e-con e-parent\" data-id=\"cf20d11\" data-element_type=\"container\" data-settings=\"{&quot;background_background&quot;:&quot;classic&quot;}\">\n\t\t\t\t\t<div class=\"e-con-inner\">\n\t\t<div data-particle_enable=\"false\" data-particle-mobile-disabled=\"false\" class=\"elementor-element elementor-element-2a1a9ff e-con-full e-flex e-con e-child\" data-id=\"2a1a9ff\" data-element_type=\"container\">\n\t\t\t\t<div class=\"elementor-element elementor-element-bc49108 elementor-widget elementor-widget-text-editor\" data-id=\"bc49108\" data-element_type=\"widget\" data-widget_type=\"text-editor.default\">\n\t\t\t\t<div class=\"elementor-widget-container\">\n\t\t\t\t\t\t\t\t\t<p>W procesie rozwoju produktu uczestnicz\u0105 nasi in\u017cynierowie produkcji oraz logistyki, a tak\u017ce zesp\u00f3\u0142 pracownik\u00f3w <span style=\"font-family: var( --e-global-typography-text-font-family ), Sans-serif;text-align: var(--text-align);font-size: 1rem\">produkcyjnych\u00a0<\/span><span style=\"font-family: var( --e-global-typography-text-font-family ), Sans-serif;text-align: var(--text-align);font-size: 1rem\">\u2013 dzi\u0119ki temu wiemy, \u017ce produkt mo\u017ce z powodzeniem wej\u015b\u0107 do etapu produkcji. Produkty podlegaj\u0105 optymalizacji, zapewniaj\u0105c jak najwi\u0119ksz\u0105 oszcz\u0119dno\u015b\u0107 kosztow\u0105, przy jednoczesnej gwarancji najwy\u017cszej jako\u015bci produkcji oraz czasu monta\u017cu. Ju\u017c na wczesnym etapie rozwoju zapewniamy dba\u0142o\u015b\u0107 o bezpiecze\u0144stwo pracy oraz wydajn\u0105 logistyk\u0119. Narz\u0119dzia wykorzystywane do przygotowania wysoce wydajnej jako\u015bci produkcji obejmuj\u0105 DFA (ang. Design For Assembly), przep\u0142ywy Kanban, oraz rozwi\u0105zania Poka-Yoke.<\/span><\/p>\t\t\t\t\t\t\t\t<\/div>\n\t\t\t\t<\/div>\n\t\t\t\t<\/div>\n\t\t<div data-particle_enable=\"false\" data-particle-mobile-disabled=\"false\" class=\"elementor-element elementor-element-69a705c e-con-full e-flex e-con e-child\" data-id=\"69a705c\" data-element_type=\"container\">\n\t\t\t\t<div class=\"elementor-element elementor-element-853f1ca elementor-widget elementor-widget-text-editor\" data-id=\"853f1ca\" data-element_type=\"widget\" data-widget_type=\"text-editor.default\">\n\t\t\t\t<div class=\"elementor-widget-container\">\n\t\t\t\t\t\t\t\t\t<p><span style=\"font-family: var( --e-global-typography-text-font-family ), Sans-serif;text-align: var(--text-align);font-size: 1rem\">Prace rozwojowe trwaj\u0105 nawet po rozpocz\u0119ciu etapu produkcyjnego. Proces ten jest stale usprawniany przez ca\u0142y okres \u017cycia produktu. Zb\u0119dne dzia\u0142ania oraz rozwi\u0105zania s\u0105 eliminowane, a d\u0105\u017cy si\u0119 do sta\u0142ego usprawniania produktywno\u015bci. Jako\u015b\u0107 wzrasta wraz z usuwaniem odpad\u00f3w, a czas produkcyjny oraz inne koszty s\u0105 ograniczane. Zmotywowani i oddani pracownicy oraz podwykonawcy stosuj\u0105 si\u0119 do powy\u017cszych zasad w ramach swoich codziennych obowi\u0105zk\u00f3w.<\/span><\/p>\t\t\t\t\t\t\t\t<\/div>\n\t\t\t\t<\/div>\n\t\t\t\t<\/div>\n\t\t\t\t\t<\/div>\n\t\t\t\t<\/div>\n\t\t<div data-particle_enable=\"false\" data-particle-mobile-disabled=\"false\" class=\"elementor-element elementor-element-5cb9f30 e-con-full e-flex e-con e-parent\" data-id=\"5cb9f30\" data-element_type=\"container\">\n\t\t<div data-particle_enable=\"false\" data-particle-mobile-disabled=\"false\" class=\"elementor-element elementor-element-37ff14f e-con-full e-flex e-con e-child\" data-id=\"37ff14f\" data-element_type=\"container\" data-settings=\"{&quot;background_background&quot;:&quot;classic&quot;}\">\n\t\t\t\t<div class=\"elementor-element elementor-element-d7592b9 elementor-widget elementor-widget-heading\" data-id=\"d7592b9\" data-element_type=\"widget\" data-widget_type=\"heading.default\">\n\t\t\t\t<div class=\"elementor-widget-container\">\n\t\t\t\t\t<h2 class=\"elementor-heading-title elementor-size-default\">BEZPIECZE\u0143STWO<\/h2>\t\t\t\t<\/div>\n\t\t\t\t<\/div>\n\t\t\t\t<div class=\"elementor-element elementor-element-c1da1ac elementor-widget elementor-widget-button\" data-id=\"c1da1ac\" data-element_type=\"widget\" data-widget_type=\"button.default\">\n\t\t\t\t<div class=\"elementor-widget-container\">\n\t\t\t\t\t\t\t\t\t<div class=\"elementor-button-wrapper\">\n\t\t\t\t\t<a class=\"elementor-button elementor-button-link elementor-size-sm\" href=\"https:\/\/www.klippan-safety.se\/pl\/bezpieczenstwo\/\">\n\t\t\t\t\t\t<span class=\"elementor-button-content-wrapper\">\n\t\t\t\t\t\t\t\t\t<span class=\"elementor-button-text\">Czytaj wi\u0119cej<\/span>\n\t\t\t\t\t<\/span>\n\t\t\t\t\t<\/a>\n\t\t\t\t<\/div>\n\t\t\t\t\t\t\t\t<\/div>\n\t\t\t\t<\/div>\n\t\t\t\t<\/div>\n\t\t<div data-particle_enable=\"false\" data-particle-mobile-disabled=\"false\" class=\"elementor-element elementor-element-41d2aa4 e-con-full e-flex e-con e-child\" data-id=\"41d2aa4\" data-element_type=\"container\" data-settings=\"{&quot;background_background&quot;:&quot;classic&quot;}\">\n\t\t\t\t<div class=\"elementor-element elementor-element-72cb022 elementor-widget elementor-widget-heading\" data-id=\"72cb022\" data-element_type=\"widget\" data-widget_type=\"heading.default\">\n\t\t\t\t<div class=\"elementor-widget-container\">\n\t\t\t\t\t<h2 class=\"elementor-heading-title elementor-size-default\">KOMFORT<\/h2>\t\t\t\t<\/div>\n\t\t\t\t<\/div>\n\t\t\t\t<div class=\"elementor-element elementor-element-7ae8e90 elementor-widget elementor-widget-button\" data-id=\"7ae8e90\" data-element_type=\"widget\" data-widget_type=\"button.default\">\n\t\t\t\t<div class=\"elementor-widget-container\">\n\t\t\t\t\t\t\t\t\t<div class=\"elementor-button-wrapper\">\n\t\t\t\t\t<a class=\"elementor-button elementor-button-link elementor-size-sm\" href=\"https:\/\/www.klippan-safety.se\/pl\/komfort\/\">\n\t\t\t\t\t\t<span class=\"elementor-button-content-wrapper\">\n\t\t\t\t\t\t\t\t\t<span class=\"elementor-button-text\">Czytaj wi\u0119cej<\/span>\n\t\t\t\t\t<\/span>\n\t\t\t\t\t<\/a>\n\t\t\t\t<\/div>\n\t\t\t\t\t\t\t\t<\/div>\n\t\t\t\t<\/div>\n\t\t\t\t<\/div>\n\t\t\t\t<\/div>\n\t\t\t\t<\/div>","protected":false},"excerpt":{"rendered":"<p>H\u00f6gt i tak f\u00f6r nya id\u00e9er \u2013 med sikte p\u00e5 effektiv produktion Produktutvecklarna hos Klippan Safety arbetar i n\u00e4ra samr\u00e5d med v\u00e5ra olika kunder. M\u00e5let \u00e4r alltid att utifr\u00e5n behov och \u00f6nskem\u00e5l utveckla produkter som l\u00f6ser uppgiften, men ocks\u00e5 alltid kan produceras effektivt och industriellt \u2013 kostnadseffektivt, med b\u00e4sta m\u00f6jliga kvalitet och monteringstid. Resan fr\u00e5n [&hellip;]<\/p>","protected":false},"author":1,"featured_media":0,"parent":0,"menu_order":0,"comment_status":"closed","ping_status":"closed","template":"","meta":{"footnotes":""},"class_list":["post-318","page","type-page","status-publish","hentry"],"_links":{"self":[{"href":"https:\/\/www.klippan-safety.se\/pl\/wp-json\/wp\/v2\/pages\/318","targetHints":{"allow":["GET"]}}],"collection":[{"href":"https:\/\/www.klippan-safety.se\/pl\/wp-json\/wp\/v2\/pages"}],"about":[{"href":"https:\/\/www.klippan-safety.se\/pl\/wp-json\/wp\/v2\/types\/page"}],"author":[{"embeddable":true,"href":"https:\/\/www.klippan-safety.se\/pl\/wp-json\/wp\/v2\/users\/1"}],"replies":[{"embeddable":true,"href":"https:\/\/www.klippan-safety.se\/pl\/wp-json\/wp\/v2\/comments?post=318"}],"version-history":[{"count":52,"href":"https:\/\/www.klippan-safety.se\/pl\/wp-json\/wp\/v2\/pages\/318\/revisions"}],"predecessor-version":[{"id":1698,"href":"https:\/\/www.klippan-safety.se\/pl\/wp-json\/wp\/v2\/pages\/318\/revisions\/1698"}],"wp:attachment":[{"href":"https:\/\/www.klippan-safety.se\/pl\/wp-json\/wp\/v2\/media?parent=318"}],"curies":[{"name":"wp","href":"https:\/\/api.w.org\/{rel}","templated":true}]}}