{"id":463,"date":"2024-01-23T18:17:00","date_gmt":"2024-01-23T17:17:00","guid":{"rendered":"http:\/\/klippan-safety.se.loopiadns.com\/?page_id=463"},"modified":"2024-10-16T06:50:23","modified_gmt":"2024-10-16T05:50:23","slug":"o-klippan-safety","status":"publish","type":"page","link":"https:\/\/www.klippan-safety.se\/pl\/o-klippan-safety\/","title":{"rendered":"O Klippan Safety"},"content":{"rendered":"<div data-elementor-type=\"wp-post\" data-elementor-id=\"463\" class=\"elementor elementor-463\" data-elementor-post-type=\"page\">\n\t\t\t\t<div data-particle_enable=\"false\" data-particle-mobile-disabled=\"false\" class=\"elementor-element elementor-element-5081b8a e-flex e-con-boxed e-con e-parent\" data-id=\"5081b8a\" data-element_type=\"container\" data-settings=\"{&quot;background_background&quot;:&quot;classic&quot;}\">\n\t\t\t\t\t<div class=\"e-con-inner\">\n\t\t\t\t\t<\/div>\n\t\t\t\t<\/div>\n\t\t<div data-particle_enable=\"false\" data-particle-mobile-disabled=\"false\" class=\"elementor-element elementor-element-fc1e577 e-flex e-con-boxed e-con e-parent\" data-id=\"fc1e577\" data-element_type=\"container\">\n\t\t\t\t\t<div class=\"e-con-inner\">\n\t\t<div data-particle_enable=\"false\" data-particle-mobile-disabled=\"false\" class=\"elementor-element elementor-element-d82ad5f e-con-full e-flex e-con e-child\" data-id=\"d82ad5f\" data-element_type=\"container\">\n\t\t\t\t<div class=\"elementor-element elementor-element-c8d0678 elementor-widget elementor-widget-heading\" data-id=\"c8d0678\" data-element_type=\"widget\" data-widget_type=\"heading.default\">\n\t\t\t\t<div class=\"elementor-widget-container\">\n\t\t\t\t\t<h2 class=\"elementor-heading-title elementor-size-default\">Nasza wizja:<\/h2>\t\t\t\t<\/div>\n\t\t\t\t<\/div>\n\t\t\t\t<div class=\"elementor-element elementor-element-aa32f01 elementor-widget elementor-widget-heading\" data-id=\"aa32f01\" data-element_type=\"widget\" data-widget_type=\"heading.default\">\n\t\t\t\t<div class=\"elementor-widget-container\">\n\t\t\t\t\t<h1 class=\"elementor-heading-title elementor-size-default\">Klippan Safety \u2013 bezpieczny i prosty wyb\u00f3r\n<\/h1>\t\t\t\t<\/div>\n\t\t\t\t<\/div>\n\t\t\t\t<div class=\"elementor-element elementor-element-56d435b elementor-widget elementor-widget-text-editor\" data-id=\"56d435b\" data-element_type=\"widget\" data-widget_type=\"text-editor.default\">\n\t\t\t\t<div class=\"elementor-widget-container\">\n\t\t\t\t\t\t\t\t\t<p>Klippan Safety to systemowy dostawca dla mi\u0119dzynarodowej bran\u017cy motoryzacyjnej, posiadaj\u0105cy szerok\u0105 wiedz\u0119 z zakresu bezpiecze\u0144stwa oraz komfortu.<\/p><p>Bezpiecze\u0144stwo i wygoda w parze z najwy\u017csz\u0105 jako\u015bci\u0105, sta\u0142ym rozwojem, wydajn\u0105 produkcj\u0105 oraz rozs\u0105dnymi kosztami to gwarancja, \u017ce wyb\u00f3r Klippan Safety b\u0119dzie bezpieczny i oczywisty.<\/p><p>Jeste\u015bmy jednym z wiod\u0105cych projektant\u00f3w i producent\u00f3w kompletnych system\u00f3w \u0142\u00f3\u017ckowych oraz schowk\u00f3w, a tak\u017ce wbudowanych zabezpiecze\u0144 \u0142adunku dla kabin ci\u0119\u017car\u00f3wek. Produkcj\u0119 system\u00f3w wewn\u0119trznych w pojazdach ci\u0119\u017carowych uzupe\u0142nia projektowanie oraz produkcja rozwi\u0105za\u0144 do przechowywania, siatek zabezpieczaj\u0105cych oraz pas\u00f3w bezpiecze\u0144stwa dla lekkich pojazd\u00f3w u\u017cytkowych. W ten spos\u00f3b Klippan Safety staje si\u0119 oczywistym wyborem i jednocze\u015bnie mi\u0119dzynarodowym partnerem w kontek\u015bcie dostarczania rozwi\u0105za\u0144 w obszarze bezpiecze\u0144stwa i komfortu.<\/p>\t\t\t\t\t\t\t\t<\/div>\n\t\t\t\t<\/div>\n\t\t\t\t<\/div>\n\t\t\t\t\t<\/div>\n\t\t\t\t<\/div>\n\t\t<div data-particle_enable=\"false\" data-particle-mobile-disabled=\"false\" class=\"elementor-element elementor-element-56cc0b1 e-flex e-con-boxed e-con e-parent\" data-id=\"56cc0b1\" data-element_type=\"container\" data-settings=\"{&quot;background_background&quot;:&quot;classic&quot;}\">\n\t\t\t\t\t<div class=\"e-con-inner\">\n\t\t<div data-particle_enable=\"false\" data-particle-mobile-disabled=\"false\" class=\"elementor-element elementor-element-3a17dbd e-con-full e-flex e-con e-child\" data-id=\"3a17dbd\" data-element_type=\"container\">\n\t\t\t\t<div class=\"elementor-element elementor-element-c076011 elementor-widget elementor-widget-heading\" data-id=\"c076011\" data-element_type=\"widget\" data-widget_type=\"heading.default\">\n\t\t\t\t<div class=\"elementor-widget-container\">\n\t\t\t\t\t<h1 class=\"elementor-heading-title elementor-size-default\">Nasz\u0105 misj\u0105 jest sta\u0142e przewy\u017cszanie oczekiwa\u0144 klient\u00f3w <\/h1>\t\t\t\t<\/div>\n\t\t\t\t<\/div>\n\t\t\t\t<div class=\"elementor-element elementor-element-32bef4e elementor-widget elementor-widget-text-editor\" data-id=\"32bef4e\" data-element_type=\"widget\" data-widget_type=\"text-editor.default\">\n\t\t\t\t<div class=\"elementor-widget-container\">\n\t\t\t\t\t\t\t\t\t<p>Osi\u0105gamy to, anga\u017cuj\u0105c naszych klient\u00f3w na wczesnym etapie procesu rozwoju, zapewniaj\u0105c jednocze\u015bnie op\u0142acaln\u0105 produkcj\u0119 i monta\u017c ko\u0144cowy blisko naszych klient\u00f3w OEM.<br \/>Dzi\u0119ki naszej filozofii odnotowali\u015bmy szybki wzrost od pocz\u0105tku XXI wieku. Posiadamy zak\u0142ady w Szwecji, Niemczech, Polsce i Brazylii.<\/p>\t\t\t\t\t\t\t\t<\/div>\n\t\t\t\t<\/div>\n\t\t\t\t<\/div>\n\t\t<div data-particle_enable=\"false\" data-particle-mobile-disabled=\"false\" class=\"elementor-element elementor-element-79c3511 e-flex e-con-boxed e-con e-child\" data-id=\"79c3511\" data-element_type=\"container\" data-settings=\"{&quot;background_background&quot;:&quot;slideshow&quot;,&quot;background_slideshow_gallery&quot;:[],&quot;background_slideshow_loop&quot;:&quot;yes&quot;,&quot;background_slideshow_slide_duration&quot;:5000,&quot;background_slideshow_slide_transition&quot;:&quot;fade&quot;,&quot;background_slideshow_transition_duration&quot;:500}\">\n\t\t\t\t\t<div class=\"e-con-inner\">\n\t\t\t\t\t<\/div>\n\t\t\t\t<\/div>\n\t\t\t\t\t<\/div>\n\t\t\t\t<\/div>\n\t\t<div data-particle_enable=\"false\" data-particle-mobile-disabled=\"false\" class=\"elementor-element elementor-element-1bde469 e-flex e-con-boxed e-con e-parent\" data-id=\"1bde469\" data-element_type=\"container\" data-settings=\"{&quot;background_background&quot;:&quot;classic&quot;}\">\n\t\t\t\t\t<div class=\"e-con-inner\">\n\t\t<div data-particle_enable=\"false\" data-particle-mobile-disabled=\"false\" class=\"elementor-element elementor-element-385eeb5 e-flex e-con-boxed e-con e-child\" data-id=\"385eeb5\" data-element_type=\"container\" data-settings=\"{&quot;background_background&quot;:&quot;slideshow&quot;,&quot;background_slideshow_gallery&quot;:[],&quot;background_slideshow_loop&quot;:&quot;yes&quot;,&quot;background_slideshow_slide_duration&quot;:5000,&quot;background_slideshow_slide_transition&quot;:&quot;fade&quot;,&quot;background_slideshow_transition_duration&quot;:500}\">\n\t\t\t\t\t<div class=\"e-con-inner\">\n\t\t\t\t\t<\/div>\n\t\t\t\t<\/div>\n\t\t<div data-particle_enable=\"false\" data-particle-mobile-disabled=\"false\" class=\"elementor-element elementor-element-e584cd8 e-con-full e-flex e-con e-child\" data-id=\"e584cd8\" data-element_type=\"container\">\n\t\t\t\t<div class=\"elementor-element elementor-element-1e5dfb5 elementor-widget elementor-widget-heading\" data-id=\"1e5dfb5\" data-element_type=\"widget\" data-widget_type=\"heading.default\">\n\t\t\t\t<div class=\"elementor-widget-container\">\n\t\t\t\t\t<h1 class=\"elementor-heading-title elementor-size-default\">Naszym celem jest zapewnienie, aby Klippan Safety sta\u0142 si\u0119 wysoko cenionym dostawc\u0105...<\/h1>\t\t\t\t<\/div>\n\t\t\t\t<\/div>\n\t\t\t\t<div class=\"elementor-element elementor-element-7bfd355 elementor-widget elementor-widget-text-editor\" data-id=\"7bfd355\" data-element_type=\"widget\" data-widget_type=\"text-editor.default\">\n\t\t\t\t<div class=\"elementor-widget-container\">\n\t\t\t\t\t\t\t\t\t<p>produkt\u00f3w i rozwi\u0105za\u0144, kt\u00f3re sprawi\u0105 \u017ce producenci pojazd\u00f3w b\u0119d\u0105 w stanie zapewni\u0107 najwy\u017cszy poziom bezpiecze\u0144stwa i komfortu osobistego zar\u00f3wno w\u015br\u00f3d kierowc\u00f3w jak i pasa\u017cer\u00f3w.<\/p>\t\t\t\t\t\t\t\t<\/div>\n\t\t\t\t<\/div>\n\t\t\t\t<\/div>\n\t\t\t\t\t<\/div>\n\t\t\t\t<\/div>\n\t\t<div data-particle_enable=\"false\" data-particle-mobile-disabled=\"false\" class=\"elementor-element elementor-element-b2f6fe8 e-flex e-con-boxed e-con e-parent\" data-id=\"b2f6fe8\" data-element_type=\"container\">\n\t\t\t\t\t<div class=\"e-con-inner\">\n\t\t<div data-particle_enable=\"false\" data-particle-mobile-disabled=\"false\" class=\"elementor-element elementor-element-ae17323 e-con-full e-flex e-con e-child\" data-id=\"ae17323\" data-element_type=\"container\" data-settings=\"{&quot;background_background&quot;:&quot;classic&quot;}\">\n\t\t\t\t<div class=\"elementor-element elementor-element-5a74266 elementor-widget elementor-widget-text-editor\" data-id=\"5a74266\" data-element_type=\"widget\" data-settings=\"{&quot;sticky&quot;:&quot;top&quot;,&quot;sticky_offset&quot;:150,&quot;sticky_parent&quot;:&quot;yes&quot;,&quot;sticky_on&quot;:[&quot;desktop&quot;,&quot;tablet&quot;,&quot;mobile&quot;],&quot;sticky_effects_offset&quot;:0,&quot;sticky_anchor_link_offset&quot;:0}\" data-widget_type=\"text-editor.default\">\n\t\t\t\t<div class=\"elementor-widget-container\">\n\t\t\t\t\t\t\t\t\t<h1><span style=\"color: #3d93b8\"><strong>Historia<\/strong><\/span><\/h1><p style=\"font-weight: 400\">Klippan Safety AB oraz jej sp\u00f3\u0142ki zale\u017cne stanowi\u0105 dzi\u015b cz\u0119\u015b\u0107 <a href=\"https:\/\/www.calixklippan.com\" target=\"_blank\" rel=\"noopener\">CalixKlippan AB<\/a>, b\u0119d\u0105cej w posiadaniu Bark Invest AB.<\/p>\t\t\t\t\t\t\t\t<\/div>\n\t\t\t\t<\/div>\n\t\t\t\t<\/div>\n\t\t<div data-particle_enable=\"false\" data-particle-mobile-disabled=\"false\" class=\"elementor-element elementor-element-9fe435c e-con-full e-flex e-con e-child\" data-id=\"9fe435c\" data-element_type=\"container\">\n\t\t\t\t<div class=\"elementor-element elementor-element-9e6fb66 elementor-widget elementor-widget-eael-content-timeline\" data-id=\"9e6fb66\" data-element_type=\"widget\" data-widget_type=\"eael-content-timeline.default\">\n\t\t\t\t<div class=\"elementor-widget-container\">\n\t\t\t\t\t\t\t<div id=\"eael-content-timeline-9e6fb66\" class=\"content-timeline-layout-center date-position- horizontal-timeline-wrapper\" data-slide_to_scroll=\"{&quot;desktop&quot;:1,&quot;mobile&quot;:1,&quot;tablet&quot;:1}\">\n\t\t\t<div class=\"eael-content-timeline-container\">\n\t\t\t\t<div class=\"eael-content-timeline-container\">\n\t\t\t\t\t\t\t\t\t\t\t\t\t\t\t\t\t\t\t\t\t\t\t<div class=\"eael-content-timeline-block\">\n    <div class=\"eael-content-timeline-line\">\n        <div class=\"eael-content-timeline-inner\"><\/div>\n    <\/div>\n    <div class=\"eael-content-timeline-img eael-picture\"><\/div><div class=\"eael-content-timeline-content\"><span class=\"eael-date\"><\/span><h2 class=\"eael-timeline-title\">1877<\/h2><div class=\"eael-timeline-excerpt\"><p>Protoplast\u0105 obecnego Klippan Safety by\u0142 producent lin w Szwecji.<\/p><\/div><\/div><\/div>\t\t\t\t\t\t\t\t\t\t\t\t\t\t\t\t\t\t<div class=\"eael-content-timeline-block\">\n    <div class=\"eael-content-timeline-line\">\n        <div class=\"eael-content-timeline-inner\"><\/div>\n    <\/div>\n    <div class=\"eael-content-timeline-img eael-picture\"><\/div><div class=\"eael-content-timeline-content\"><span class=\"eael-date\"><\/span><h2 class=\"eael-timeline-title\">1953<\/h2><div class=\"eael-timeline-excerpt\"><p>Wprowadzenie pas\u00f3w bezpiecze\u0144stwa Klippan do pojazd\u00f3w osobowych.<\/p><\/div><\/div><\/div>\t\t\t\t\t\t\t\t\t\t\t\t\t\t\t\t\t\t<div class=\"eael-content-timeline-block\">\n    <div class=\"eael-content-timeline-line\">\n        <div class=\"eael-content-timeline-inner\"><\/div>\n    <\/div>\n    <div class=\"eael-content-timeline-img eael-picture\"><\/div><div class=\"eael-content-timeline-content\"><span class=\"eael-date\"><\/span><h2 class=\"eael-timeline-title\">1994<\/h2><div class=\"eael-timeline-excerpt\"><p>Grupa prywatnych inwestor\u00f3w nabywa firm\u0119, a komponenty motoryzacyjne staj\u0105 si\u0119 elementem podstawy jej dzia\u0142alno\u015bci.<\/p><\/div><\/div><\/div>\t\t\t\t\t\t\t\t\t\t\t\t\t\t\t\t\t\t<div class=\"eael-content-timeline-block\">\n    <div class=\"eael-content-timeline-line\">\n        <div class=\"eael-content-timeline-inner\"><\/div>\n    <\/div>\n    <div class=\"eael-content-timeline-img eael-picture\"><\/div><div class=\"eael-content-timeline-content\"><span class=\"eael-date\"><\/span><h2 class=\"eael-timeline-title\">2000<\/h2><div class=\"eael-timeline-excerpt\"><p>Pierwsza filia powstaje w Brazylii.<\/p><\/div><\/div><\/div>\t\t\t\t\t\t\t\t\t\t\t\t\t\t\t\t\t\t<div class=\"eael-content-timeline-block\">\n    <div class=\"eael-content-timeline-line\">\n        <div class=\"eael-content-timeline-inner\"><\/div>\n    <\/div>\n    <div class=\"eael-content-timeline-img eael-picture\"><\/div><div class=\"eael-content-timeline-content\"><span class=\"eael-date\"><\/span><h2 class=\"eael-timeline-title\">2002<\/h2><div class=\"eael-timeline-excerpt\"><p>Polski producent tekstyli\u00f3w zostaje nabyty, aby sta\u0107 si\u0119 sp\u00f3\u0142k\u0105 Klippan Safety Polska Sp. z.o.o.<\/p><\/div><\/div><\/div>\t\t\t\t\t\t\t\t\t\t\t\t\t\t\t\t\t\t<div class=\"eael-content-timeline-block\">\n    <div class=\"eael-content-timeline-line\">\n        <div class=\"eael-content-timeline-inner\"><\/div>\n    <\/div>\n    <div class=\"eael-content-timeline-img eael-picture\"><\/div><div class=\"eael-content-timeline-content\"><span class=\"eael-date\"><\/span><h2 class=\"eael-timeline-title\">2006<\/h2><div class=\"eael-timeline-excerpt\"><p>Nowy zak\u0142ad produkcyjny powstaje w Stargardzie, Polska.<\/p><\/div><\/div><\/div>\t\t\t\t\t\t\t\t\t\t\t\t\t\t\t\t\t\t<div class=\"eael-content-timeline-block\">\n    <div class=\"eael-content-timeline-line\">\n        <div class=\"eael-content-timeline-inner\"><\/div>\n    <\/div>\n    <div class=\"eael-content-timeline-img eael-picture\"><\/div><div class=\"eael-content-timeline-content\"><span class=\"eael-date\"><\/span><h2 class=\"eael-timeline-title\">2007<\/h2><div class=\"eael-timeline-excerpt\"><p>Klippan Safety GmbH za\u0142o\u017cony zosta\u0142 w Monachium, Niemcy.<\/p><\/div><\/div><\/div>\t\t\t\t\t\t\t\t\t\t\t\t\t\t\t\t\t\t<div class=\"eael-content-timeline-block\">\n    <div class=\"eael-content-timeline-line\">\n        <div class=\"eael-content-timeline-inner\"><\/div>\n    <\/div>\n    <div class=\"eael-content-timeline-img eael-picture\"><\/div><div class=\"eael-content-timeline-content\"><span class=\"eael-date\"><\/span><h2 class=\"eael-timeline-title\">2009<\/h2><div class=\"eael-timeline-excerpt\"><p>Klippan Safety otrzymuje nagrod\u0119 \"MAN Trucknology Supplier Award 2008\".<\/p><\/div><\/div><\/div>\t\t\t\t\t\t\t\t\t\t\t\t\t\t\t\t\t\t<div class=\"eael-content-timeline-block\">\n    <div class=\"eael-content-timeline-line\">\n        <div class=\"eael-content-timeline-inner\"><\/div>\n    <\/div>\n    <div class=\"eael-content-timeline-img eael-picture\"><\/div><div class=\"eael-content-timeline-content\"><span class=\"eael-date\"><\/span><h2 class=\"eael-timeline-title\">2015<\/h2><div class=\"eael-timeline-excerpt\"><p>Klippan Safety Ltda powstaje w S\u00e3o Paulo, Brazylia.<\/p><\/div><\/div><\/div>\t\t\t\t\t\t\t\t\t\t\t\t\t\t\t\t\t\t<div class=\"eael-content-timeline-block\">\n    <div class=\"eael-content-timeline-line\">\n        <div class=\"eael-content-timeline-inner\"><\/div>\n    <\/div>\n    <div class=\"eael-content-timeline-img eael-picture\"><\/div><div class=\"eael-content-timeline-content\"><span class=\"eael-date\"><\/span><h2 class=\"eael-timeline-title\">2015<\/h2><div class=\"eael-timeline-excerpt\"><p>Klippan Safety otrzymuje nagrod\u0119 \"Volkswagen Group Award 2015\".<\/p><\/div><\/div><\/div>\t\t\t\t\t\t\t\t\t\t\t\t\t\t\t\t\t\t<div class=\"eael-content-timeline-block\">\n    <div class=\"eael-content-timeline-line\">\n        <div class=\"eael-content-timeline-inner\"><\/div>\n    <\/div>\n    <div class=\"eael-content-timeline-img eael-picture\"><\/div><div class=\"eael-content-timeline-content\"><span class=\"eael-date\"><\/span><h2 class=\"eael-timeline-title\">2018<\/h2><div class=\"eael-timeline-excerpt\"><p>Nowe zak\u0142ady produkcyjne powstaj\u0105 w Stargardzie, Polska, oraz Sulzemoos, Niemcy.<\/p><\/div><\/div><\/div>\t\t\t\t\t\t\t\t\t\t\t\t\t\t\t\t\t\t<div class=\"eael-content-timeline-block\">\n    <div class=\"eael-content-timeline-line\">\n        <div class=\"eael-content-timeline-inner\"><\/div>\n    <\/div>\n    <div class=\"eael-content-timeline-img eael-picture\"><\/div><div class=\"eael-content-timeline-content\"><span class=\"eael-date\"><\/span><h2 class=\"eael-timeline-title\">2018<\/h2><div class=\"eael-timeline-excerpt\"><p>Dzia\u0142alno\u015b\u0107 w Brazylii przeniesiona do nowego zak\u0142adu w Taubat\u00e9, S\u00e3o Paolo<\/p><\/div><\/div><\/div>\t\t\t\t\t\t\t\t\t\t\t\t\t\t\t\t\t\t<div class=\"eael-content-timeline-block\">\n    <div class=\"eael-content-timeline-line\">\n        <div class=\"eael-content-timeline-inner\"><\/div>\n    <\/div>\n    <div class=\"eael-content-timeline-img eael-picture\"><\/div><div class=\"eael-content-timeline-content\"><span class=\"eael-date\"><\/span><h2 class=\"eael-timeline-title\">2024<\/h2><div class=\"eael-timeline-excerpt\"><p>Nast\u0119puje rozszerzenie oraz inauguracja dzia\u0142alno\u015bci i zak\u0142adu w Polsce.<\/p><\/div><\/div><\/div>\t\t\t\t<\/div>\n\t\t\t<\/div>\n\t\t<\/div>\n\t\t\t\t\t<\/div>\n\t\t\t\t<\/div>\n\t\t\t\t<\/div>\n\t\t\t\t\t<\/div>\n\t\t\t\t<\/div>\n\t\t<div data-particle_enable=\"false\" data-particle-mobile-disabled=\"false\" class=\"elementor-element elementor-element-b1461d0 e-flex e-con-boxed e-con e-parent\" data-id=\"b1461d0\" data-element_type=\"container\">\n\t\t\t\t\t<div class=\"e-con-inner\">\n\t\t\t\t\t<\/div>\n\t\t\t\t<\/div>\n\t\t<div data-particle_enable=\"false\" data-particle-mobile-disabled=\"false\" class=\"elementor-element elementor-element-31ea1d9 e-con-full e-flex e-con e-parent\" data-id=\"31ea1d9\" data-element_type=\"container\">\n\t\t<div data-particle_enable=\"false\" data-particle-mobile-disabled=\"false\" class=\"elementor-element elementor-element-d632b41 e-con-full e-flex e-con e-child\" data-id=\"d632b41\" data-element_type=\"container\" data-settings=\"{&quot;background_background&quot;:&quot;classic&quot;}\">\n\t\t\t\t<div class=\"elementor-element elementor-element-cf3eebd elementor-widget elementor-widget-heading\" data-id=\"cf3eebd\" data-element_type=\"widget\" data-widget_type=\"heading.default\">\n\t\t\t\t<div class=\"elementor-widget-container\">\n\t\t\t\t\t<h2 class=\"elementor-heading-title elementor-size-default\">BEZPIECZE\u0143STWO<\/h2>\t\t\t\t<\/div>\n\t\t\t\t<\/div>\n\t\t\t\t<div class=\"elementor-element elementor-element-ddba653 elementor-widget elementor-widget-button\" data-id=\"ddba653\" data-element_type=\"widget\" data-widget_type=\"button.default\">\n\t\t\t\t<div class=\"elementor-widget-container\">\n\t\t\t\t\t\t\t\t\t<div class=\"elementor-button-wrapper\">\n\t\t\t\t\t<a class=\"elementor-button elementor-button-link elementor-size-sm\" href=\"https:\/\/www.klippan-safety.se\/pl\/bezpieczenstwo\/\">\n\t\t\t\t\t\t<span class=\"elementor-button-content-wrapper\">\n\t\t\t\t\t\t\t\t\t<span class=\"elementor-button-text\">Czytaj wi\u0119cej<\/span>\n\t\t\t\t\t<\/span>\n\t\t\t\t\t<\/a>\n\t\t\t\t<\/div>\n\t\t\t\t\t\t\t\t<\/div>\n\t\t\t\t<\/div>\n\t\t\t\t<\/div>\n\t\t<div data-particle_enable=\"false\" data-particle-mobile-disabled=\"false\" class=\"elementor-element elementor-element-17ab71a e-con-full e-flex e-con e-child\" data-id=\"17ab71a\" data-element_type=\"container\" data-settings=\"{&quot;background_background&quot;:&quot;classic&quot;}\">\n\t\t\t\t<div class=\"elementor-element elementor-element-6339a0d elementor-widget elementor-widget-heading\" data-id=\"6339a0d\" data-element_type=\"widget\" data-widget_type=\"heading.default\">\n\t\t\t\t<div class=\"elementor-widget-container\">\n\t\t\t\t\t<h2 class=\"elementor-heading-title elementor-size-default\">KOMFORT<\/h2>\t\t\t\t<\/div>\n\t\t\t\t<\/div>\n\t\t\t\t<div class=\"elementor-element elementor-element-ddd10e6 elementor-widget elementor-widget-button\" data-id=\"ddd10e6\" data-element_type=\"widget\" data-widget_type=\"button.default\">\n\t\t\t\t<div class=\"elementor-widget-container\">\n\t\t\t\t\t\t\t\t\t<div class=\"elementor-button-wrapper\">\n\t\t\t\t\t<a class=\"elementor-button elementor-button-link elementor-size-sm\" href=\"https:\/\/www.klippan-safety.se\/pl\/komfort\/\">\n\t\t\t\t\t\t<span class=\"elementor-button-content-wrapper\">\n\t\t\t\t\t\t\t\t\t<span class=\"elementor-button-text\">Czytaj wi\u0119cej<\/span>\n\t\t\t\t\t<\/span>\n\t\t\t\t\t<\/a>\n\t\t\t\t<\/div>\n\t\t\t\t\t\t\t\t<\/div>\n\t\t\t\t<\/div>\n\t\t\t\t<\/div>\n\t\t<div data-particle_enable=\"false\" data-particle-mobile-disabled=\"false\" class=\"elementor-element elementor-element-ad436bc e-con-full e-flex e-con e-child\" data-id=\"ad436bc\" data-element_type=\"container\" data-settings=\"{&quot;background_background&quot;:&quot;classic&quot;}\">\n\t\t\t\t<div class=\"elementor-element elementor-element-9062301 elementor-widget elementor-widget-heading\" data-id=\"9062301\" data-element_type=\"widget\" data-widget_type=\"heading.default\">\n\t\t\t\t<div class=\"elementor-widget-container\">\n\t\t\t\t\t<h2 class=\"elementor-heading-title elementor-size-default\">ROZW\u00d3J<\/h2>\t\t\t\t<\/div>\n\t\t\t\t<\/div>\n\t\t\t\t<div class=\"elementor-element elementor-element-022264b elementor-widget elementor-widget-button\" data-id=\"022264b\" data-element_type=\"widget\" data-widget_type=\"button.default\">\n\t\t\t\t<div class=\"elementor-widget-container\">\n\t\t\t\t\t\t\t\t\t<div class=\"elementor-button-wrapper\">\n\t\t\t\t\t<a class=\"elementor-button elementor-button-link elementor-size-sm\" href=\"https:\/\/www.klippan-safety.se\/pl\/rozwoj\/\">\n\t\t\t\t\t\t<span class=\"elementor-button-content-wrapper\">\n\t\t\t\t\t\t\t\t\t<span class=\"elementor-button-text\">Czytaj wi\u0119cej<\/span>\n\t\t\t\t\t<\/span>\n\t\t\t\t\t<\/a>\n\t\t\t\t<\/div>\n\t\t\t\t\t\t\t\t<\/div>\n\t\t\t\t<\/div>\n\t\t\t\t<\/div>\n\t\t\t\t<\/div>\n\t\t\t\t<\/div>","protected":false},"excerpt":{"rendered":"<p>V\u00e5r vision: Klippan Safety \u2013 ett s\u00e4kert och enkelt val Klippan Safety \u00e4r systemleverant\u00f6r till den globala fordonsindustrin med en unik kompetens inom s\u00e4kerhet och komfort. S\u00e4kerhet och komfort tillsammans med h\u00f6gsta kvalitet, st\u00e4ndig utveckling, en effektiv produktion och en positiv kostnadsbild g\u00f6r valet av Klippan Safety just s\u00e4kert och enkelt. Vi \u00e4r en av [&hellip;]<\/p>","protected":false},"author":1,"featured_media":0,"parent":0,"menu_order":0,"comment_status":"closed","ping_status":"closed","template":"","meta":{"footnotes":""},"class_list":["post-463","page","type-page","status-publish","hentry"],"_links":{"self":[{"href":"https:\/\/www.klippan-safety.se\/pl\/wp-json\/wp\/v2\/pages\/463","targetHints":{"allow":["GET"]}}],"collection":[{"href":"https:\/\/www.klippan-safety.se\/pl\/wp-json\/wp\/v2\/pages"}],"about":[{"href":"https:\/\/www.klippan-safety.se\/pl\/wp-json\/wp\/v2\/types\/page"}],"author":[{"embeddable":true,"href":"https:\/\/www.klippan-safety.se\/pl\/wp-json\/wp\/v2\/users\/1"}],"replies":[{"embeddable":true,"href":"https:\/\/www.klippan-safety.se\/pl\/wp-json\/wp\/v2\/comments?post=463"}],"version-history":[{"count":110,"href":"https:\/\/www.klippan-safety.se\/pl\/wp-json\/wp\/v2\/pages\/463\/revisions"}],"predecessor-version":[{"id":1710,"href":"https:\/\/www.klippan-safety.se\/pl\/wp-json\/wp\/v2\/pages\/463\/revisions\/1710"}],"wp:attachment":[{"href":"https:\/\/www.klippan-safety.se\/pl\/wp-json\/wp\/v2\/media?parent=463"}],"curies":[{"name":"wp","href":"https:\/\/api.w.org\/{rel}","templated":true}]}}