{"id":748,"date":"2024-02-13T20:59:54","date_gmt":"2024-02-13T19:59:54","guid":{"rendered":"http:\/\/klippan-safety.se.loopiadns.com\/?page_id=748"},"modified":"2024-10-16T06:49:11","modified_gmt":"2024-10-16T05:49:11","slug":"ciezarowki","status":"publish","type":"page","link":"https:\/\/www.klippan-safety.se\/pl\/produkty\/ciezarowki\/","title":{"rendered":"Pojazdy ci\u0119\u017carowe"},"content":{"rendered":"<div data-elementor-type=\"wp-post\" data-elementor-id=\"748\" class=\"elementor elementor-748\" data-elementor-post-type=\"page\">\n\t\t\t\t<div data-particle_enable=\"false\" data-particle-mobile-disabled=\"false\" class=\"elementor-element elementor-element-5081b8a e-flex e-con-boxed e-con e-parent\" data-id=\"5081b8a\" data-element_type=\"container\" data-settings=\"{&quot;background_background&quot;:&quot;classic&quot;}\">\n\t\t\t\t\t<div class=\"e-con-inner\">\n\t\t\t\t\t<\/div>\n\t\t\t\t<\/div>\n\t\t<div data-particle_enable=\"false\" data-particle-mobile-disabled=\"false\" class=\"elementor-element elementor-element-00a846b e-flex e-con-boxed e-con e-parent\" data-id=\"00a846b\" data-element_type=\"container\">\n\t\t\t\t\t<div class=\"e-con-inner\">\n\t\t<div data-particle_enable=\"false\" data-particle-mobile-disabled=\"false\" class=\"elementor-element elementor-element-6f8c3a6 e-con-full e-flex e-con e-child\" data-id=\"6f8c3a6\" data-element_type=\"container\">\n\t\t\t\t<div class=\"elementor-element elementor-element-cb17e92 elementor-widget elementor-widget-text-editor\" data-id=\"cb17e92\" data-element_type=\"widget\" data-settings=\"{&quot;sticky&quot;:&quot;top&quot;,&quot;sticky_offset&quot;:100,&quot;sticky_parent&quot;:&quot;yes&quot;,&quot;sticky_on&quot;:[&quot;desktop&quot;,&quot;tablet&quot;,&quot;mobile&quot;],&quot;sticky_effects_offset&quot;:0,&quot;sticky_anchor_link_offset&quot;:0}\" data-widget_type=\"text-editor.default\">\n\t\t\t\t<div class=\"elementor-widget-container\">\n\t\t\t\t\t\t\t\t\t<h1><span style=\"color: #374383\"><strong>Pojazdy ci\u0119\u017carowe<\/strong><\/span><\/h1><p>Klippan Safety zajmuje si\u0119 rozwojem oraz produkcj\u0105 system\u00f3w i komponent\u00f3w zapewniaj\u0105cych komfort w kabinach pojazd\u00f3w ci\u0119\u017carowych. Zapewniamy wygodne i ergonomiczne \u0142\u00f3\u017cka, wyposa\u017cone w systemy do wygodnego przechowywania rzeczy osobistych kierowcy oraz pasa\u017cera.<\/p>\t\t\t\t\t\t\t\t<\/div>\n\t\t\t\t<\/div>\n\t\t\t\t<\/div>\n\t\t<div data-particle_enable=\"false\" data-particle-mobile-disabled=\"false\" class=\"elementor-element elementor-element-b8582f9 e-con-full e-flex e-con e-child\" data-id=\"b8582f9\" data-element_type=\"container\">\n\t\t\t\t<div class=\"elementor-element elementor-element-53ccc23 elementor-widget elementor-widget-image\" data-id=\"53ccc23\" data-element_type=\"widget\" data-widget_type=\"image.default\">\n\t\t\t\t<div class=\"elementor-widget-container\">\n\t\t\t\t\t\t\t\t\t\t\t\t\t\t\t<img fetchpriority=\"high\" decoding=\"async\" width=\"476\" height=\"311\" src=\"https:\/\/www.klippan-safety.se\/wp-content\/uploads\/2024\/02\/jelmtech.jpg\" class=\"attachment-large size-large wp-image-755\" alt=\"\" srcset=\"https:\/\/www.klippan-safety.se\/wp-content\/uploads\/2024\/02\/jelmtech.jpg 476w, https:\/\/www.klippan-safety.se\/wp-content\/uploads\/2024\/02\/jelmtech-300x196.jpg 300w\" sizes=\"(max-width: 476px) 100vw, 476px\" \/>\t\t\t\t\t\t\t\t\t\t\t\t\t\t\t<\/div>\n\t\t\t\t<\/div>\n\t\t\t\t<div class=\"elementor-element elementor-element-e3a47b3 elementor-widget elementor-widget-heading\" data-id=\"e3a47b3\" data-element_type=\"widget\" data-widget_type=\"heading.default\">\n\t\t\t\t<div class=\"elementor-widget-container\">\n\t\t\t\t\t<h5 class=\"elementor-heading-title elementor-size-default\">Schowki<\/h5>\t\t\t\t<\/div>\n\t\t\t\t<\/div>\n\t\t\t\t<div class=\"elementor-element elementor-element-7030ebd elementor-widget elementor-widget-image\" data-id=\"7030ebd\" data-element_type=\"widget\" data-widget_type=\"image.default\">\n\t\t\t\t<div class=\"elementor-widget-container\">\n\t\t\t\t\t\t\t\t\t\t\t\t\t\t\t<img decoding=\"async\" width=\"476\" height=\"172\" src=\"https:\/\/www.klippan-safety.se\/wp-content\/uploads\/2024\/02\/bedsystems2.jpg\" class=\"attachment-large size-large wp-image-751\" alt=\"\" srcset=\"https:\/\/www.klippan-safety.se\/wp-content\/uploads\/2024\/02\/bedsystems2.jpg 476w, https:\/\/www.klippan-safety.se\/wp-content\/uploads\/2024\/02\/bedsystems2-300x108.jpg 300w\" sizes=\"(max-width: 476px) 100vw, 476px\" \/>\t\t\t\t\t\t\t\t\t\t\t\t\t\t\t<\/div>\n\t\t\t\t<\/div>\n\t\t\t\t<div class=\"elementor-element elementor-element-77a3700 elementor-widget elementor-widget-heading\" data-id=\"77a3700\" data-element_type=\"widget\" data-widget_type=\"heading.default\">\n\t\t\t\t<div class=\"elementor-widget-container\">\n\t\t\t\t\t<h5 class=\"elementor-heading-title elementor-size-default\">\u0141\u00f3\u017cka<\/h5>\t\t\t\t<\/div>\n\t\t\t\t<\/div>\n\t\t\t\t<div class=\"elementor-element elementor-element-7207702 elementor-widget elementor-widget-text-editor\" data-id=\"7207702\" data-element_type=\"widget\" data-widget_type=\"text-editor.default\">\n\t\t\t\t<div class=\"elementor-widget-container\">\n\t\t\t\t\t\t\t\t\tKlippan Safety ma w swojej ofercie modu\u0142owe \u0142\u00f3\u017cka pi\u0119trowe. Z my\u015bl\u0105 o oczekiwaniach konsumenckich, \u0142\u00f3\u017cka posiadaj\u0105 funkcje rozszerzenia, roz\u0142o\u017cenia oraz zabezpieczenia przed upadkiem. Materace mo\u017cna dostosowa\u0107 do potrzeb wszystkich klient\u00f3w, bez wzgl\u0119du na bran\u017c\u0119.\n\n\t\t\t\t\t\t\t\t<\/div>\n\t\t\t\t<\/div>\n\t\t\t\t<div class=\"elementor-element elementor-element-3977a2f elementor-widget elementor-widget-image\" data-id=\"3977a2f\" data-element_type=\"widget\" data-widget_type=\"image.default\">\n\t\t\t\t<div class=\"elementor-widget-container\">\n\t\t\t\t\t\t\t\t\t\t\t\t\t\t\t<img decoding=\"async\" width=\"476\" height=\"103\" src=\"https:\/\/www.klippan-safety.se\/wp-content\/uploads\/2024\/02\/matress.jpg\" class=\"attachment-large size-large wp-image-756\" alt=\"\" srcset=\"https:\/\/www.klippan-safety.se\/wp-content\/uploads\/2024\/02\/matress.jpg 476w, https:\/\/www.klippan-safety.se\/wp-content\/uploads\/2024\/02\/matress-300x65.jpg 300w\" sizes=\"(max-width: 476px) 100vw, 476px\" \/>\t\t\t\t\t\t\t\t\t\t\t\t\t\t\t<\/div>\n\t\t\t\t<\/div>\n\t\t\t\t<div class=\"elementor-element elementor-element-7d253a9 elementor-widget elementor-widget-heading\" data-id=\"7d253a9\" data-element_type=\"widget\" data-widget_type=\"heading.default\">\n\t\t\t\t<div class=\"elementor-widget-container\">\n\t\t\t\t\t<h5 class=\"elementor-heading-title elementor-size-default\">Materace<\/h5>\t\t\t\t<\/div>\n\t\t\t\t<\/div>\n\t\t\t\t<div class=\"elementor-element elementor-element-1206382 elementor-widget elementor-widget-text-editor\" data-id=\"1206382\" data-element_type=\"widget\" data-widget_type=\"text-editor.default\">\n\t\t\t\t<div class=\"elementor-widget-container\">\n\t\t\t\t\t\t\t\t\t<p>Materace Klippan Safety zaprojektowano z dba\u0142o\u015bci\u0105 o najwy\u017cszy poziom komfortu. W zwi\u0105zku z tym, \u017ce kierowcy ci\u0119\u017car\u00f3wek sp\u0119dzaj\u0105 w swoich kabinach bardzo du\u017c\u0105 ilo\u015b\u0107 czasu, istotne jest, aby ich codzienna potrzeba odpoczynku i snu zosta\u0142a w pe\u0142ni zaspokojona. Dzi\u0119ki naszemu wieloletniemu do\u015bwiadczeniu w projektowaniu produkt\u00f3w zapewniaj\u0105cych komfortowy sen, stali\u015bmy si\u0119 liderem wygody oraz ergonomii zdrowia.<\/p>\t\t\t\t\t\t\t\t<\/div>\n\t\t\t\t<\/div>\n\t\t\t\t<div class=\"elementor-element elementor-element-58afa31 elementor-widget elementor-widget-image\" data-id=\"58afa31\" data-element_type=\"widget\" data-widget_type=\"image.default\">\n\t\t\t\t<div class=\"elementor-widget-container\">\n\t\t\t\t\t\t\t\t\t\t\t\t\t\t\t<img loading=\"lazy\" decoding=\"async\" width=\"476\" height=\"275\" src=\"https:\/\/www.klippan-safety.se\/wp-content\/uploads\/2024\/02\/climbing1.jpg\" class=\"attachment-large size-large wp-image-754\" alt=\"\" srcset=\"https:\/\/www.klippan-safety.se\/wp-content\/uploads\/2024\/02\/climbing1.jpg 476w, https:\/\/www.klippan-safety.se\/wp-content\/uploads\/2024\/02\/climbing1-300x173.jpg 300w\" sizes=\"(max-width: 476px) 100vw, 476px\" \/>\t\t\t\t\t\t\t\t\t\t\t\t\t\t\t<\/div>\n\t\t\t\t<\/div>\n\t\t\t\t<div class=\"elementor-element elementor-element-1cd7ebc elementor-widget elementor-widget-heading\" data-id=\"1cd7ebc\" data-element_type=\"widget\" data-widget_type=\"heading.default\">\n\t\t\t\t<div class=\"elementor-widget-container\">\n\t\t\t\t\t<h5 class=\"elementor-heading-title elementor-size-default\">Systemy dost\u0119powe (drabinki)<\/h5>\t\t\t\t<\/div>\n\t\t\t\t<\/div>\n\t\t\t\t<div class=\"elementor-element elementor-element-948165b elementor-widget elementor-widget-text-editor\" data-id=\"948165b\" data-element_type=\"widget\" data-widget_type=\"text-editor.default\">\n\t\t\t\t<div class=\"elementor-widget-container\">\n\t\t\t\t\t\t\t\t\t<p>Nasza oferta obejmuje wiele innowacyjnych system\u00f3w dost\u0119powych \u2013 drabinek, kt\u00f3re na co dzie\u0144 wspieraj\u0105 u\u017cytkownika we wszystkich rodzajach kabin ci\u0119\u017carowych (dost\u0119p do \u0142\u00f3\u017cek g\u00f3rnych, bardzo cz\u0119sto stosowanych w kabinach samochod\u00f3w ci\u0119\u017carowych).<\/p>\t\t\t\t\t\t\t\t<\/div>\n\t\t\t\t<\/div>\n\t\t\t\t<div class=\"elementor-element elementor-element-dbf5747 elementor-widget elementor-widget-image\" data-id=\"dbf5747\" data-element_type=\"widget\" data-widget_type=\"image.default\">\n\t\t\t\t<div class=\"elementor-widget-container\">\n\t\t\t\t\t\t\t\t\t\t\t\t\t\t\t<img loading=\"lazy\" decoding=\"async\" width=\"476\" height=\"374\" src=\"https:\/\/www.klippan-safety.se\/wp-content\/uploads\/2024\/02\/restraint1.jpg\" class=\"attachment-large size-large wp-image-758\" alt=\"\" srcset=\"https:\/\/www.klippan-safety.se\/wp-content\/uploads\/2024\/02\/restraint1.jpg 476w, https:\/\/www.klippan-safety.se\/wp-content\/uploads\/2024\/02\/restraint1-300x236.jpg 300w\" sizes=\"(max-width: 476px) 100vw, 476px\" \/>\t\t\t\t\t\t\t\t\t\t\t\t\t\t\t<\/div>\n\t\t\t\t<\/div>\n\t\t\t\t<div class=\"elementor-element elementor-element-264edd5 elementor-widget elementor-widget-heading\" data-id=\"264edd5\" data-element_type=\"widget\" data-widget_type=\"heading.default\">\n\t\t\t\t<div class=\"elementor-widget-container\">\n\t\t\t\t\t<h5 class=\"elementor-heading-title elementor-size-default\">Systemy zabezpieczaj\u0105ce<\/h5>\t\t\t\t<\/div>\n\t\t\t\t<\/div>\n\t\t\t\t<div class=\"elementor-element elementor-element-08b5261 elementor-widget elementor-widget-text-editor\" data-id=\"08b5261\" data-element_type=\"widget\" data-widget_type=\"text-editor.default\">\n\t\t\t\t<div class=\"elementor-widget-container\">\n\t\t\t\t\t\t\t\t\t<p>Klippan Safety posiada w ofercie szereg zabezpiecze\u0144 dla \u0142\u00f3\u017cek pi\u0119trowych. Wszystkie te zabezpieczenia s\u0105 personalizowane pod k\u0105tem wytycznych klienta. W celu zaspokojenia potrzeb klienta i z my\u015bl\u0105 o zapewnieniu bezpiecze\u0144stwa, nasze produkty s\u0105 poddane badaniom w naszym wewn\u0119trznym laboratorium do test\u00f3w zderzeniowych. Wszystkie systemy zabezpieczaj\u0105ce Klippan Safety testowane s\u0105 z wykorzystaniem obci\u0105\u017ce\u0144 dynamicznych jak i statycznych.<\/p>\t\t\t\t\t\t\t\t<\/div>\n\t\t\t\t<\/div>\n\t\t\t\t<div class=\"elementor-element elementor-element-d980208 elementor-widget elementor-widget-image\" data-id=\"d980208\" data-element_type=\"widget\" data-widget_type=\"image.default\">\n\t\t\t\t<div class=\"elementor-widget-container\">\n\t\t\t\t\t\t\t\t\t\t\t\t\t\t\t<img loading=\"lazy\" decoding=\"async\" width=\"295\" height=\"250\" src=\"https:\/\/www.klippan-safety.se\/wp-content\/uploads\/2024\/02\/beltsystem2.jpg\" class=\"attachment-large size-large wp-image-752\" alt=\"\" \/>\t\t\t\t\t\t\t\t\t\t\t\t\t\t\t<\/div>\n\t\t\t\t<\/div>\n\t\t\t\t<div class=\"elementor-element elementor-element-cd06fb1 elementor-widget elementor-widget-heading\" data-id=\"cd06fb1\" data-element_type=\"widget\" data-widget_type=\"heading.default\">\n\t\t\t\t<div class=\"elementor-widget-container\">\n\t\t\t\t\t<h5 class=\"elementor-heading-title elementor-size-default\">Pasy bezpiecze\u0144stwa.<\/h5>\t\t\t\t<\/div>\n\t\t\t\t<\/div>\n\t\t\t\t<div class=\"elementor-element elementor-element-db39271 elementor-widget elementor-widget-text-editor\" data-id=\"db39271\" data-element_type=\"widget\" data-widget_type=\"text-editor.default\">\n\t\t\t\t<div class=\"elementor-widget-container\">\n\t\t\t\t\t\t\t\t\t<p>W naszej ofercie znale\u017a\u0107 mo\u017cna r\u00f3\u017cne warianty pas\u00f3w bezpiecze\u0144stwa, personalizowanych pod wymogi klienta. Produkt na etapie rozwoju poddawany jest badaniom w naszym wewn\u0119trznym laboratorium do test\u00f3w zderzeniowych, a homologacj\u0119 uzyskujemy od akredytowanych instytucji badawczych.<\/p>\t\t\t\t\t\t\t\t<\/div>\n\t\t\t\t<\/div>\n\t\t\t\t<div class=\"elementor-element elementor-element-7dc1767 elementor-widget elementor-widget-image\" data-id=\"7dc1767\" data-element_type=\"widget\" data-widget_type=\"image.default\">\n\t\t\t\t<div class=\"elementor-widget-container\">\n\t\t\t\t\t\t\t\t\t\t\t\t\t\t\t<img loading=\"lazy\" decoding=\"async\" width=\"476\" height=\"239\" src=\"https:\/\/www.klippan-safety.se\/wp-content\/uploads\/2024\/02\/straps2.jpg\" class=\"attachment-large size-large wp-image-744\" alt=\"\" srcset=\"https:\/\/www.klippan-safety.se\/wp-content\/uploads\/2024\/02\/straps2.jpg 476w, https:\/\/www.klippan-safety.se\/wp-content\/uploads\/2024\/02\/straps2-300x151.jpg 300w\" sizes=\"(max-width: 476px) 100vw, 476px\" \/>\t\t\t\t\t\t\t\t\t\t\t\t\t\t\t<\/div>\n\t\t\t\t<\/div>\n\t\t\t\t<div class=\"elementor-element elementor-element-11b46f9 elementor-widget elementor-widget-heading\" data-id=\"11b46f9\" data-element_type=\"widget\" data-widget_type=\"heading.default\">\n\t\t\t\t<div class=\"elementor-widget-container\">\n\t\t\t\t\t<h5 class=\"elementor-heading-title elementor-size-default\">Paski<\/h5>\t\t\t\t<\/div>\n\t\t\t\t<\/div>\n\t\t\t\t<div class=\"elementor-element elementor-element-98ea4ca elementor-widget elementor-widget-text-editor\" data-id=\"98ea4ca\" data-element_type=\"widget\" data-widget_type=\"text-editor.default\">\n\t\t\t\t<div class=\"elementor-widget-container\">\n\t\t\t\t\t\t\t\t\t<p>Klippan Safety zajmuje si\u0119 produkcj\u0105 pojedynczych pask\u00f3w, jak i z\u0142o\u017conych system\u00f3w ta\u015bmowych. Wszystkie powstaj\u0105 w oparciu o wymogi klienta. Nasze produkty dost\u0119pne s\u0105 w r\u00f3\u017cnych kolorach i kszta\u0142tach.<\/p>\t\t\t\t\t\t\t\t<\/div>\n\t\t\t\t<\/div>\n\t\t\t\t<div class=\"elementor-element elementor-element-3f14715 elementor-widget elementor-widget-image\" data-id=\"3f14715\" data-element_type=\"widget\" data-widget_type=\"image.default\">\n\t\t\t\t<div class=\"elementor-widget-container\">\n\t\t\t\t\t\t\t\t\t\t\t\t\t\t\t<img loading=\"lazy\" decoding=\"async\" width=\"300\" height=\"235\" src=\"https:\/\/www.klippan-safety.se\/wp-content\/uploads\/2024\/02\/netpocket.jpg\" class=\"attachment-large size-large wp-image-757\" alt=\"\" \/>\t\t\t\t\t\t\t\t\t\t\t\t\t\t\t<\/div>\n\t\t\t\t<\/div>\n\t\t\t\t<div class=\"elementor-element elementor-element-a5fca06 elementor-widget elementor-widget-heading\" data-id=\"a5fca06\" data-element_type=\"widget\" data-widget_type=\"heading.default\">\n\t\t\t\t<div class=\"elementor-widget-container\">\n\t\t\t\t\t<h5 class=\"elementor-heading-title elementor-size-default\">Siatki bezpiecze\u0144stwa<\/h5>\t\t\t\t<\/div>\n\t\t\t\t<\/div>\n\t\t\t\t<div class=\"elementor-element elementor-element-1c1d9bf elementor-widget elementor-widget-text-editor\" data-id=\"1c1d9bf\" data-element_type=\"widget\" data-widget_type=\"text-editor.default\">\n\t\t\t\t<div class=\"elementor-widget-container\">\n\t\t\t\t\t\t\t\t\t<p>Klippan Safety oferuje r\u00f3wnie\u017c siatki bezpiecze\u0144stwa zgodnie z wymogami klienta. Istnieje w tym zakresie mo\u017cliwo\u015b\u0107 personalizacji ram oraz projektu siatki, a sam produkt nie powinien stanowi\u0107 dla klienta problemu pod k\u0105tem monta\u017cu.<\/p>\t\t\t\t\t\t\t\t<\/div>\n\t\t\t\t<\/div>\n\t\t\t\t<div class=\"elementor-element elementor-element-48a5dc9 elementor-widget elementor-widget-image\" data-id=\"48a5dc9\" data-element_type=\"widget\" data-widget_type=\"image.default\">\n\t\t\t\t<div class=\"elementor-widget-container\">\n\t\t\t\t\t\t\t\t\t\t\t\t\t\t\t<img loading=\"lazy\" decoding=\"async\" width=\"250\" height=\"307\" src=\"https:\/\/www.klippan-safety.se\/wp-content\/uploads\/2024\/02\/bugscreens.jpg\" class=\"attachment-large size-large wp-image-753\" alt=\"\" srcset=\"https:\/\/www.klippan-safety.se\/wp-content\/uploads\/2024\/02\/bugscreens.jpg 250w, https:\/\/www.klippan-safety.se\/wp-content\/uploads\/2024\/02\/bugscreens-244x300.jpg 244w\" sizes=\"(max-width: 250px) 100vw, 250px\" \/>\t\t\t\t\t\t\t\t\t\t\t\t\t\t\t<\/div>\n\t\t\t\t<\/div>\n\t\t\t\t<div class=\"elementor-element elementor-element-4ac0d66 elementor-widget elementor-widget-heading\" data-id=\"4ac0d66\" data-element_type=\"widget\" data-widget_type=\"heading.default\">\n\t\t\t\t<div class=\"elementor-widget-container\">\n\t\t\t\t\t<h5 class=\"elementor-heading-title elementor-size-default\">Siatki przeciw owadom.<\/h5>\t\t\t\t<\/div>\n\t\t\t\t<\/div>\n\t\t\t\t<div class=\"elementor-element elementor-element-5099e11 elementor-widget elementor-widget-text-editor\" data-id=\"5099e11\" data-element_type=\"widget\" data-widget_type=\"text-editor.default\">\n\t\t\t\t<div class=\"elementor-widget-container\">\n\t\t\t\t\t\t\t\t\t<div id=\"main\" class=\"row-fluid page__main\"><div class=\"page__main__content\"><div class=\"content\"><div class=\"content__main\"><article id=\"post-730\" class=\"post-730 page type-page status-publish hentry\"><div class=\"entry-content\"><p>Siatki przeciw owadom chroni\u0105 uk\u0142ady ch\u0142odz\u0105ce przed utrat\u0105 wydajno\u015bci i tym samym ograniczaj\u0105 ryzyko uszkodzenia silnika.<\/p><\/div><\/article><\/div><\/div><\/div><\/div><footer class=\"page__footer\" role=\"contentinfo\"><\/footer>\t\t\t\t\t\t\t\t<\/div>\n\t\t\t\t<\/div>\n\t\t\t\t<\/div>\n\t\t\t\t\t<\/div>\n\t\t\t\t<\/div>\n\t\t<div data-particle_enable=\"false\" data-particle-mobile-disabled=\"false\" class=\"elementor-element elementor-element-ad6947d e-con-full e-flex e-con e-parent\" data-id=\"ad6947d\" data-element_type=\"container\">\n\t\t<div data-particle_enable=\"false\" data-particle-mobile-disabled=\"false\" class=\"elementor-element elementor-element-ae3cca8 e-con-full e-flex e-con e-child\" data-id=\"ae3cca8\" data-element_type=\"container\" data-settings=\"{&quot;background_background&quot;:&quot;classic&quot;}\">\n\t\t\t\t<div class=\"elementor-element elementor-element-111f584 elementor-widget elementor-widget-heading\" data-id=\"111f584\" data-element_type=\"widget\" data-widget_type=\"heading.default\">\n\t\t\t\t<div class=\"elementor-widget-container\">\n\t\t\t\t\t<h2 class=\"elementor-heading-title elementor-size-default\">BEZPIECZE\u0143STWO<\/h2>\t\t\t\t<\/div>\n\t\t\t\t<\/div>\n\t\t\t\t<div class=\"elementor-element elementor-element-c7b5c45 elementor-widget elementor-widget-button\" data-id=\"c7b5c45\" data-element_type=\"widget\" data-widget_type=\"button.default\">\n\t\t\t\t<div class=\"elementor-widget-container\">\n\t\t\t\t\t\t\t\t\t<div class=\"elementor-button-wrapper\">\n\t\t\t\t\t<a class=\"elementor-button elementor-button-link elementor-size-sm\" href=\"https:\/\/www.klippan-safety.se\/pl\/bezpieczenstwo\/\">\n\t\t\t\t\t\t<span class=\"elementor-button-content-wrapper\">\n\t\t\t\t\t\t\t\t\t<span class=\"elementor-button-text\">Czytaj wi\u0119cej<\/span>\n\t\t\t\t\t<\/span>\n\t\t\t\t\t<\/a>\n\t\t\t\t<\/div>\n\t\t\t\t\t\t\t\t<\/div>\n\t\t\t\t<\/div>\n\t\t\t\t<\/div>\n\t\t<div data-particle_enable=\"false\" data-particle-mobile-disabled=\"false\" class=\"elementor-element elementor-element-58cc20c e-con-full e-flex e-con e-child\" data-id=\"58cc20c\" data-element_type=\"container\" data-settings=\"{&quot;background_background&quot;:&quot;classic&quot;}\">\n\t\t\t\t<div class=\"elementor-element elementor-element-e0b7ea6 elementor-widget elementor-widget-heading\" data-id=\"e0b7ea6\" data-element_type=\"widget\" data-widget_type=\"heading.default\">\n\t\t\t\t<div class=\"elementor-widget-container\">\n\t\t\t\t\t<h2 class=\"elementor-heading-title elementor-size-default\">KOMFORT<\/h2>\t\t\t\t<\/div>\n\t\t\t\t<\/div>\n\t\t\t\t<div class=\"elementor-element elementor-element-0cc5b51 elementor-widget elementor-widget-button\" data-id=\"0cc5b51\" data-element_type=\"widget\" data-widget_type=\"button.default\">\n\t\t\t\t<div class=\"elementor-widget-container\">\n\t\t\t\t\t\t\t\t\t<div class=\"elementor-button-wrapper\">\n\t\t\t\t\t<a class=\"elementor-button elementor-button-link elementor-size-sm\" href=\"https:\/\/www.klippan-safety.se\/pl\/komfort\/\">\n\t\t\t\t\t\t<span class=\"elementor-button-content-wrapper\">\n\t\t\t\t\t\t\t\t\t<span class=\"elementor-button-text\">Czytaj wi\u0119cej<\/span>\n\t\t\t\t\t<\/span>\n\t\t\t\t\t<\/a>\n\t\t\t\t<\/div>\n\t\t\t\t\t\t\t\t<\/div>\n\t\t\t\t<\/div>\n\t\t\t\t<\/div>\n\t\t<div data-particle_enable=\"false\" data-particle-mobile-disabled=\"false\" class=\"elementor-element elementor-element-6a3688e e-con-full e-flex e-con e-child\" data-id=\"6a3688e\" data-element_type=\"container\" data-settings=\"{&quot;background_background&quot;:&quot;classic&quot;}\">\n\t\t\t\t<div class=\"elementor-element elementor-element-63d9e0a elementor-widget elementor-widget-heading\" data-id=\"63d9e0a\" data-element_type=\"widget\" data-widget_type=\"heading.default\">\n\t\t\t\t<div class=\"elementor-widget-container\">\n\t\t\t\t\t<h2 class=\"elementor-heading-title elementor-size-default\">ROZW\u00d3J<\/h2>\t\t\t\t<\/div>\n\t\t\t\t<\/div>\n\t\t\t\t<div class=\"elementor-element elementor-element-8a63b0c elementor-widget elementor-widget-button\" data-id=\"8a63b0c\" data-element_type=\"widget\" data-widget_type=\"button.default\">\n\t\t\t\t<div class=\"elementor-widget-container\">\n\t\t\t\t\t\t\t\t\t<div class=\"elementor-button-wrapper\">\n\t\t\t\t\t<a class=\"elementor-button elementor-button-link elementor-size-sm\" href=\"https:\/\/www.klippan-safety.se\/pl\/rozwoj\/\">\n\t\t\t\t\t\t<span class=\"elementor-button-content-wrapper\">\n\t\t\t\t\t\t\t\t\t<span class=\"elementor-button-text\">Czytaj wi\u0119cej<\/span>\n\t\t\t\t\t<\/span>\n\t\t\t\t\t<\/a>\n\t\t\t\t<\/div>\n\t\t\t\t\t\t\t\t<\/div>\n\t\t\t\t<\/div>\n\t\t\t\t<\/div>\n\t\t\t\t<\/div>\n\t\t\t\t<\/div>","protected":false},"excerpt":{"rendered":"<p>Lastbilar Klippan Safety utvecklar och producerar system och komponenter f\u00f6r komfort i lastbilshytter. Bekv\u00e4ma och ergonomiska s\u00e4ngar, kompletterat med f\u00f6rvaringssystem f\u00f6r praktisk lagring av tillh\u00f6righeter, f\u00f6r b\u00e5de f\u00f6rare och passagerare. F\u00f6rvaringssystem S\u00e4ngar Klippan Safety erbjuder modul\u00e4ra s\u00e4kerhetsbritsar och s\u00e4ngar. S\u00e4ngbreddare, vilostolsfunktioner och fallskydd integreras i s\u00e4ngar f\u00f6r att m\u00f6ta kundernas f\u00f6rv\u00e4ntningar. Komfortpaket och madrasser kan [&hellip;]<\/p>","protected":false},"author":1,"featured_media":0,"parent":431,"menu_order":0,"comment_status":"closed","ping_status":"closed","template":"","meta":{"footnotes":""},"class_list":["post-748","page","type-page","status-publish","hentry"],"_links":{"self":[{"href":"https:\/\/www.klippan-safety.se\/pl\/wp-json\/wp\/v2\/pages\/748","targetHints":{"allow":["GET"]}}],"collection":[{"href":"https:\/\/www.klippan-safety.se\/pl\/wp-json\/wp\/v2\/pages"}],"about":[{"href":"https:\/\/www.klippan-safety.se\/pl\/wp-json\/wp\/v2\/types\/page"}],"author":[{"embeddable":true,"href":"https:\/\/www.klippan-safety.se\/pl\/wp-json\/wp\/v2\/users\/1"}],"replies":[{"embeddable":true,"href":"https:\/\/www.klippan-safety.se\/pl\/wp-json\/wp\/v2\/comments?post=748"}],"version-history":[{"count":46,"href":"https:\/\/www.klippan-safety.se\/pl\/wp-json\/wp\/v2\/pages\/748\/revisions"}],"predecessor-version":[{"id":1707,"href":"https:\/\/www.klippan-safety.se\/pl\/wp-json\/wp\/v2\/pages\/748\/revisions\/1707"}],"up":[{"embeddable":true,"href":"https:\/\/www.klippan-safety.se\/pl\/wp-json\/wp\/v2\/pages\/431"}],"wp:attachment":[{"href":"https:\/\/www.klippan-safety.se\/pl\/wp-json\/wp\/v2\/media?parent=748"}],"curies":[{"name":"wp","href":"https:\/\/api.w.org\/{rel}","templated":true}]}}