{"id":270,"date":"2023-12-18T16:26:37","date_gmt":"2023-12-18T15:26:37","guid":{"rendered":"http:\/\/klippan-safety.se.loopiadns.com\/?page_id=270"},"modified":"2024-10-16T06:46:36","modified_gmt":"2024-10-16T05:46:36","slug":"seguranca","status":"publish","type":"page","link":"https:\/\/www.klippan-safety.se\/pt\/seguranca\/","title":{"rendered":"Seguran\u00e7a"},"content":{"rendered":"<div data-elementor-type=\"wp-post\" data-elementor-id=\"270\" class=\"elementor elementor-270\" data-elementor-post-type=\"page\">\n\t\t\t\t<div data-particle_enable=\"false\" data-particle-mobile-disabled=\"false\" class=\"elementor-element elementor-element-5081b8a e-flex e-con-boxed e-con e-parent\" data-id=\"5081b8a\" data-element_type=\"container\" data-settings=\"{&quot;background_background&quot;:&quot;classic&quot;}\">\n\t\t\t\t\t<div class=\"e-con-inner\">\n\t\t\t\t\t<\/div>\n\t\t\t\t<\/div>\n\t\t<div data-particle_enable=\"false\" data-particle-mobile-disabled=\"false\" class=\"elementor-element elementor-element-fc1e577 e-flex e-con-boxed e-con e-parent\" data-id=\"fc1e577\" data-element_type=\"container\">\n\t\t\t\t\t<div class=\"e-con-inner\">\n\t\t<div data-particle_enable=\"false\" data-particle-mobile-disabled=\"false\" class=\"elementor-element elementor-element-d82ad5f e-con-full e-flex e-con e-child\" data-id=\"d82ad5f\" data-element_type=\"container\">\n\t\t\t\t<div class=\"elementor-element elementor-element-aa32f01 elementor-widget elementor-widget-heading\" data-id=\"aa32f01\" data-element_type=\"widget\" data-widget_type=\"heading.default\">\n\t\t\t\t<div class=\"elementor-widget-container\">\n\t\t\t\t\t<h1 class=\"elementor-heading-title elementor-size-default\">Seguran\u00e7a em primeiro lugar<\/h1>\t\t\t\t<\/div>\n\t\t\t\t<\/div>\n\t\t\t\t<div class=\"elementor-element elementor-element-56d435b elementor-widget elementor-widget-text-editor\" data-id=\"56d435b\" data-element_type=\"widget\" data-widget_type=\"text-editor.default\">\n\t\t\t\t<div class=\"elementor-widget-container\">\n\t\t\t\t\t\t\t\t\t<p>Para criar ve\u00edculos com as melhores caracter\u00edsticas e fazer a vida \u00e0 bordo mais segura \u00e9 necess\u00e1rio conhecimento, experi\u00eancia e precis\u00e3o.<\/p><p>Por mais de meio s\u00e9culo, a Klippan Safety tem trabalhado para tornar o tr\u00e1fego rodovi\u00e1rio mais seguro. N\u00f3s temos desenvolvido novos produtos e materiais e tamb\u00e9m investido em nosso centro de testes de colis\u00e3o para estarmos sempre prontos para testar ideias e produtos o mais pr\u00f3ximo poss\u00edvel da realidade.<\/p><p>Seguran\u00e7a \u00e9 uma \u00e1rea em foco e em crescimento na ind\u00fastria automotiva atual. Com uma larga experi\u00eancia e produtos atuais, n\u00f3s estamos na vanguarda do desenvolvimento de produtos para seguran\u00e7a veicular. \u00c9 por isto que voc\u00ea encontra os produtos da Klippan Safety nas rodovias de todo o mundo.<\/p>\t\t\t\t\t\t\t\t<\/div>\n\t\t\t\t<\/div>\n\t\t\t\t<\/div>\n\t\t\t\t\t<\/div>\n\t\t\t\t<\/div>\n\t\t<div data-particle_enable=\"false\" data-particle-mobile-disabled=\"false\" class=\"elementor-element elementor-element-56cc0b1 e-flex e-con-boxed e-con e-parent\" data-id=\"56cc0b1\" data-element_type=\"container\" data-settings=\"{&quot;background_background&quot;:&quot;classic&quot;}\">\n\t\t\t\t\t<div class=\"e-con-inner\">\n\t\t<div data-particle_enable=\"false\" data-particle-mobile-disabled=\"false\" class=\"elementor-element elementor-element-3a17dbd e-con-full e-flex e-con e-child\" data-id=\"3a17dbd\" data-element_type=\"container\">\n\t\t\t\t<div class=\"elementor-element elementor-element-c076011 elementor-widget elementor-widget-heading\" data-id=\"c076011\" data-element_type=\"widget\" data-widget_type=\"heading.default\">\n\t\t\t\t<div class=\"elementor-widget-container\">\n\t\t\t\t\t<h1 class=\"elementor-heading-title elementor-size-default\">Seu produto pode se tornar realidade!<br>\nNosso centro de ensaios de colis\u00e3o pode te dar a reposta.<\/h1>\t\t\t\t<\/div>\n\t\t\t\t<\/div>\n\t\t\t\t<div class=\"elementor-element elementor-element-32bef4e elementor-widget elementor-widget-text-editor\" data-id=\"32bef4e\" data-element_type=\"widget\" data-widget_type=\"text-editor.default\">\n\t\t\t\t<div class=\"elementor-widget-container\">\n\t\t\t\t\t\t\t\t\t<p>Seguran\u00e7a e caracter\u00edsticas que atendam os testes de colis\u00e3o s\u00e3o importantes e s\u00e3o um foco crescente na ind\u00fastria automotiva. <br \/>\u00c9 por isso que n\u00f3s temos investido em nosso centro de ensaios de colis\u00e3o, tornando mais r\u00e1pido e f\u00e1cil realizar os testes fazendo com que nosso n\u00edvel de conhecimento seja imbat\u00edvel.<\/p>\t\t\t\t\t\t\t\t<\/div>\n\t\t\t\t<\/div>\n\t\t\t\t<\/div>\n\t\t<div data-particle_enable=\"false\" data-particle-mobile-disabled=\"false\" class=\"elementor-element elementor-element-79c3511 e-flex e-con-boxed e-con e-child\" data-id=\"79c3511\" data-element_type=\"container\" data-settings=\"{&quot;background_background&quot;:&quot;slideshow&quot;,&quot;background_slideshow_gallery&quot;:[],&quot;background_slideshow_loop&quot;:&quot;yes&quot;,&quot;background_slideshow_slide_duration&quot;:5000,&quot;background_slideshow_slide_transition&quot;:&quot;fade&quot;,&quot;background_slideshow_transition_duration&quot;:500}\">\n\t\t\t\t\t<div class=\"e-con-inner\">\n\t\t\t\t\t<\/div>\n\t\t\t\t<\/div>\n\t\t\t\t\t<\/div>\n\t\t\t\t<\/div>\n\t\t<div data-particle_enable=\"false\" data-particle-mobile-disabled=\"false\" class=\"elementor-element elementor-element-f5deffb e-flex e-con-boxed e-con e-parent\" data-id=\"f5deffb\" data-element_type=\"container\" data-settings=\"{&quot;background_background&quot;:&quot;classic&quot;}\">\n\t\t\t\t\t<div class=\"e-con-inner\">\n\t\t<div data-particle_enable=\"false\" data-particle-mobile-disabled=\"false\" class=\"elementor-element elementor-element-6486fb1 e-con-full e-flex e-con e-child\" data-id=\"6486fb1\" data-element_type=\"container\">\n\t\t\t\t<div class=\"elementor-element elementor-element-d16d3dc elementor-widget elementor-widget-text-editor\" data-id=\"d16d3dc\" data-element_type=\"widget\" data-widget_type=\"text-editor.default\">\n\t\t\t\t<div class=\"elementor-widget-container\">\n\t\t\t\t\t\t\t\t\t<p>O ensaio de colis\u00e3o nos d\u00e1 a oportunidade de desenvolver produtos com melhores caracter\u00edsticas para atender os testes de colis\u00e3o, reduzindo assim os riscos durante o transporte. Entretanto, nosso centro de compet\u00eancia de seguran\u00e7a e tecnologia n\u00e3o \u00e9 apenas utilizado para as atividades internas da Klippan Safety, mas tamb\u00e9m oferecemos estes servi\u00e7os \u00e0 outras empresas.<\/p><p>Com a nossa pista de testes de colis\u00e3o, n\u00f3s podemos testar todos os pulsos de colis\u00e3o tipicamente utilizados na ind\u00fastria automotiva, com desacelera\u00e7\u00e3o de at\u00e9 50g. Nossa pista de testes de colis\u00e3o \u00e9 operada por engenheiros experientes com extenso conhecimento em testes de colis\u00e3o e simula\u00e7\u00e3o. A Klippan Safety realiza ensaios est\u00e1ticos e din\u00e2micos para assegurar que os requisitos legais e espec\u00edficos de cada cliente sejam atendidos.<\/p>\t\t\t\t\t\t\t\t<\/div>\n\t\t\t\t<\/div>\n\t\t\t\t<\/div>\n\t\t<div data-particle_enable=\"false\" data-particle-mobile-disabled=\"false\" class=\"elementor-element elementor-element-1555232 e-con-full e-flex e-con e-child\" data-id=\"1555232\" data-element_type=\"container\">\n\t\t\t\t<div class=\"elementor-element elementor-element-7681523 elementor-widget elementor-widget-text-editor\" data-id=\"7681523\" data-element_type=\"widget\" data-widget_type=\"text-editor.default\">\n\t\t\t\t<div class=\"elementor-widget-container\">\n\t\t\t\t\t\t\t\t\t<p>Nossa piste de testes de colis\u00e3o \u00e9 baseada em um dispositivo universal e sua acelera\u00e7\u00e3o se d\u00e1 por um conjunto de el\u00e1sticos.  O dispositivo \u00e9 retartado pela deforma\u00e7\u00e3o das barras de a\u00e7o que permite a regulagem precisa do impacto. Sua velocidade inicial e curva de desacelera\u00e7\u00e3o podem ser adaptadas para cada carga e tipo de colis\u00e3o para gerar um resultado preciso.<\/p><p><span style=\"color: #2d4188\"><a style=\"color: #2d4188\" href=\"https:\/\/www.klippan-safety.se\/wp-content\/uploads\/2024\/01\/crashtesting.pdf\">Crash Testing at Klippan Safety (PDF)<\/a><\/span><\/p>\t\t\t\t\t\t\t\t<\/div>\n\t\t\t\t<\/div>\n\t\t\t\t<\/div>\n\t\t\t\t\t<\/div>\n\t\t\t\t<\/div>\n\t\t<div data-particle_enable=\"false\" data-particle-mobile-disabled=\"false\" class=\"elementor-element elementor-element-4d681ea e-flex e-con-boxed e-con e-parent\" data-id=\"4d681ea\" data-element_type=\"container\" data-settings=\"{&quot;background_background&quot;:&quot;classic&quot;}\">\n\t\t\t\t\t<div class=\"e-con-inner\">\n\t\t<div data-particle_enable=\"false\" data-particle-mobile-disabled=\"false\" class=\"elementor-element elementor-element-f5154e0 e-con-full e-flex e-con e-child\" data-id=\"f5154e0\" data-element_type=\"container\">\n\t\t\t\t<div class=\"elementor-element elementor-element-29d0584 elementor-widget elementor-widget-heading\" data-id=\"29d0584\" data-element_type=\"widget\" data-widget_type=\"heading.default\">\n\t\t\t\t<div class=\"elementor-widget-container\">\n\t\t\t\t\t<h2 class=\"elementor-heading-title elementor-size-default\">ESPECIFICA\u00c7\u00c3O<\/h2>\t\t\t\t<\/div>\n\t\t\t\t<\/div>\n\t\t\t\t<div class=\"elementor-element elementor-element-3e20384 elementor-widget elementor-widget-text-editor\" data-id=\"3e20384\" data-element_type=\"widget\" data-widget_type=\"text-editor.default\">\n\t\t\t\t<div class=\"elementor-widget-container\">\n\t\t\t\t\t\t\t\t\t<p style=\"text-align: center\">Comprimento da pista: 30 m<\/p><p style=\"text-align: center\">Tipo de freio: \"Bending Bar\"<\/p><p style=\"text-align: center\">C\u00e2mera de alta velocidade (1,000 fps)<\/p><p style=\"text-align: center\">M\u00faltiplas capacidades de c\u00e9lulas de carga<\/p>\t\t\t\t\t\t\t\t<\/div>\n\t\t\t\t<\/div>\n\t\t\t\t<\/div>\n\t\t<div data-particle_enable=\"false\" data-particle-mobile-disabled=\"false\" class=\"elementor-element elementor-element-76c3b60 e-flex e-con-boxed e-con e-child\" data-id=\"76c3b60\" data-element_type=\"container\" data-settings=\"{&quot;background_background&quot;:&quot;slideshow&quot;,&quot;background_slideshow_gallery&quot;:[],&quot;background_slideshow_loop&quot;:&quot;yes&quot;,&quot;background_slideshow_slide_duration&quot;:5000,&quot;background_slideshow_slide_transition&quot;:&quot;fade&quot;,&quot;background_slideshow_transition_duration&quot;:500}\">\n\t\t\t\t\t<div class=\"e-con-inner\">\n\t\t\t\t<div class=\"elementor-element elementor-element-07e580b elementor-widget elementor-widget-heading\" data-id=\"07e580b\" data-element_type=\"widget\" data-widget_type=\"heading.default\">\n\t\t\t\t<div class=\"elementor-widget-container\">\n\t\t\t\t\t<h2 class=\"elementor-heading-title elementor-size-default\">OUTRAS INFORMA\u00c7\u00d5ES<\/h2>\t\t\t\t<\/div>\n\t\t\t\t<\/div>\n\t\t\t\t<div class=\"elementor-element elementor-element-e17f09d elementor-widget elementor-widget-text-editor\" data-id=\"e17f09d\" data-element_type=\"widget\" data-widget_type=\"text-editor.default\">\n\t\t\t\t<div class=\"elementor-widget-container\">\n\t\t\t\t\t\t\t\t\t<p style=\"text-align: center\">Capacidade de carga do dispositivo (incluindo suportes): at\u00e9 500 kg<\/p><p style=\"text-align: center\">Velocidade: at\u00e9 50 km\/h<\/p><p style=\"text-align: center\">Desacelera\u00e7\u00e3o: at\u00e9 50 g<\/p><p style=\"text-align: center\">Pulsos de colis\u00e3o: UN ECE R16, UN ECE R17 ou requisitos espec\u00edficos de cada cliente<\/p>\t\t\t\t\t\t\t\t<\/div>\n\t\t\t\t<\/div>\n\t\t\t\t\t<\/div>\n\t\t\t\t<\/div>\n\t\t\t\t\t<\/div>\n\t\t\t\t<\/div>\n\t\t<div data-particle_enable=\"false\" data-particle-mobile-disabled=\"false\" class=\"elementor-element elementor-element-5cb9f30 e-con-full e-flex e-con e-parent\" data-id=\"5cb9f30\" data-element_type=\"container\">\n\t\t<div data-particle_enable=\"false\" data-particle-mobile-disabled=\"false\" class=\"elementor-element elementor-element-37ff14f e-con-full e-flex e-con e-child\" data-id=\"37ff14f\" data-element_type=\"container\" data-settings=\"{&quot;background_background&quot;:&quot;classic&quot;}\">\n\t\t\t\t<div class=\"elementor-element elementor-element-d7592b9 elementor-widget elementor-widget-heading\" data-id=\"d7592b9\" data-element_type=\"widget\" data-widget_type=\"heading.default\">\n\t\t\t\t<div class=\"elementor-widget-container\">\n\t\t\t\t\t<h2 class=\"elementor-heading-title elementor-size-default\">CONFORTO<\/h2>\t\t\t\t<\/div>\n\t\t\t\t<\/div>\n\t\t\t\t<div class=\"elementor-element elementor-element-c1da1ac elementor-widget elementor-widget-button\" data-id=\"c1da1ac\" data-element_type=\"widget\" data-widget_type=\"button.default\">\n\t\t\t\t<div class=\"elementor-widget-container\">\n\t\t\t\t\t\t\t\t\t<div class=\"elementor-button-wrapper\">\n\t\t\t\t\t<a class=\"elementor-button elementor-button-link elementor-size-sm\" href=\"https:\/\/www.klippan-safety.se\/pt\/conforto\/\">\n\t\t\t\t\t\t<span class=\"elementor-button-content-wrapper\">\n\t\t\t\t\t\t\t\t\t<span class=\"elementor-button-text\">Leia mais<\/span>\n\t\t\t\t\t<\/span>\n\t\t\t\t\t<\/a>\n\t\t\t\t<\/div>\n\t\t\t\t\t\t\t\t<\/div>\n\t\t\t\t<\/div>\n\t\t\t\t<\/div>\n\t\t<div data-particle_enable=\"false\" data-particle-mobile-disabled=\"false\" class=\"elementor-element elementor-element-41d2aa4 e-con-full e-flex e-con e-child\" data-id=\"41d2aa4\" data-element_type=\"container\" data-settings=\"{&quot;background_background&quot;:&quot;classic&quot;}\">\n\t\t\t\t<div class=\"elementor-element elementor-element-72cb022 elementor-widget elementor-widget-heading\" data-id=\"72cb022\" data-element_type=\"widget\" data-widget_type=\"heading.default\">\n\t\t\t\t<div class=\"elementor-widget-container\">\n\t\t\t\t\t<h2 class=\"elementor-heading-title elementor-size-default\">DESENVOLVIMENTO<\/h2>\t\t\t\t<\/div>\n\t\t\t\t<\/div>\n\t\t\t\t<div class=\"elementor-element elementor-element-7ae8e90 elementor-widget elementor-widget-button\" data-id=\"7ae8e90\" data-element_type=\"widget\" data-widget_type=\"button.default\">\n\t\t\t\t<div class=\"elementor-widget-container\">\n\t\t\t\t\t\t\t\t\t<div class=\"elementor-button-wrapper\">\n\t\t\t\t\t<a class=\"elementor-button elementor-button-link elementor-size-sm\" href=\"https:\/\/www.klippan-safety.se\/pt\/desenvolvimento\/\">\n\t\t\t\t\t\t<span class=\"elementor-button-content-wrapper\">\n\t\t\t\t\t\t\t\t\t<span class=\"elementor-button-text\">Leia mais<\/span>\n\t\t\t\t\t<\/span>\n\t\t\t\t\t<\/a>\n\t\t\t\t<\/div>\n\t\t\t\t\t\t\t\t<\/div>\n\t\t\t\t<\/div>\n\t\t\t\t<\/div>\n\t\t\t\t<\/div>\n\t\t\t\t<\/div>","protected":false},"excerpt":{"rendered":"<p>S\u00e4kerheten kommer alltid f\u00f6rst F\u00f6r att skapa fordon med b\u00e4ttre krockegenskaper och f\u00f6r att g\u00f6ra livet i och kring v\u00e5ra fordon s\u00e4krare kr\u00e4vs kunskap, erfarenhet och noggrannhet. Klippan Safety har under mer \u00e4n ett halvt sekel arbetat med att g\u00f6ra v\u00e4gtrafiken s\u00e4krare. Vi har utvecklat nya produkter och material och \u00e4ven satsat p\u00e5 en egen [&hellip;]<\/p>","protected":false},"author":1,"featured_media":0,"parent":0,"menu_order":0,"comment_status":"closed","ping_status":"closed","template":"","meta":{"footnotes":""},"class_list":["post-270","page","type-page","status-publish","hentry"],"_links":{"self":[{"href":"https:\/\/www.klippan-safety.se\/pt\/wp-json\/wp\/v2\/pages\/270","targetHints":{"allow":["GET"]}}],"collection":[{"href":"https:\/\/www.klippan-safety.se\/pt\/wp-json\/wp\/v2\/pages"}],"about":[{"href":"https:\/\/www.klippan-safety.se\/pt\/wp-json\/wp\/v2\/types\/page"}],"author":[{"embeddable":true,"href":"https:\/\/www.klippan-safety.se\/pt\/wp-json\/wp\/v2\/users\/1"}],"replies":[{"embeddable":true,"href":"https:\/\/www.klippan-safety.se\/pt\/wp-json\/wp\/v2\/comments?post=270"}],"version-history":[{"count":79,"href":"https:\/\/www.klippan-safety.se\/pt\/wp-json\/wp\/v2\/pages\/270\/revisions"}],"predecessor-version":[{"id":1695,"href":"https:\/\/www.klippan-safety.se\/pt\/wp-json\/wp\/v2\/pages\/270\/revisions\/1695"}],"wp:attachment":[{"href":"https:\/\/www.klippan-safety.se\/pt\/wp-json\/wp\/v2\/media?parent=270"}],"curies":[{"name":"wp","href":"https:\/\/api.w.org\/{rel}","templated":true}]}}