{"id":310,"date":"2023-12-18T17:16:57","date_gmt":"2023-12-18T16:16:57","guid":{"rendered":"http:\/\/klippan-safety.se.loopiadns.com\/?page_id=310"},"modified":"2024-10-10T10:34:32","modified_gmt":"2024-10-10T09:34:32","slug":"conforto","status":"publish","type":"page","link":"https:\/\/www.klippan-safety.se\/pt\/conforto\/","title":{"rendered":"Conforto"},"content":{"rendered":"<div data-elementor-type=\"wp-post\" data-elementor-id=\"310\" class=\"elementor elementor-310\" data-elementor-post-type=\"page\">\n\t\t\t\t<div data-particle_enable=\"false\" data-particle-mobile-disabled=\"false\" class=\"elementor-element elementor-element-5081b8a e-flex e-con-boxed e-con e-parent\" data-id=\"5081b8a\" data-element_type=\"container\" data-settings=\"{&quot;background_background&quot;:&quot;classic&quot;}\">\n\t\t\t\t\t<div class=\"e-con-inner\">\n\t\t\t\t\t<\/div>\n\t\t\t\t<\/div>\n\t\t<div data-particle_enable=\"false\" data-particle-mobile-disabled=\"false\" class=\"elementor-element elementor-element-fc1e577 e-flex e-con-boxed e-con e-parent\" data-id=\"fc1e577\" data-element_type=\"container\">\n\t\t\t\t\t<div class=\"e-con-inner\">\n\t\t<div data-particle_enable=\"false\" data-particle-mobile-disabled=\"false\" class=\"elementor-element elementor-element-d82ad5f e-con-full e-flex e-con e-child\" data-id=\"d82ad5f\" data-element_type=\"container\">\n\t\t\t\t<div class=\"elementor-element elementor-element-aa32f01 elementor-widget elementor-widget-heading\" data-id=\"aa32f01\" data-element_type=\"widget\" data-widget_type=\"heading.default\">\n\t\t\t\t<div class=\"elementor-widget-container\">\n\t\t\t\t\t<h1 class=\"elementor-heading-title elementor-size-default\">Conforto \u00e9 a chave<\/h1>\t\t\t\t<\/div>\n\t\t\t\t<\/div>\n\t\t\t\t<div class=\"elementor-element elementor-element-39c6dcd elementor-widget elementor-widget-text-editor\" data-id=\"39c6dcd\" data-element_type=\"widget\" data-widget_type=\"text-editor.default\">\n\t\t\t\t<div class=\"elementor-widget-container\">\n\t\t\t\t\t\t\t\t\t<p>Conforto \u00e9 a chave para o bem estar, efici\u00eancia e seguran\u00e7a no interior dos ve\u00edculos. A Klippan Safety tem extensa experi\u00eancia em desenvolver produtos confort\u00e1veis para atender \u00e0s altas demandas de nossos clientes<\/p><p>Quem conta com conforto ao dirigir, n\u00e3o faz apenas um trabalho melhor, mas tamb\u00e9m muito mais seguro.<\/p><p>Durante muitos anos, a Klippan Safety acumulou um conhecimento s\u00f3lido sobre conforto e como ele pode ser otimizado durante o processo de desenvolvimento. Este amplo conhecimento tem sido continuamente desenvolvido atrav\u00e9s de estudos de campo com motoristas e medi\u00e7\u00f5es laboratoriais de caracter\u00edsticas de conforto.<\/p><p>Exemplos como estes s\u00e3o medi\u00e7\u00f5es de permeabilidade e mapeamentos de press\u00e3o para avalia\u00e7\u00e3o ergon\u00f4mics entre o corpo humano e diferentes tipos de colch\u00f5es e revestimentos. A colabora\u00e7\u00e3o com os principais institutos de testes na Europa e as ind\u00fastria de colch\u00f5es residenciais tamb\u00e9m contribuem com informa\u00e7\u00f5es valiosas para o desenvolvimento nas \u00e1reas de ergonomia e conforto.<\/p>\t\t\t\t\t\t\t\t<\/div>\n\t\t\t\t<\/div>\n\t\t\t\t<\/div>\n\t\t\t\t\t<\/div>\n\t\t\t\t<\/div>\n\t\t<div data-particle_enable=\"false\" data-particle-mobile-disabled=\"false\" class=\"elementor-element elementor-element-56cc0b1 elementor-hidden-desktop elementor-hidden-tablet elementor-hidden-mobile e-flex e-con-boxed e-con e-parent\" data-id=\"56cc0b1\" data-element_type=\"container\" data-settings=\"{&quot;background_background&quot;:&quot;classic&quot;}\">\n\t\t\t\t\t<div class=\"e-con-inner\">\n\t\t<div data-particle_enable=\"false\" data-particle-mobile-disabled=\"false\" class=\"elementor-element elementor-element-3a17dbd e-con-full e-flex e-con e-child\" data-id=\"3a17dbd\" data-element_type=\"container\">\n\t\t\t\t<div class=\"elementor-element elementor-element-c076011 elementor-widget elementor-widget-heading\" data-id=\"c076011\" data-element_type=\"widget\" data-widget_type=\"heading.default\">\n\t\t\t\t<div class=\"elementor-widget-container\">\n\t\t\t\t\t<h1 class=\"elementor-heading-title elementor-size-default\">Vill du veta mer om Klippan Safetys syn p\u00e5 ergonomi?<\/h1>\t\t\t\t<\/div>\n\t\t\t\t<\/div>\n\t\t\t\t<div class=\"elementor-element elementor-element-98dc15d elementor-widget elementor-widget-text-editor\" data-id=\"98dc15d\" data-element_type=\"widget\" data-widget_type=\"text-editor.default\">\n\t\t\t\t<div class=\"elementor-widget-container\">\n\t\t\t\t\t\t\t\t\t<p>Finns det underlag p\u00e5 detta?<\/p><p>preasure mapping? ev fr daniel<\/p>\t\t\t\t\t\t\t\t<\/div>\n\t\t\t\t<\/div>\n\t\t\t\t<\/div>\n\t\t<div data-particle_enable=\"false\" data-particle-mobile-disabled=\"false\" class=\"elementor-element elementor-element-79c3511 e-flex e-con-boxed e-con e-child\" data-id=\"79c3511\" data-element_type=\"container\" data-settings=\"{&quot;background_background&quot;:&quot;slideshow&quot;,&quot;background_slideshow_gallery&quot;:[],&quot;background_slideshow_loop&quot;:&quot;yes&quot;,&quot;background_slideshow_slide_duration&quot;:5000,&quot;background_slideshow_slide_transition&quot;:&quot;fade&quot;,&quot;background_slideshow_transition_duration&quot;:500}\">\n\t\t\t\t\t<div class=\"e-con-inner\">\n\t\t\t\t\t<\/div>\n\t\t\t\t<\/div>\n\t\t\t\t\t<\/div>\n\t\t\t\t<\/div>\n\t\t<div data-particle_enable=\"false\" data-particle-mobile-disabled=\"false\" class=\"elementor-element elementor-element-5cb9f30 e-con-full e-flex e-con e-parent\" data-id=\"5cb9f30\" data-element_type=\"container\">\n\t\t<div data-particle_enable=\"false\" data-particle-mobile-disabled=\"false\" class=\"elementor-element elementor-element-37ff14f e-con-full e-flex e-con e-child\" data-id=\"37ff14f\" data-element_type=\"container\" data-settings=\"{&quot;background_background&quot;:&quot;classic&quot;}\">\n\t\t\t\t<div class=\"elementor-element elementor-element-d7592b9 elementor-widget elementor-widget-heading\" data-id=\"d7592b9\" data-element_type=\"widget\" data-widget_type=\"heading.default\">\n\t\t\t\t<div class=\"elementor-widget-container\">\n\t\t\t\t\t<h2 class=\"elementor-heading-title elementor-size-default\">SEGURAN\u00c7A<\/h2>\t\t\t\t<\/div>\n\t\t\t\t<\/div>\n\t\t\t\t<div class=\"elementor-element elementor-element-c1da1ac elementor-widget elementor-widget-button\" data-id=\"c1da1ac\" data-element_type=\"widget\" data-widget_type=\"button.default\">\n\t\t\t\t<div class=\"elementor-widget-container\">\n\t\t\t\t\t\t\t\t\t<div class=\"elementor-button-wrapper\">\n\t\t\t\t\t<a class=\"elementor-button elementor-button-link elementor-size-sm\" href=\"https:\/\/www.klippan-safety.se\/pt\/seguranca\/\">\n\t\t\t\t\t\t<span class=\"elementor-button-content-wrapper\">\n\t\t\t\t\t\t\t\t\t<span class=\"elementor-button-text\">Leia mais<\/span>\n\t\t\t\t\t<\/span>\n\t\t\t\t\t<\/a>\n\t\t\t\t<\/div>\n\t\t\t\t\t\t\t\t<\/div>\n\t\t\t\t<\/div>\n\t\t\t\t<\/div>\n\t\t<div data-particle_enable=\"false\" data-particle-mobile-disabled=\"false\" class=\"elementor-element elementor-element-41d2aa4 e-con-full e-flex e-con e-child\" data-id=\"41d2aa4\" data-element_type=\"container\" data-settings=\"{&quot;background_background&quot;:&quot;classic&quot;}\">\n\t\t\t\t<div class=\"elementor-element elementor-element-72cb022 elementor-widget elementor-widget-heading\" data-id=\"72cb022\" data-element_type=\"widget\" data-widget_type=\"heading.default\">\n\t\t\t\t<div class=\"elementor-widget-container\">\n\t\t\t\t\t<h2 class=\"elementor-heading-title elementor-size-default\">DESENVOLVIMENTO<\/h2>\t\t\t\t<\/div>\n\t\t\t\t<\/div>\n\t\t\t\t<div class=\"elementor-element elementor-element-7ae8e90 elementor-widget elementor-widget-button\" data-id=\"7ae8e90\" data-element_type=\"widget\" data-widget_type=\"button.default\">\n\t\t\t\t<div class=\"elementor-widget-container\">\n\t\t\t\t\t\t\t\t\t<div class=\"elementor-button-wrapper\">\n\t\t\t\t\t<a class=\"elementor-button elementor-button-link elementor-size-sm\" href=\"https:\/\/www.klippan-safety.se\/pt\/desenvolvimento\/\">\n\t\t\t\t\t\t<span class=\"elementor-button-content-wrapper\">\n\t\t\t\t\t\t\t\t\t<span class=\"elementor-button-text\">Leia mais<\/span>\n\t\t\t\t\t<\/span>\n\t\t\t\t\t<\/a>\n\t\t\t\t<\/div>\n\t\t\t\t\t\t\t\t<\/div>\n\t\t\t\t<\/div>\n\t\t\t\t<\/div>\n\t\t\t\t<\/div>\n\t\t\t\t<\/div>","protected":false},"excerpt":{"rendered":"<p>Komfort \u00e4r avg\u00f6rande God komfort \u00e4r en nyckel till trivsel, effektivitet och s\u00e4kerhet i alla fordonsinredningar. Klippan Safety har l\u00e5ng erfarenhet av att utveckla produkter med komfort, f\u00f6r att m\u00f6ta v\u00e5ra kunders h\u00f6gt st\u00e4llda krav. Den som har en god arbetsmilj\u00f6 och \u00e4r utvilad g\u00f6r inte bara ett b\u00e4ttre jobb \u2013 utan arbetar ocks\u00e5 s\u00e4krare. [&hellip;]<\/p>","protected":false},"author":1,"featured_media":0,"parent":0,"menu_order":0,"comment_status":"closed","ping_status":"closed","template":"","meta":{"footnotes":""},"class_list":["post-310","page","type-page","status-publish","hentry"],"_links":{"self":[{"href":"https:\/\/www.klippan-safety.se\/pt\/wp-json\/wp\/v2\/pages\/310","targetHints":{"allow":["GET"]}}],"collection":[{"href":"https:\/\/www.klippan-safety.se\/pt\/wp-json\/wp\/v2\/pages"}],"about":[{"href":"https:\/\/www.klippan-safety.se\/pt\/wp-json\/wp\/v2\/types\/page"}],"author":[{"embeddable":true,"href":"https:\/\/www.klippan-safety.se\/pt\/wp-json\/wp\/v2\/users\/1"}],"replies":[{"embeddable":true,"href":"https:\/\/www.klippan-safety.se\/pt\/wp-json\/wp\/v2\/comments?post=310"}],"version-history":[{"count":42,"href":"https:\/\/www.klippan-safety.se\/pt\/wp-json\/wp\/v2\/pages\/310\/revisions"}],"predecessor-version":[{"id":1678,"href":"https:\/\/www.klippan-safety.se\/pt\/wp-json\/wp\/v2\/pages\/310\/revisions\/1678"}],"wp:attachment":[{"href":"https:\/\/www.klippan-safety.se\/pt\/wp-json\/wp\/v2\/media?parent=310"}],"curies":[{"name":"wp","href":"https:\/\/api.w.org\/{rel}","templated":true}]}}