{"id":318,"date":"2023-12-18T17:19:28","date_gmt":"2023-12-18T16:19:28","guid":{"rendered":"http:\/\/klippan-safety.se.loopiadns.com\/?page_id=318"},"modified":"2024-10-16T06:47:36","modified_gmt":"2024-10-16T05:47:36","slug":"desenvolvimento","status":"publish","type":"page","link":"https:\/\/www.klippan-safety.se\/pt\/desenvolvimento\/","title":{"rendered":"Desenvolvimento"},"content":{"rendered":"<div data-elementor-type=\"wp-post\" data-elementor-id=\"318\" class=\"elementor elementor-318\" data-elementor-post-type=\"page\">\n\t\t\t\t<div data-particle_enable=\"false\" data-particle-mobile-disabled=\"false\" class=\"elementor-element elementor-element-5081b8a e-flex e-con-boxed e-con e-parent\" data-id=\"5081b8a\" data-element_type=\"container\" data-settings=\"{&quot;background_background&quot;:&quot;classic&quot;}\">\n\t\t\t\t\t<div class=\"e-con-inner\">\n\t\t\t\t\t<\/div>\n\t\t\t\t<\/div>\n\t\t<div data-particle_enable=\"false\" data-particle-mobile-disabled=\"false\" class=\"elementor-element elementor-element-fc1e577 e-flex e-con-boxed e-con e-parent\" data-id=\"fc1e577\" data-element_type=\"container\">\n\t\t\t\t\t<div class=\"e-con-inner\">\n\t\t<div data-particle_enable=\"false\" data-particle-mobile-disabled=\"false\" class=\"elementor-element elementor-element-d82ad5f e-con-full e-flex e-con e-child\" data-id=\"d82ad5f\" data-element_type=\"container\">\n\t\t\t\t<div class=\"elementor-element elementor-element-aa32f01 elementor-widget elementor-widget-heading\" data-id=\"aa32f01\" data-element_type=\"widget\" data-widget_type=\"heading.default\">\n\t\t\t\t<div class=\"elementor-widget-container\">\n\t\t\t\t\t<h1 class=\"elementor-heading-title elementor-size-default\">Aberto \u00e0 novas id\u00e9ias \u2013 com uma vis\u00e3o de produ\u00e7\u00e3o eficiente\n<\/h1>\t\t\t\t<\/div>\n\t\t\t\t<\/div>\n\t\t\t\t<div class=\"elementor-element elementor-element-56d435b elementor-widget elementor-widget-text-editor\" data-id=\"56d435b\" data-element_type=\"widget\" data-widget_type=\"text-editor.default\">\n\t\t\t\t<div class=\"elementor-widget-container\">\n\t\t\t\t\t\t\t\t\t<p>O time de desenvolvimento da Klippan Safety trabalha em estreita colabora\u00e7\u00e3o com nossos clientes. O objetivo \u00e9 sempre desenvolver produtos que solucionem e atendam \u00e0s necessidades e desejos dos clientes, mas que tamb\u00e9m possam ser produzidos industrialmente de forma eficiente com excelente rela\u00e7\u00e3o custo-benef\u00edcio e com a qualidade requerida obedecendo o tempo de montagem determinado.<\/p>\t\t\t\t\t\t\t\t<\/div>\n\t\t\t\t<\/div>\n\t\t\t\t<\/div>\n\t\t\t\t\t<\/div>\n\t\t\t\t<\/div>\n\t\t<div data-particle_enable=\"false\" data-particle-mobile-disabled=\"false\" class=\"elementor-element elementor-element-56cc0b1 e-flex e-con-boxed e-con e-parent\" data-id=\"56cc0b1\" data-element_type=\"container\" data-settings=\"{&quot;background_background&quot;:&quot;classic&quot;}\">\n\t\t\t\t\t<div class=\"e-con-inner\">\n\t\t<div data-particle_enable=\"false\" data-particle-mobile-disabled=\"false\" class=\"elementor-element elementor-element-3a17dbd e-con-full e-flex e-con e-child\" data-id=\"3a17dbd\" data-element_type=\"container\">\n\t\t\t\t<div class=\"elementor-element elementor-element-c076011 elementor-widget elementor-widget-heading\" data-id=\"c076011\" data-element_type=\"widget\" data-widget_type=\"heading.default\">\n\t\t\t\t<div class=\"elementor-widget-container\">\n\t\t\t\t\t<h1 class=\"elementor-heading-title elementor-size-default\">A jornada entre a id\u00e9ia para a produ\u00e7\u00e3o eficiente<\/h1>\t\t\t\t<\/div>\n\t\t\t\t<\/div>\n\t\t\t\t<div class=\"elementor-element elementor-element-2482e7e elementor-widget elementor-widget-text-editor\" data-id=\"2482e7e\" data-element_type=\"widget\" data-widget_type=\"text-editor.default\">\n\t\t\t\t<div class=\"elementor-widget-container\">\n\t\t\t\t\t\t\t\t\t<div>O sistema de gerenciamento de projetos da Klippan garante que os custos, a qualidade e ciclo de produ\u00e7\u00e3o sejam garantidos para atender os objetivos.<\/div><div>Nosso processo de desenvolvimento de produtos nos torna um parceiro sistemista eficiente e organizado em cada etapa do processo, desde a ideia inicial at\u00e9 o projeto final.<\/div>\t\t\t\t\t\t\t\t<\/div>\n\t\t\t\t<\/div>\n\t\t\t\t<\/div>\n\t\t<div data-particle_enable=\"false\" data-particle-mobile-disabled=\"false\" class=\"elementor-element elementor-element-79c3511 e-flex e-con-boxed e-con e-child\" data-id=\"79c3511\" data-element_type=\"container\" data-settings=\"{&quot;background_background&quot;:&quot;slideshow&quot;,&quot;background_slideshow_gallery&quot;:[],&quot;background_slideshow_loop&quot;:&quot;yes&quot;,&quot;background_slideshow_slide_duration&quot;:5000,&quot;background_slideshow_slide_transition&quot;:&quot;fade&quot;,&quot;background_slideshow_transition_duration&quot;:500}\">\n\t\t\t\t\t<div class=\"e-con-inner\">\n\t\t\t\t\t<\/div>\n\t\t\t\t<\/div>\n\t\t\t\t\t<\/div>\n\t\t\t\t<\/div>\n\t\t<div data-particle_enable=\"false\" data-particle-mobile-disabled=\"false\" class=\"elementor-element elementor-element-f244759 e-flex e-con-boxed e-con e-parent\" data-id=\"f244759\" data-element_type=\"container\" data-settings=\"{&quot;background_background&quot;:&quot;classic&quot;}\">\n\t\t\t\t\t<div class=\"e-con-inner\">\n\t\t<div data-particle_enable=\"false\" data-particle-mobile-disabled=\"false\" class=\"elementor-element elementor-element-54e7775 e-con-full e-flex e-con e-child\" data-id=\"54e7775\" data-element_type=\"container\">\n\t\t\t\t<div class=\"elementor-element elementor-element-25e641b elementor-widget elementor-widget-text-editor\" data-id=\"25e641b\" data-element_type=\"widget\" data-widget_type=\"text-editor.default\">\n\t\t\t\t<div class=\"elementor-widget-container\">\n\t\t\t\t\t\t\t\t\t<p>Nossos experientes colaboradores trabalham em estreita colabora\u00e7\u00e3o com nossos clientes. O desenvolvimento \u00e9 monitorado via PLM ((Product Lifecycle Management), inclusive remotamente quando necess\u00e1rio.\nNo processo de desenvolvimento, a qualidade come\u00e7a na fase inicial com ferramentas CAD de \u00faltima gera\u00e7\u00e3o e posteriormente com boas condi\u00e7\u00f5es para constru\u00e7\u00e3o e valida\u00e7\u00e3o de prot\u00f3tipos. Simula\u00e7\u00f5es CAE s\u00e3o usadas continuamente no processo de desenvolvimento para garantir os requisitos de qualidade e resist\u00eancia do produto.<\/p>\t\t\t\t\t\t\t\t<\/div>\n\t\t\t\t<\/div>\n\t\t\t\t<\/div>\n\t\t<div data-particle_enable=\"false\" data-particle-mobile-disabled=\"false\" class=\"elementor-element elementor-element-c80aa9c e-con-full e-flex e-con e-child\" data-id=\"c80aa9c\" data-element_type=\"container\">\n\t\t\t\t<div class=\"elementor-element elementor-element-5e037e1 elementor-widget elementor-widget-text-editor\" data-id=\"5e037e1\" data-element_type=\"widget\" data-widget_type=\"text-editor.default\">\n\t\t\t\t<div class=\"elementor-widget-container\">\n\t\t\t\t\t\t\t\t\t<p>Nossa expertise, em CAE est\u00e1 constantemente sendo aprimorada e utilizada nas seguintes \u00e1reas:<\/p><ul style=\"font-weight: 400\"><li>C\u00e1lculos de resist\u00eancia e de carga, est\u00e1tica e din\u00e2mica<\/li><li>Simula\u00e7\u00f5es de colis\u00e3o validadas por testes testes de colis\u00e3o<\/li><li>An\u00e1lises modais<\/li><li>An\u00e1lises de vibra\u00e7\u00e3o<br \/><br \/><\/li><\/ul><p>Nossa extensa \u00e1rea de prot\u00f3tipos produz e entrega prot\u00f3tipos durante a fase de desenvolvimento, come\u00e7ando com demonstra\u00e7\u00f5es conceituais at\u00e9 a pr\u00e9-produ\u00e7\u00e3o, todos com acabamento conforme pe\u00e7as em vida-s\u00e9rie. Nossa \u00e1rea de prot\u00f3tipos pode construir quase qualquer tipo de interior de ve\u00edculos. Al\u00e9m disso, os prot\u00f3tipos s\u00e3o fabricados com prazos curtos e com alta fidelidade\/qualidade, gra\u00e7as a uma combina\u00e7\u00e3o de processos met\u00e1licos, fabrica\u00e7\u00e3o aditiva 3D, t\u00eaxteis e etc...<\/p>\t\t\t\t\t\t\t\t<\/div>\n\t\t\t\t<\/div>\n\t\t\t\t<\/div>\n\t\t\t\t\t<\/div>\n\t\t\t\t<\/div>\n\t\t<div data-particle_enable=\"false\" data-particle-mobile-disabled=\"false\" class=\"elementor-element elementor-element-41a298e e-flex e-con-boxed e-con e-parent\" data-id=\"41a298e\" data-element_type=\"container\" data-settings=\"{&quot;background_background&quot;:&quot;classic&quot;}\">\n\t\t\t\t\t<div class=\"e-con-inner\">\n\t\t<div data-particle_enable=\"false\" data-particle-mobile-disabled=\"false\" class=\"elementor-element elementor-element-9b10dc4 e-con-full e-flex e-con e-child\" data-id=\"9b10dc4\" data-element_type=\"container\">\n\t\t\t\t<div class=\"elementor-element elementor-element-9889f3b elementor-widget elementor-widget-heading\" data-id=\"9889f3b\" data-element_type=\"widget\" data-widget_type=\"heading.default\">\n\t\t\t\t<div class=\"elementor-widget-container\">\n\t\t\t\t\t<h1 class=\"elementor-heading-title elementor-size-default\">N\u00f3s somos especialistas em produ\u00e7\u00e3o!<\/h1>\t\t\t\t<\/div>\n\t\t\t\t<\/div>\n\t\t\t\t<div class=\"elementor-element elementor-element-1c17992 elementor-widget elementor-widget-text-editor\" data-id=\"1c17992\" data-element_type=\"widget\" data-widget_type=\"text-editor.default\">\n\t\t\t\t<div class=\"elementor-widget-container\">\n\t\t\t\t\t\t\t\t\t<div>Ao longo dos anos, n\u00f3s temos fornecido qualidade e confiabilidade! Somente zero defeitos e 100% de precis\u00e3o na entrega s\u00e3o suficientes para n\u00f3s. Esta \u00e9 uma das raz\u00f5es pela qual a Klippan Safety \u00e9 um parceiro e competitivo e confi\u00e1vel no mercado global.<\/div>\t\t\t\t\t\t\t\t<\/div>\n\t\t\t\t<\/div>\n\t\t\t\t<\/div>\n\t\t<div data-particle_enable=\"false\" data-particle-mobile-disabled=\"false\" class=\"elementor-element elementor-element-678e8c4 e-flex e-con-boxed e-con e-child\" data-id=\"678e8c4\" data-element_type=\"container\" data-settings=\"{&quot;background_background&quot;:&quot;slideshow&quot;,&quot;background_slideshow_gallery&quot;:[],&quot;background_slideshow_loop&quot;:&quot;yes&quot;,&quot;background_slideshow_slide_duration&quot;:5000,&quot;background_slideshow_slide_transition&quot;:&quot;fade&quot;,&quot;background_slideshow_transition_duration&quot;:500}\">\n\t\t\t\t\t<div class=\"e-con-inner\">\n\t\t\t\t\t<\/div>\n\t\t\t\t<\/div>\n\t\t\t\t\t<\/div>\n\t\t\t\t<\/div>\n\t\t<div data-particle_enable=\"false\" data-particle-mobile-disabled=\"false\" class=\"elementor-element elementor-element-cf20d11 e-flex e-con-boxed e-con e-parent\" data-id=\"cf20d11\" data-element_type=\"container\" data-settings=\"{&quot;background_background&quot;:&quot;classic&quot;}\">\n\t\t\t\t\t<div class=\"e-con-inner\">\n\t\t<div data-particle_enable=\"false\" data-particle-mobile-disabled=\"false\" class=\"elementor-element elementor-element-2a1a9ff e-con-full e-flex e-con e-child\" data-id=\"2a1a9ff\" data-element_type=\"container\">\n\t\t\t\t<div class=\"elementor-element elementor-element-bc49108 elementor-widget elementor-widget-text-editor\" data-id=\"bc49108\" data-element_type=\"widget\" data-widget_type=\"text-editor.default\">\n\t\t\t\t<div class=\"elementor-widget-container\">\n\t\t\t\t\t\t\t\t\t<p>Nossos engenheiros de produ\u00e7\u00e3o e log\u00edstica, bem <span style=\"font-family: var( --e-global-typography-text-font-family ), Sans-serif;text-align: var(--text-align);font-size: 1rem\">como\u00a0<\/span><span style=\"font-family: var( --e-global-typography-text-font-family ), Sans-serif;text-align: var(--text-align);font-size: 1rem\">nossa equipe de produ\u00e7\u00e3o, est\u00e3o envolvidos em todo o processo de desenvolvimento \u2013 \u00e9 assim que garantimos que o produto possa iniciar sua produ\u00e7\u00e3o de forma eficiente.\nO produto \u00e9 otimizado para oferecer a melhor rela\u00e7\u00e3o custo-benef\u00edcio poss\u00edvel com a correta  qualidade de produ\u00e7\u00e3o e ciclo de montagem. J\u00e1 numa fase inicial do processo de desenvolvimento, garantimos a seguran\u00e7a ocupacional e uma log\u00edstica eficiente. As ferramentas usadas para prepara\u00e7\u00e3o para uma produ\u00e7\u00e3o de alta qualidade e eficaz incluem Design For Assembly, fluxos Kanban e solu\u00e7\u00f5es Poka-Yoke.<\/span><\/p>\t\t\t\t\t\t\t\t<\/div>\n\t\t\t\t<\/div>\n\t\t\t\t<\/div>\n\t\t<div data-particle_enable=\"false\" data-particle-mobile-disabled=\"false\" class=\"elementor-element elementor-element-69a705c e-con-full e-flex e-con e-child\" data-id=\"69a705c\" data-element_type=\"container\">\n\t\t\t\t<div class=\"elementor-element elementor-element-853f1ca elementor-widget elementor-widget-text-editor\" data-id=\"853f1ca\" data-element_type=\"widget\" data-widget_type=\"text-editor.default\">\n\t\t\t\t<div class=\"elementor-widget-container\">\n\t\t\t\t\t\t\t\t\t<p><span style=\"font-family: var( --e-global-typography-text-font-family ), Sans-serif;text-align: var(--text-align);font-size: 1rem\">Mesmo ap\u00f3s o in\u00edcio da produ\u00e7\u00e3o, o trabalho de desenvolvimento continua. O processo de fabrica\u00e7\u00e3o \u00e9 continuamente melhorado ao longo da vida \u00fatil do produto. Atividades desnecess\u00e1rias s\u00e3o eliminadas e melhorias cont\u00ednuas s\u00e3o realizadas para aumentar a produtividade. A qualidade melhora quando o desperd\u00edcio \u00e9 eliminado, enquanto o tempo de produ\u00e7\u00e3o e outros custos s\u00e3o reduzidos. Funcion\u00e1rios motivados e comprometidos fazem isso como parte de seu trabalho di\u00e1rio.<\/span><\/p>\t\t\t\t\t\t\t\t<\/div>\n\t\t\t\t<\/div>\n\t\t\t\t<\/div>\n\t\t\t\t\t<\/div>\n\t\t\t\t<\/div>\n\t\t<div data-particle_enable=\"false\" data-particle-mobile-disabled=\"false\" class=\"elementor-element elementor-element-5cb9f30 e-con-full e-flex e-con e-parent\" data-id=\"5cb9f30\" data-element_type=\"container\">\n\t\t<div data-particle_enable=\"false\" data-particle-mobile-disabled=\"false\" class=\"elementor-element elementor-element-37ff14f e-con-full e-flex e-con e-child\" data-id=\"37ff14f\" data-element_type=\"container\" data-settings=\"{&quot;background_background&quot;:&quot;classic&quot;}\">\n\t\t\t\t<div class=\"elementor-element elementor-element-d7592b9 elementor-widget elementor-widget-heading\" data-id=\"d7592b9\" data-element_type=\"widget\" data-widget_type=\"heading.default\">\n\t\t\t\t<div class=\"elementor-widget-container\">\n\t\t\t\t\t<h2 class=\"elementor-heading-title elementor-size-default\">SEGURAN\u00c7A<\/h2>\t\t\t\t<\/div>\n\t\t\t\t<\/div>\n\t\t\t\t<div class=\"elementor-element elementor-element-c1da1ac elementor-widget elementor-widget-button\" data-id=\"c1da1ac\" data-element_type=\"widget\" data-widget_type=\"button.default\">\n\t\t\t\t<div class=\"elementor-widget-container\">\n\t\t\t\t\t\t\t\t\t<div class=\"elementor-button-wrapper\">\n\t\t\t\t\t<a class=\"elementor-button elementor-button-link elementor-size-sm\" href=\"https:\/\/www.klippan-safety.se\/pt\/seguranca\/\">\n\t\t\t\t\t\t<span class=\"elementor-button-content-wrapper\">\n\t\t\t\t\t\t\t\t\t<span class=\"elementor-button-text\">Leia mais<\/span>\n\t\t\t\t\t<\/span>\n\t\t\t\t\t<\/a>\n\t\t\t\t<\/div>\n\t\t\t\t\t\t\t\t<\/div>\n\t\t\t\t<\/div>\n\t\t\t\t<\/div>\n\t\t<div data-particle_enable=\"false\" data-particle-mobile-disabled=\"false\" class=\"elementor-element elementor-element-41d2aa4 e-con-full e-flex e-con e-child\" data-id=\"41d2aa4\" data-element_type=\"container\" data-settings=\"{&quot;background_background&quot;:&quot;classic&quot;}\">\n\t\t\t\t<div class=\"elementor-element elementor-element-72cb022 elementor-widget elementor-widget-heading\" data-id=\"72cb022\" data-element_type=\"widget\" data-widget_type=\"heading.default\">\n\t\t\t\t<div class=\"elementor-widget-container\">\n\t\t\t\t\t<h2 class=\"elementor-heading-title elementor-size-default\">CONFORTO<\/h2>\t\t\t\t<\/div>\n\t\t\t\t<\/div>\n\t\t\t\t<div class=\"elementor-element elementor-element-7ae8e90 elementor-widget elementor-widget-button\" data-id=\"7ae8e90\" data-element_type=\"widget\" data-widget_type=\"button.default\">\n\t\t\t\t<div class=\"elementor-widget-container\">\n\t\t\t\t\t\t\t\t\t<div class=\"elementor-button-wrapper\">\n\t\t\t\t\t<a class=\"elementor-button elementor-button-link elementor-size-sm\" href=\"https:\/\/www.klippan-safety.se\/pt\/conforto\/\">\n\t\t\t\t\t\t<span class=\"elementor-button-content-wrapper\">\n\t\t\t\t\t\t\t\t\t<span class=\"elementor-button-text\">Leia mais<\/span>\n\t\t\t\t\t<\/span>\n\t\t\t\t\t<\/a>\n\t\t\t\t<\/div>\n\t\t\t\t\t\t\t\t<\/div>\n\t\t\t\t<\/div>\n\t\t\t\t<\/div>\n\t\t\t\t<\/div>\n\t\t\t\t<\/div>","protected":false},"excerpt":{"rendered":"<p>H\u00f6gt i tak f\u00f6r nya id\u00e9er \u2013 med sikte p\u00e5 effektiv produktion Produktutvecklarna hos Klippan Safety arbetar i n\u00e4ra samr\u00e5d med v\u00e5ra olika kunder. M\u00e5let \u00e4r alltid att utifr\u00e5n behov och \u00f6nskem\u00e5l utveckla produkter som l\u00f6ser uppgiften, men ocks\u00e5 alltid kan produceras effektivt och industriellt \u2013 kostnadseffektivt, med b\u00e4sta m\u00f6jliga kvalitet och monteringstid. Resan fr\u00e5n [&hellip;]<\/p>","protected":false},"author":1,"featured_media":0,"parent":0,"menu_order":0,"comment_status":"closed","ping_status":"closed","template":"","meta":{"footnotes":""},"class_list":["post-318","page","type-page","status-publish","hentry"],"_links":{"self":[{"href":"https:\/\/www.klippan-safety.se\/pt\/wp-json\/wp\/v2\/pages\/318","targetHints":{"allow":["GET"]}}],"collection":[{"href":"https:\/\/www.klippan-safety.se\/pt\/wp-json\/wp\/v2\/pages"}],"about":[{"href":"https:\/\/www.klippan-safety.se\/pt\/wp-json\/wp\/v2\/types\/page"}],"author":[{"embeddable":true,"href":"https:\/\/www.klippan-safety.se\/pt\/wp-json\/wp\/v2\/users\/1"}],"replies":[{"embeddable":true,"href":"https:\/\/www.klippan-safety.se\/pt\/wp-json\/wp\/v2\/comments?post=318"}],"version-history":[{"count":52,"href":"https:\/\/www.klippan-safety.se\/pt\/wp-json\/wp\/v2\/pages\/318\/revisions"}],"predecessor-version":[{"id":1698,"href":"https:\/\/www.klippan-safety.se\/pt\/wp-json\/wp\/v2\/pages\/318\/revisions\/1698"}],"wp:attachment":[{"href":"https:\/\/www.klippan-safety.se\/pt\/wp-json\/wp\/v2\/media?parent=318"}],"curies":[{"name":"wp","href":"https:\/\/api.w.org\/{rel}","templated":true}]}}