{"id":463,"date":"2024-01-23T18:17:00","date_gmt":"2024-01-23T17:17:00","guid":{"rendered":"http:\/\/klippan-safety.se.loopiadns.com\/?page_id=463"},"modified":"2024-10-16T06:50:23","modified_gmt":"2024-10-16T05:50:23","slug":"sobre-klippan-safety","status":"publish","type":"page","link":"https:\/\/www.klippan-safety.se\/pt\/sobre-klippan-safety\/","title":{"rendered":"Sobre a Klippan Safety"},"content":{"rendered":"<div data-elementor-type=\"wp-post\" data-elementor-id=\"463\" class=\"elementor elementor-463\" data-elementor-post-type=\"page\">\n\t\t\t\t<div data-particle_enable=\"false\" data-particle-mobile-disabled=\"false\" class=\"elementor-element elementor-element-5081b8a e-flex e-con-boxed e-con e-parent\" data-id=\"5081b8a\" data-element_type=\"container\" data-settings=\"{&quot;background_background&quot;:&quot;classic&quot;}\">\n\t\t\t\t\t<div class=\"e-con-inner\">\n\t\t\t\t\t<\/div>\n\t\t\t\t<\/div>\n\t\t<div data-particle_enable=\"false\" data-particle-mobile-disabled=\"false\" class=\"elementor-element elementor-element-fc1e577 e-flex e-con-boxed e-con e-parent\" data-id=\"fc1e577\" data-element_type=\"container\">\n\t\t\t\t\t<div class=\"e-con-inner\">\n\t\t<div data-particle_enable=\"false\" data-particle-mobile-disabled=\"false\" class=\"elementor-element elementor-element-d82ad5f e-con-full e-flex e-con e-child\" data-id=\"d82ad5f\" data-element_type=\"container\">\n\t\t\t\t<div class=\"elementor-element elementor-element-c8d0678 elementor-widget elementor-widget-heading\" data-id=\"c8d0678\" data-element_type=\"widget\" data-widget_type=\"heading.default\">\n\t\t\t\t<div class=\"elementor-widget-container\">\n\t\t\t\t\t<h2 class=\"elementor-heading-title elementor-size-default\">Nossa vis\u00e3o:<\/h2>\t\t\t\t<\/div>\n\t\t\t\t<\/div>\n\t\t\t\t<div class=\"elementor-element elementor-element-aa32f01 elementor-widget elementor-widget-heading\" data-id=\"aa32f01\" data-element_type=\"widget\" data-widget_type=\"heading.default\">\n\t\t\t\t<div class=\"elementor-widget-container\">\n\t\t\t\t\t<h1 class=\"elementor-heading-title elementor-size-default\">Klippan Safety \u2013 Uma escolha f\u00e1cil e segura\n<\/h1>\t\t\t\t<\/div>\n\t\t\t\t<\/div>\n\t\t\t\t<div class=\"elementor-element elementor-element-56d435b elementor-widget elementor-widget-text-editor\" data-id=\"56d435b\" data-element_type=\"widget\" data-widget_type=\"text-editor.default\">\n\t\t\t\t<div class=\"elementor-widget-container\">\n\t\t\t\t\t\t\t\t\t<p>Klippan Safety \u00e9 um fornecedor sistemista para a ind\u00fastria automotiva global com expertise em seguran\u00e7a e conforto.<\/p><p>Seguran\u00e7a e conforto juntos com a mais alta qualidade, desenvolvimento constante, produ\u00e7\u00e3o eficiente e um custo positivo fazem da Klippan Safety uma escolha f\u00e1cil e segura.<\/p><p>Somos os l\u00edderes europeus em desenvolvimento e manufatura de sistemas de camas e sistemas de armazenamento integrados para caminh\u00f5es. A produ\u00e7\u00e3o dos sistemas de interior das cabines \u00e9 complementado pelo desenvolvimento e produ\u00e7\u00e3o de solu\u00e7\u00f5es para restri\u00e7\u00e3o de cargas, porta objetos, redes e cintos de seguran\u00e7a para ve\u00edculos comerciais, tornando a Klippan Safety uma parceira global para solu\u00e7\u00f5es de conforto e seguran\u00e7a.<\/p>\t\t\t\t\t\t\t\t<\/div>\n\t\t\t\t<\/div>\n\t\t\t\t<\/div>\n\t\t\t\t\t<\/div>\n\t\t\t\t<\/div>\n\t\t<div data-particle_enable=\"false\" data-particle-mobile-disabled=\"false\" class=\"elementor-element elementor-element-56cc0b1 e-flex e-con-boxed e-con e-parent\" data-id=\"56cc0b1\" data-element_type=\"container\" data-settings=\"{&quot;background_background&quot;:&quot;classic&quot;}\">\n\t\t\t\t\t<div class=\"e-con-inner\">\n\t\t<div data-particle_enable=\"false\" data-particle-mobile-disabled=\"false\" class=\"elementor-element elementor-element-3a17dbd e-con-full e-flex e-con e-child\" data-id=\"3a17dbd\" data-element_type=\"container\">\n\t\t\t\t<div class=\"elementor-element elementor-element-c076011 elementor-widget elementor-widget-heading\" data-id=\"c076011\" data-element_type=\"widget\" data-widget_type=\"heading.default\">\n\t\t\t\t<div class=\"elementor-widget-container\">\n\t\t\t\t\t<h1 class=\"elementor-heading-title elementor-size-default\">Nossa filosofia \u00e9 a de sempre exceder as expectativas dos nossos clientes <\/h1>\t\t\t\t<\/div>\n\t\t\t\t<\/div>\n\t\t\t\t<div class=\"elementor-element elementor-element-32bef4e elementor-widget elementor-widget-text-editor\" data-id=\"32bef4e\" data-element_type=\"widget\" data-widget_type=\"text-editor.default\">\n\t\t\t\t<div class=\"elementor-widget-container\">\n\t\t\t\t\t\t\t\t\t<p>N\u00f3s fazemos isto envolvendo nossos clientes no processo inicial de desenvolvimento com custos de produ\u00e7\u00e3o eficientes e montagem final pr\u00f3ximo de nossos clientes OEM.<br \/>N\u00f3s temos plantas na Su\u00e9cia, Alemanha, Pol\u00f4nia e Brasil.<\/p>\t\t\t\t\t\t\t\t<\/div>\n\t\t\t\t<\/div>\n\t\t\t\t<\/div>\n\t\t<div data-particle_enable=\"false\" data-particle-mobile-disabled=\"false\" class=\"elementor-element elementor-element-79c3511 e-flex e-con-boxed e-con e-child\" data-id=\"79c3511\" data-element_type=\"container\" data-settings=\"{&quot;background_background&quot;:&quot;slideshow&quot;,&quot;background_slideshow_gallery&quot;:[],&quot;background_slideshow_loop&quot;:&quot;yes&quot;,&quot;background_slideshow_slide_duration&quot;:5000,&quot;background_slideshow_slide_transition&quot;:&quot;fade&quot;,&quot;background_slideshow_transition_duration&quot;:500}\">\n\t\t\t\t\t<div class=\"e-con-inner\">\n\t\t\t\t\t<\/div>\n\t\t\t\t<\/div>\n\t\t\t\t\t<\/div>\n\t\t\t\t<\/div>\n\t\t<div data-particle_enable=\"false\" data-particle-mobile-disabled=\"false\" class=\"elementor-element elementor-element-1bde469 e-flex e-con-boxed e-con e-parent\" data-id=\"1bde469\" data-element_type=\"container\" data-settings=\"{&quot;background_background&quot;:&quot;classic&quot;}\">\n\t\t\t\t\t<div class=\"e-con-inner\">\n\t\t<div data-particle_enable=\"false\" data-particle-mobile-disabled=\"false\" class=\"elementor-element elementor-element-385eeb5 e-flex e-con-boxed e-con e-child\" data-id=\"385eeb5\" data-element_type=\"container\" data-settings=\"{&quot;background_background&quot;:&quot;slideshow&quot;,&quot;background_slideshow_gallery&quot;:[],&quot;background_slideshow_loop&quot;:&quot;yes&quot;,&quot;background_slideshow_slide_duration&quot;:5000,&quot;background_slideshow_slide_transition&quot;:&quot;fade&quot;,&quot;background_slideshow_transition_duration&quot;:500}\">\n\t\t\t\t\t<div class=\"e-con-inner\">\n\t\t\t\t\t<\/div>\n\t\t\t\t<\/div>\n\t\t<div data-particle_enable=\"false\" data-particle-mobile-disabled=\"false\" class=\"elementor-element elementor-element-e584cd8 e-con-full e-flex e-con e-child\" data-id=\"e584cd8\" data-element_type=\"container\">\n\t\t\t\t<div class=\"elementor-element elementor-element-1e5dfb5 elementor-widget elementor-widget-heading\" data-id=\"1e5dfb5\" data-element_type=\"widget\" data-widget_type=\"heading.default\">\n\t\t\t\t<div class=\"elementor-widget-container\">\n\t\t\t\t\t<h1 class=\"elementor-heading-title elementor-size-default\">Nossa vis\u00e3o \u00e9 que a Klippan Safety seja um fornecedor de alta reputa\u00e7\u00e3o para a ind\u00fastria automotiva...<\/h1>\t\t\t\t<\/div>\n\t\t\t\t<\/div>\n\t\t\t\t<div class=\"elementor-element elementor-element-7bfd355 elementor-widget elementor-widget-text-editor\" data-id=\"7bfd355\" data-element_type=\"widget\" data-widget_type=\"text-editor.default\">\n\t\t\t\t<div class=\"elementor-widget-container\">\n\t\t\t\t\t\t\t\t\t<p>de produtos e solu\u00e7\u00f5es que permitem aos fabricantes de ve\u00edculos garantir o mais alto n\u00edvel de seguran\u00e7a pessoal e conforto para motoristas e passageiros.<\/p>\t\t\t\t\t\t\t\t<\/div>\n\t\t\t\t<\/div>\n\t\t\t\t<\/div>\n\t\t\t\t\t<\/div>\n\t\t\t\t<\/div>\n\t\t<div data-particle_enable=\"false\" data-particle-mobile-disabled=\"false\" class=\"elementor-element elementor-element-b2f6fe8 e-flex e-con-boxed e-con e-parent\" data-id=\"b2f6fe8\" data-element_type=\"container\">\n\t\t\t\t\t<div class=\"e-con-inner\">\n\t\t<div data-particle_enable=\"false\" data-particle-mobile-disabled=\"false\" class=\"elementor-element elementor-element-ae17323 e-con-full e-flex e-con e-child\" data-id=\"ae17323\" data-element_type=\"container\" data-settings=\"{&quot;background_background&quot;:&quot;classic&quot;}\">\n\t\t\t\t<div class=\"elementor-element elementor-element-5a74266 elementor-widget elementor-widget-text-editor\" data-id=\"5a74266\" data-element_type=\"widget\" data-settings=\"{&quot;sticky&quot;:&quot;top&quot;,&quot;sticky_offset&quot;:150,&quot;sticky_parent&quot;:&quot;yes&quot;,&quot;sticky_on&quot;:[&quot;desktop&quot;,&quot;tablet&quot;,&quot;mobile&quot;],&quot;sticky_effects_offset&quot;:0,&quot;sticky_anchor_link_offset&quot;:0}\" data-widget_type=\"text-editor.default\">\n\t\t\t\t<div class=\"elementor-widget-container\">\n\t\t\t\t\t\t\t\t\t<h1><span style=\"color: #3d93b8\"><strong>Hist\u00f3ria<\/strong><\/span><\/h1><p style=\"font-weight: 400\">Klippan Safety AB e suas filiais s\u00e3o hoje parte da <a href=\"https:\/\/www.calixklippan.com\" target=\"_blank\" rel=\"noopener\">CalixKlippan AB<\/a>, que \u00e9 de propriedade da  Bark Invest AB.<\/p>\t\t\t\t\t\t\t\t<\/div>\n\t\t\t\t<\/div>\n\t\t\t\t<\/div>\n\t\t<div data-particle_enable=\"false\" data-particle-mobile-disabled=\"false\" class=\"elementor-element elementor-element-9fe435c e-con-full e-flex e-con e-child\" data-id=\"9fe435c\" data-element_type=\"container\">\n\t\t\t\t<div class=\"elementor-element elementor-element-9e6fb66 elementor-widget elementor-widget-eael-content-timeline\" data-id=\"9e6fb66\" data-element_type=\"widget\" data-widget_type=\"eael-content-timeline.default\">\n\t\t\t\t<div class=\"elementor-widget-container\">\n\t\t\t\t\t\t\t<div id=\"eael-content-timeline-9e6fb66\" class=\"content-timeline-layout-center date-position- horizontal-timeline-wrapper\" data-slide_to_scroll=\"{&quot;desktop&quot;:1,&quot;mobile&quot;:1,&quot;tablet&quot;:1}\">\n\t\t\t<div class=\"eael-content-timeline-container\">\n\t\t\t\t<div class=\"eael-content-timeline-container\">\n\t\t\t\t\t\t\t\t\t\t\t\t\t\t\t\t\t\t\t\t\t\t\t<div class=\"eael-content-timeline-block\">\n    <div class=\"eael-content-timeline-line\">\n        <div class=\"eael-content-timeline-inner\"><\/div>\n    <\/div>\n    <div class=\"eael-content-timeline-img eael-picture\"><\/div><div class=\"eael-content-timeline-content\"><span class=\"eael-date\"><\/span><h2 class=\"eael-timeline-title\">1877<\/h2><div class=\"eael-timeline-excerpt\"><p>Klippan Safety foi fundada na Su\u00e9cia<\/p><\/div><\/div><\/div>\t\t\t\t\t\t\t\t\t\t\t\t\t\t\t\t\t\t<div class=\"eael-content-timeline-block\">\n    <div class=\"eael-content-timeline-line\">\n        <div class=\"eael-content-timeline-inner\"><\/div>\n    <\/div>\n    <div class=\"eael-content-timeline-img eael-picture\"><\/div><div class=\"eael-content-timeline-content\"><span class=\"eael-date\"><\/span><h2 class=\"eael-timeline-title\">1953<\/h2><div class=\"eael-timeline-excerpt\"><p>Lan\u00e7amento do cinto de seguran\u00e7a Klippan para ve\u00edculos de passeio<\/p><\/div><\/div><\/div>\t\t\t\t\t\t\t\t\t\t\t\t\t\t\t\t\t\t<div class=\"eael-content-timeline-block\">\n    <div class=\"eael-content-timeline-line\">\n        <div class=\"eael-content-timeline-inner\"><\/div>\n    <\/div>\n    <div class=\"eael-content-timeline-img eael-picture\"><\/div><div class=\"eael-content-timeline-content\"><span class=\"eael-date\"><\/span><h2 class=\"eael-timeline-title\">1994<\/h2><div class=\"eael-timeline-excerpt\"><p>Componentes automotivos tornam-se o pricipal neg\u00f3cio do grupo Klippan ap\u00f3s a sua aquisi\u00e7\u00e3o por um grupo de investidores privados.<\/p><\/div><\/div><\/div>\t\t\t\t\t\t\t\t\t\t\t\t\t\t\t\t\t\t<div class=\"eael-content-timeline-block\">\n    <div class=\"eael-content-timeline-line\">\n        <div class=\"eael-content-timeline-inner\"><\/div>\n    <\/div>\n    <div class=\"eael-content-timeline-img eael-picture\"><\/div><div class=\"eael-content-timeline-content\"><span class=\"eael-date\"><\/span><h2 class=\"eael-timeline-title\">2000<\/h2><div class=\"eael-timeline-excerpt\"><p>Primeiro neg\u00f3cio no Brasil.<\/p><\/div><\/div><\/div>\t\t\t\t\t\t\t\t\t\t\t\t\t\t\t\t\t\t<div class=\"eael-content-timeline-block\">\n    <div class=\"eael-content-timeline-line\">\n        <div class=\"eael-content-timeline-inner\"><\/div>\n    <\/div>\n    <div class=\"eael-content-timeline-img eael-picture\"><\/div><div class=\"eael-content-timeline-content\"><span class=\"eael-date\"><\/span><h2 class=\"eael-timeline-title\">2002<\/h2><div class=\"eael-timeline-excerpt\"><p>Uma empresa t\u00eaxtil Polonesa foi adquirida pela Klippan e tornou-se a Klippan Safety Polska Sp. Z.O.O.<\/p><\/div><\/div><\/div>\t\t\t\t\t\t\t\t\t\t\t\t\t\t\t\t\t\t<div class=\"eael-content-timeline-block\">\n    <div class=\"eael-content-timeline-line\">\n        <div class=\"eael-content-timeline-inner\"><\/div>\n    <\/div>\n    <div class=\"eael-content-timeline-img eael-picture\"><\/div><div class=\"eael-content-timeline-content\"><span class=\"eael-date\"><\/span><h2 class=\"eael-timeline-title\">2006<\/h2><div class=\"eael-timeline-excerpt\"><p>Nova planta \u00e9 constru\u00edda e inaugurada em Stargard Szczeci\u0144ski, Pol\u00f4nia.<\/p><\/div><\/div><\/div>\t\t\t\t\t\t\t\t\t\t\t\t\t\t\t\t\t\t<div class=\"eael-content-timeline-block\">\n    <div class=\"eael-content-timeline-line\">\n        <div class=\"eael-content-timeline-inner\"><\/div>\n    <\/div>\n    <div class=\"eael-content-timeline-img eael-picture\"><\/div><div class=\"eael-content-timeline-content\"><span class=\"eael-date\"><\/span><h2 class=\"eael-timeline-title\">2007<\/h2><div class=\"eael-timeline-excerpt\"><p>Klippan Safety GmbH foi estabelecida em Munich, Alemanha.<\/p><\/div><\/div><\/div>\t\t\t\t\t\t\t\t\t\t\t\t\t\t\t\t\t\t<div class=\"eael-content-timeline-block\">\n    <div class=\"eael-content-timeline-line\">\n        <div class=\"eael-content-timeline-inner\"><\/div>\n    <\/div>\n    <div class=\"eael-content-timeline-img eael-picture\"><\/div><div class=\"eael-content-timeline-content\"><span class=\"eael-date\"><\/span><h2 class=\"eael-timeline-title\">2009<\/h2><div class=\"eael-timeline-excerpt\"><p>A Klippan recebe o pr\u00eamio da MAN (MAN Trucknology Supplier 2008).<\/p><\/div><\/div><\/div>\t\t\t\t\t\t\t\t\t\t\t\t\t\t\t\t\t\t<div class=\"eael-content-timeline-block\">\n    <div class=\"eael-content-timeline-line\">\n        <div class=\"eael-content-timeline-inner\"><\/div>\n    <\/div>\n    <div class=\"eael-content-timeline-img eael-picture\"><\/div><div class=\"eael-content-timeline-content\"><span class=\"eael-date\"><\/span><h2 class=\"eael-timeline-title\">2015<\/h2><div class=\"eael-timeline-excerpt\"><p>Klippan Safety Ltda foi estabelecida em S\u00e3o Paulo, Brasil.<\/p><\/div><\/div><\/div>\t\t\t\t\t\t\t\t\t\t\t\t\t\t\t\t\t\t<div class=\"eael-content-timeline-block\">\n    <div class=\"eael-content-timeline-line\">\n        <div class=\"eael-content-timeline-inner\"><\/div>\n    <\/div>\n    <div class=\"eael-content-timeline-img eael-picture\"><\/div><div class=\"eael-content-timeline-content\"><span class=\"eael-date\"><\/span><h2 class=\"eael-timeline-title\">2015<\/h2><div class=\"eael-timeline-excerpt\"><p>A Klippan Safety foi escolhida dentre os 15 melhores fornecedores globais do grupo Volkswagen (Volkswagen Group Supplier 2015).<\/p><\/div><\/div><\/div>\t\t\t\t\t\t\t\t\t\t\t\t\t\t\t\t\t\t<div class=\"eael-content-timeline-block\">\n    <div class=\"eael-content-timeline-line\">\n        <div class=\"eael-content-timeline-inner\"><\/div>\n    <\/div>\n    <div class=\"eael-content-timeline-img eael-picture\"><\/div><div class=\"eael-content-timeline-content\"><span class=\"eael-date\"><\/span><h2 class=\"eael-timeline-title\">2018<\/h2><div class=\"eael-timeline-excerpt\"><p>Uma nova planta foi constru\u00edda em Stargard, Pol\u00f4nia.\nUma nova planta foi constru\u00edda em Sulzemoos, Alemanha.<\/p><\/div><\/div><\/div>\t\t\t\t\t\t\t\t\t\t\t\t\t\t\t\t\t\t<div class=\"eael-content-timeline-block\">\n    <div class=\"eael-content-timeline-line\">\n        <div class=\"eael-content-timeline-inner\"><\/div>\n    <\/div>\n    <div class=\"eael-content-timeline-img eael-picture\"><\/div><div class=\"eael-content-timeline-content\"><span class=\"eael-date\"><\/span><h2 class=\"eael-timeline-title\">2018<\/h2><div class=\"eael-timeline-excerpt\"><p>Mudamos a planta brasileira para um novo pr\u00e9dio na cidade de Taubat\u00e9, S\u00e3o Paulo, Brasil.<\/p><\/div><\/div><\/div>\t\t\t\t\t\t\t\t\t\t\t\t\t\t\t\t\t\t<div class=\"eael-content-timeline-block\">\n    <div class=\"eael-content-timeline-line\">\n        <div class=\"eael-content-timeline-inner\"><\/div>\n    <\/div>\n    <div class=\"eael-content-timeline-img eael-picture\"><\/div><div class=\"eael-content-timeline-content\"><span class=\"eael-date\"><\/span><h2 class=\"eael-timeline-title\">2024<\/h2><div class=\"eael-timeline-excerpt\"><p>Em fun\u00e7\u00e3o dos novos neg\u00f3cios, a f\u00e1brica da Pol\u00f4nia foi expandida<\/p><\/div><\/div><\/div>\t\t\t\t<\/div>\n\t\t\t<\/div>\n\t\t<\/div>\n\t\t\t\t\t<\/div>\n\t\t\t\t<\/div>\n\t\t\t\t<\/div>\n\t\t\t\t\t<\/div>\n\t\t\t\t<\/div>\n\t\t<div data-particle_enable=\"false\" data-particle-mobile-disabled=\"false\" class=\"elementor-element elementor-element-b1461d0 e-flex e-con-boxed e-con e-parent\" data-id=\"b1461d0\" data-element_type=\"container\">\n\t\t\t\t\t<div class=\"e-con-inner\">\n\t\t\t\t\t<\/div>\n\t\t\t\t<\/div>\n\t\t<div data-particle_enable=\"false\" data-particle-mobile-disabled=\"false\" class=\"elementor-element elementor-element-31ea1d9 e-con-full e-flex e-con e-parent\" data-id=\"31ea1d9\" data-element_type=\"container\">\n\t\t<div data-particle_enable=\"false\" data-particle-mobile-disabled=\"false\" class=\"elementor-element elementor-element-d632b41 e-con-full e-flex e-con e-child\" data-id=\"d632b41\" data-element_type=\"container\" data-settings=\"{&quot;background_background&quot;:&quot;classic&quot;}\">\n\t\t\t\t<div class=\"elementor-element elementor-element-cf3eebd elementor-widget elementor-widget-heading\" data-id=\"cf3eebd\" data-element_type=\"widget\" data-widget_type=\"heading.default\">\n\t\t\t\t<div class=\"elementor-widget-container\">\n\t\t\t\t\t<h2 class=\"elementor-heading-title elementor-size-default\">SEGURAN\u00c7A<\/h2>\t\t\t\t<\/div>\n\t\t\t\t<\/div>\n\t\t\t\t<div class=\"elementor-element elementor-element-ddba653 elementor-widget elementor-widget-button\" data-id=\"ddba653\" data-element_type=\"widget\" data-widget_type=\"button.default\">\n\t\t\t\t<div class=\"elementor-widget-container\">\n\t\t\t\t\t\t\t\t\t<div class=\"elementor-button-wrapper\">\n\t\t\t\t\t<a class=\"elementor-button elementor-button-link elementor-size-sm\" href=\"https:\/\/www.klippan-safety.se\/pt\/seguranca\/\">\n\t\t\t\t\t\t<span class=\"elementor-button-content-wrapper\">\n\t\t\t\t\t\t\t\t\t<span class=\"elementor-button-text\">Leia mais<\/span>\n\t\t\t\t\t<\/span>\n\t\t\t\t\t<\/a>\n\t\t\t\t<\/div>\n\t\t\t\t\t\t\t\t<\/div>\n\t\t\t\t<\/div>\n\t\t\t\t<\/div>\n\t\t<div data-particle_enable=\"false\" data-particle-mobile-disabled=\"false\" class=\"elementor-element elementor-element-17ab71a e-con-full e-flex e-con e-child\" data-id=\"17ab71a\" data-element_type=\"container\" data-settings=\"{&quot;background_background&quot;:&quot;classic&quot;}\">\n\t\t\t\t<div class=\"elementor-element elementor-element-6339a0d elementor-widget elementor-widget-heading\" data-id=\"6339a0d\" data-element_type=\"widget\" data-widget_type=\"heading.default\">\n\t\t\t\t<div class=\"elementor-widget-container\">\n\t\t\t\t\t<h2 class=\"elementor-heading-title elementor-size-default\">CONFORTO<\/h2>\t\t\t\t<\/div>\n\t\t\t\t<\/div>\n\t\t\t\t<div class=\"elementor-element elementor-element-ddd10e6 elementor-widget elementor-widget-button\" data-id=\"ddd10e6\" data-element_type=\"widget\" data-widget_type=\"button.default\">\n\t\t\t\t<div class=\"elementor-widget-container\">\n\t\t\t\t\t\t\t\t\t<div class=\"elementor-button-wrapper\">\n\t\t\t\t\t<a class=\"elementor-button elementor-button-link elementor-size-sm\" href=\"https:\/\/www.klippan-safety.se\/pt\/conforto\/\">\n\t\t\t\t\t\t<span class=\"elementor-button-content-wrapper\">\n\t\t\t\t\t\t\t\t\t<span class=\"elementor-button-text\">Leia mais<\/span>\n\t\t\t\t\t<\/span>\n\t\t\t\t\t<\/a>\n\t\t\t\t<\/div>\n\t\t\t\t\t\t\t\t<\/div>\n\t\t\t\t<\/div>\n\t\t\t\t<\/div>\n\t\t<div data-particle_enable=\"false\" data-particle-mobile-disabled=\"false\" class=\"elementor-element elementor-element-ad436bc e-con-full e-flex e-con e-child\" data-id=\"ad436bc\" data-element_type=\"container\" data-settings=\"{&quot;background_background&quot;:&quot;classic&quot;}\">\n\t\t\t\t<div class=\"elementor-element elementor-element-9062301 elementor-widget elementor-widget-heading\" data-id=\"9062301\" data-element_type=\"widget\" data-widget_type=\"heading.default\">\n\t\t\t\t<div class=\"elementor-widget-container\">\n\t\t\t\t\t<h2 class=\"elementor-heading-title elementor-size-default\">DESENVOLVIMENTO<\/h2>\t\t\t\t<\/div>\n\t\t\t\t<\/div>\n\t\t\t\t<div class=\"elementor-element elementor-element-022264b elementor-widget elementor-widget-button\" data-id=\"022264b\" data-element_type=\"widget\" data-widget_type=\"button.default\">\n\t\t\t\t<div class=\"elementor-widget-container\">\n\t\t\t\t\t\t\t\t\t<div class=\"elementor-button-wrapper\">\n\t\t\t\t\t<a class=\"elementor-button elementor-button-link elementor-size-sm\" href=\"https:\/\/www.klippan-safety.se\/pt\/desenvolvimento\/\">\n\t\t\t\t\t\t<span class=\"elementor-button-content-wrapper\">\n\t\t\t\t\t\t\t\t\t<span class=\"elementor-button-text\">Leia mais<\/span>\n\t\t\t\t\t<\/span>\n\t\t\t\t\t<\/a>\n\t\t\t\t<\/div>\n\t\t\t\t\t\t\t\t<\/div>\n\t\t\t\t<\/div>\n\t\t\t\t<\/div>\n\t\t\t\t<\/div>\n\t\t\t\t<\/div>","protected":false},"excerpt":{"rendered":"<p>V\u00e5r vision: Klippan Safety \u2013 ett s\u00e4kert och enkelt val Klippan Safety \u00e4r systemleverant\u00f6r till den globala fordonsindustrin med en unik kompetens inom s\u00e4kerhet och komfort. S\u00e4kerhet och komfort tillsammans med h\u00f6gsta kvalitet, st\u00e4ndig utveckling, en effektiv produktion och en positiv kostnadsbild g\u00f6r valet av Klippan Safety just s\u00e4kert och enkelt. Vi \u00e4r en av [&hellip;]<\/p>","protected":false},"author":1,"featured_media":0,"parent":0,"menu_order":0,"comment_status":"closed","ping_status":"closed","template":"","meta":{"footnotes":""},"class_list":["post-463","page","type-page","status-publish","hentry"],"_links":{"self":[{"href":"https:\/\/www.klippan-safety.se\/pt\/wp-json\/wp\/v2\/pages\/463","targetHints":{"allow":["GET"]}}],"collection":[{"href":"https:\/\/www.klippan-safety.se\/pt\/wp-json\/wp\/v2\/pages"}],"about":[{"href":"https:\/\/www.klippan-safety.se\/pt\/wp-json\/wp\/v2\/types\/page"}],"author":[{"embeddable":true,"href":"https:\/\/www.klippan-safety.se\/pt\/wp-json\/wp\/v2\/users\/1"}],"replies":[{"embeddable":true,"href":"https:\/\/www.klippan-safety.se\/pt\/wp-json\/wp\/v2\/comments?post=463"}],"version-history":[{"count":110,"href":"https:\/\/www.klippan-safety.se\/pt\/wp-json\/wp\/v2\/pages\/463\/revisions"}],"predecessor-version":[{"id":1710,"href":"https:\/\/www.klippan-safety.se\/pt\/wp-json\/wp\/v2\/pages\/463\/revisions\/1710"}],"wp:attachment":[{"href":"https:\/\/www.klippan-safety.se\/pt\/wp-json\/wp\/v2\/media?parent=463"}],"curies":[{"name":"wp","href":"https:\/\/api.w.org\/{rel}","templated":true}]}}