{"id":728,"date":"2024-02-13T20:31:27","date_gmt":"2024-02-13T19:31:27","guid":{"rendered":"http:\/\/klippan-safety.se.loopiadns.com\/?page_id=728"},"modified":"2024-10-16T06:53:09","modified_gmt":"2024-10-16T05:53:09","slug":"whistleblowing","status":"publish","type":"page","link":"https:\/\/www.klippan-safety.se\/pt\/whistleblowing\/","title":{"rendered":"Den\u00fancia de irregularidades"},"content":{"rendered":"<div data-elementor-type=\"wp-post\" data-elementor-id=\"728\" class=\"elementor elementor-728\" data-elementor-post-type=\"page\">\n\t\t\t\t<div data-particle_enable=\"false\" data-particle-mobile-disabled=\"false\" class=\"elementor-element elementor-element-5081b8a e-flex e-con-boxed e-con e-parent\" data-id=\"5081b8a\" data-element_type=\"container\" data-settings=\"{&quot;background_background&quot;:&quot;classic&quot;}\">\n\t\t\t\t\t<div class=\"e-con-inner\">\n\t\t\t\t\t<\/div>\n\t\t\t\t<\/div>\n\t\t<div data-particle_enable=\"false\" data-particle-mobile-disabled=\"false\" class=\"elementor-element elementor-element-fc1e577 e-flex e-con-boxed e-con e-parent\" data-id=\"fc1e577\" data-element_type=\"container\">\n\t\t\t\t\t<div class=\"e-con-inner\">\n\t\t<div data-particle_enable=\"false\" data-particle-mobile-disabled=\"false\" class=\"elementor-element elementor-element-d82ad5f e-con-full e-flex e-con e-child\" data-id=\"d82ad5f\" data-element_type=\"container\">\n\t\t\t\t<div class=\"elementor-element elementor-element-aa32f01 elementor-widget elementor-widget-heading\" data-id=\"aa32f01\" data-element_type=\"widget\" data-widget_type=\"heading.default\">\n\t\t\t\t<div class=\"elementor-widget-container\">\n\t\t\t\t\t<h1 class=\"elementor-heading-title elementor-size-default\">Den\u00fancia de irregularidades<\/h1>\t\t\t\t<\/div>\n\t\t\t\t<\/div>\n\t\t\t\t<div class=\"elementor-element elementor-element-56d435b elementor-widget elementor-widget-text-editor\" data-id=\"56d435b\" data-element_type=\"widget\" data-widget_type=\"text-editor.default\">\n\t\t\t\t<div class=\"elementor-widget-container\">\n\t\t\t\t\t\t\t\t\t<p>No Grupo CalixKlippan, buscamos um ambiente de trabalho aberto e transparente, onde condutas impr\u00f3prias n\u00e3o ocorram. Portanto, \u00e9 importante para n\u00f3s que haja informa\u00e7\u00f5es claras sobre como denunciar de forma segura. Em caso de suspeita de conduta inapropriada, seja conduta presente ou passada, haver\u00e1 recursos para denunci\u00e1-la.<\/p><p>Den\u00fancia de irregularidades significa que um funcion\u00e1rio, colaborador tempor\u00e1rio, estagi\u00e1rio, membro da administra\u00e7\u00e3o da empresa, acionista ativo, funcion\u00e1rios de subcontratados e\/ou contratados denunciem condutas impr\u00f3prias\/irregularidades ou problemas de interesse p\u00fablico. A Diretiva de Denunciantes descreve como a den\u00fancia de irregularidades \u00e9 realizada em nossos neg\u00f3cios e visa esclarecer a prote\u00e7\u00e3o da pessoa que denuncia irregularidades.<\/p>\t\t\t\t\t\t\t\t<\/div>\n\t\t\t\t<\/div>\n\t\t\t\t<div class=\"elementor-element elementor-element-50429b4 elementor-widget elementor-widget-heading\" data-id=\"50429b4\" data-element_type=\"widget\" data-widget_type=\"heading.default\">\n\t\t\t\t<div class=\"elementor-widget-container\">\n\t\t\t\t\t<h2 class=\"elementor-heading-title elementor-size-default\">Denunciar conduta impr\u00f3pria no grupo CalixKlippan<\/h2>\t\t\t\t<\/div>\n\t\t\t\t<\/div>\n\t\t\t\t<div class=\"elementor-element elementor-element-891bcbb elementor-widget elementor-widget-text-editor\" data-id=\"891bcbb\" data-element_type=\"widget\" data-widget_type=\"text-editor.default\">\n\t\t\t\t<div class=\"elementor-widget-container\">\n\t\t\t\t\t\t\t\t\t<p>Aqui voc\u00ea pode denunciar toda e qualquer irregularidades que ocorrera ou t\u00eam alta probabilidade de ocorrer nas opera\u00e7\u00f5es do grupo CalixKlippan. O canal deve ser usado apenas para casos de m\u00e1 conduta em contextos relacionados ao trabalho e somente se voc\u00ea tiver motivos razo\u00e1veis para acreditar que as informa\u00e7\u00f5es sobre a m\u00e1 conduta s\u00e3o verdadeiras. Voc\u00ea pode denunciar digitalmente por meio do e-mail:<\/p><p><a href=\"mailto:codeofconduct@klippan-safety.com\" target=\"_blank\" rel=\"noopener\">codeofconduct@klippan-safety.com<\/a><\/p><div id=\"main\" class=\"row-fluid page__main\"><div class=\"page__main__content\"><div id=\"content\" role=\"main\"><article id=\"post-1919\" class=\"post-1919 page type-page status-publish hentry\"><div><p>Para mais informa\u00e7\u00f5es sobre o processo, consulte nossa <a href=\"https:\/\/www.klippan-safety.se\/wp-content\/uploads\/2025\/08\/Diretriz-de-Denuncia.pdf\">Diretriz de Den\u00fancia de Irregularidades<\/a><\/p><p class=\"translation-block\">O endere\u00e7o de e-mail: <a href=\"mailto:codeofconduct@klippan-safety.com\" target=\"_self\">codeofconduct@klippan-safety.com<\/a> pode tamb\u00e9m ser utilizado para esclarecimento de d\u00favidas.<\/p><\/div><\/article><\/div><\/div><\/div>\t\t\t\t\t\t\t\t<\/div>\n\t\t\t\t<\/div>\n\t\t\t\t<\/div>\n\t\t\t\t\t<\/div>\n\t\t\t\t<\/div>\n\t\t<div data-particle_enable=\"false\" data-particle-mobile-disabled=\"false\" class=\"elementor-element elementor-element-b752e71 e-con-full e-flex e-con e-parent\" data-id=\"b752e71\" data-element_type=\"container\">\n\t\t<div data-particle_enable=\"false\" data-particle-mobile-disabled=\"false\" class=\"elementor-element elementor-element-04387ba e-con-full e-flex e-con e-child\" data-id=\"04387ba\" data-element_type=\"container\" data-settings=\"{&quot;background_background&quot;:&quot;classic&quot;}\">\n\t\t\t\t<div class=\"elementor-element elementor-element-b94edc1 elementor-widget elementor-widget-heading\" data-id=\"b94edc1\" data-element_type=\"widget\" data-widget_type=\"heading.default\">\n\t\t\t\t<div class=\"elementor-widget-container\">\n\t\t\t\t\t<h2 class=\"elementor-heading-title elementor-size-default\">SEGURAN\u00c7A<\/h2>\t\t\t\t<\/div>\n\t\t\t\t<\/div>\n\t\t\t\t<div class=\"elementor-element elementor-element-92147e0 elementor-widget elementor-widget-button\" data-id=\"92147e0\" data-element_type=\"widget\" data-widget_type=\"button.default\">\n\t\t\t\t<div class=\"elementor-widget-container\">\n\t\t\t\t\t\t\t\t\t<div class=\"elementor-button-wrapper\">\n\t\t\t\t\t<a class=\"elementor-button elementor-button-link elementor-size-sm\" href=\"https:\/\/www.klippan-safety.se\/pt\/seguranca\/\">\n\t\t\t\t\t\t<span class=\"elementor-button-content-wrapper\">\n\t\t\t\t\t\t\t\t\t<span class=\"elementor-button-text\">Leia mais<\/span>\n\t\t\t\t\t<\/span>\n\t\t\t\t\t<\/a>\n\t\t\t\t<\/div>\n\t\t\t\t\t\t\t\t<\/div>\n\t\t\t\t<\/div>\n\t\t\t\t<\/div>\n\t\t<div data-particle_enable=\"false\" data-particle-mobile-disabled=\"false\" class=\"elementor-element elementor-element-4146fd6 e-con-full e-flex e-con e-child\" data-id=\"4146fd6\" data-element_type=\"container\" data-settings=\"{&quot;background_background&quot;:&quot;classic&quot;}\">\n\t\t\t\t<div class=\"elementor-element elementor-element-b1258ce elementor-widget elementor-widget-heading\" data-id=\"b1258ce\" data-element_type=\"widget\" data-widget_type=\"heading.default\">\n\t\t\t\t<div class=\"elementor-widget-container\">\n\t\t\t\t\t<h2 class=\"elementor-heading-title elementor-size-default\">CONFORTO<\/h2>\t\t\t\t<\/div>\n\t\t\t\t<\/div>\n\t\t\t\t<div class=\"elementor-element elementor-element-bff0776 elementor-widget elementor-widget-button\" data-id=\"bff0776\" data-element_type=\"widget\" data-widget_type=\"button.default\">\n\t\t\t\t<div class=\"elementor-widget-container\">\n\t\t\t\t\t\t\t\t\t<div class=\"elementor-button-wrapper\">\n\t\t\t\t\t<a class=\"elementor-button elementor-button-link elementor-size-sm\" href=\"https:\/\/www.klippan-safety.se\/pt\/conforto\/\">\n\t\t\t\t\t\t<span class=\"elementor-button-content-wrapper\">\n\t\t\t\t\t\t\t\t\t<span class=\"elementor-button-text\">Leia mais<\/span>\n\t\t\t\t\t<\/span>\n\t\t\t\t\t<\/a>\n\t\t\t\t<\/div>\n\t\t\t\t\t\t\t\t<\/div>\n\t\t\t\t<\/div>\n\t\t\t\t<\/div>\n\t\t<div data-particle_enable=\"false\" data-particle-mobile-disabled=\"false\" class=\"elementor-element elementor-element-88a4527 e-con-full e-flex e-con e-child\" data-id=\"88a4527\" data-element_type=\"container\" data-settings=\"{&quot;background_background&quot;:&quot;classic&quot;}\">\n\t\t\t\t<div class=\"elementor-element elementor-element-2e59d87 elementor-widget elementor-widget-heading\" data-id=\"2e59d87\" data-element_type=\"widget\" data-widget_type=\"heading.default\">\n\t\t\t\t<div class=\"elementor-widget-container\">\n\t\t\t\t\t<h2 class=\"elementor-heading-title elementor-size-default\">DESENVOLVIMENTO<\/h2>\t\t\t\t<\/div>\n\t\t\t\t<\/div>\n\t\t\t\t<div class=\"elementor-element elementor-element-da47306 elementor-widget elementor-widget-button\" data-id=\"da47306\" data-element_type=\"widget\" data-widget_type=\"button.default\">\n\t\t\t\t<div class=\"elementor-widget-container\">\n\t\t\t\t\t\t\t\t\t<div class=\"elementor-button-wrapper\">\n\t\t\t\t\t<a class=\"elementor-button elementor-button-link elementor-size-sm\" href=\"https:\/\/www.klippan-safety.se\/pt\/desenvolvimento\/\">\n\t\t\t\t\t\t<span class=\"elementor-button-content-wrapper\">\n\t\t\t\t\t\t\t\t\t<span class=\"elementor-button-text\">Leia mais<\/span>\n\t\t\t\t\t<\/span>\n\t\t\t\t\t<\/a>\n\t\t\t\t<\/div>\n\t\t\t\t\t\t\t\t<\/div>\n\t\t\t\t<\/div>\n\t\t\t\t<\/div>\n\t\t\t\t<\/div>\n\t\t\t\t<\/div>","protected":false},"excerpt":{"rendered":"<p>Visselbl\u00e5sning I CalixKlippan Group str\u00e4var vi efter att ha en \u00f6ppen och transparent arbetsplats, d\u00e4r missf\u00f6rh\u00e5llanden inte ska f\u00f6rekomma. Det \u00e4r d\u00e4rf\u00f6r viktigt f\u00f6r oss att det finns tydlig information om hur man kan rapportera konfidentiellt och s\u00e4kert. Vid misstanke om p\u00e5g\u00e5ende eller tidigare missf\u00f6rh\u00e5llanden ska det d\u00e4rf\u00f6r finnas resurser f\u00f6r att r\u00f6ja dem. Att [&hellip;]<\/p>","protected":false},"author":1,"featured_media":0,"parent":0,"menu_order":0,"comment_status":"closed","ping_status":"closed","template":"","meta":{"footnotes":""},"class_list":["post-728","page","type-page","status-publish","hentry"],"_links":{"self":[{"href":"https:\/\/www.klippan-safety.se\/pt\/wp-json\/wp\/v2\/pages\/728","targetHints":{"allow":["GET"]}}],"collection":[{"href":"https:\/\/www.klippan-safety.se\/pt\/wp-json\/wp\/v2\/pages"}],"about":[{"href":"https:\/\/www.klippan-safety.se\/pt\/wp-json\/wp\/v2\/types\/page"}],"author":[{"embeddable":true,"href":"https:\/\/www.klippan-safety.se\/pt\/wp-json\/wp\/v2\/users\/1"}],"replies":[{"embeddable":true,"href":"https:\/\/www.klippan-safety.se\/pt\/wp-json\/wp\/v2\/comments?post=728"}],"version-history":[{"count":25,"href":"https:\/\/www.klippan-safety.se\/pt\/wp-json\/wp\/v2\/pages\/728\/revisions"}],"predecessor-version":[{"id":1722,"href":"https:\/\/www.klippan-safety.se\/pt\/wp-json\/wp\/v2\/pages\/728\/revisions\/1722"}],"wp:attachment":[{"href":"https:\/\/www.klippan-safety.se\/pt\/wp-json\/wp\/v2\/media?parent=728"}],"curies":[{"name":"wp","href":"https:\/\/api.w.org\/{rel}","templated":true}]}}