{"id":748,"date":"2024-02-13T20:59:54","date_gmt":"2024-02-13T19:59:54","guid":{"rendered":"http:\/\/klippan-safety.se.loopiadns.com\/?page_id=748"},"modified":"2024-10-16T06:49:11","modified_gmt":"2024-10-16T05:49:11","slug":"caminhoes","status":"publish","type":"page","link":"https:\/\/www.klippan-safety.se\/pt\/produtos\/caminhoes\/","title":{"rendered":"Caminh\u00f5es"},"content":{"rendered":"<div data-elementor-type=\"wp-post\" data-elementor-id=\"748\" class=\"elementor elementor-748\" data-elementor-post-type=\"page\">\n\t\t\t\t<div data-particle_enable=\"false\" data-particle-mobile-disabled=\"false\" class=\"elementor-element elementor-element-5081b8a e-flex e-con-boxed e-con e-parent\" data-id=\"5081b8a\" data-element_type=\"container\" data-settings=\"{&quot;background_background&quot;:&quot;classic&quot;}\">\n\t\t\t\t\t<div class=\"e-con-inner\">\n\t\t\t\t\t<\/div>\n\t\t\t\t<\/div>\n\t\t<div data-particle_enable=\"false\" data-particle-mobile-disabled=\"false\" class=\"elementor-element elementor-element-00a846b e-flex e-con-boxed e-con e-parent\" data-id=\"00a846b\" data-element_type=\"container\">\n\t\t\t\t\t<div class=\"e-con-inner\">\n\t\t<div data-particle_enable=\"false\" data-particle-mobile-disabled=\"false\" class=\"elementor-element elementor-element-6f8c3a6 e-con-full e-flex e-con e-child\" data-id=\"6f8c3a6\" data-element_type=\"container\">\n\t\t\t\t<div class=\"elementor-element elementor-element-cb17e92 elementor-widget elementor-widget-text-editor\" data-id=\"cb17e92\" data-element_type=\"widget\" data-settings=\"{&quot;sticky&quot;:&quot;top&quot;,&quot;sticky_offset&quot;:100,&quot;sticky_parent&quot;:&quot;yes&quot;,&quot;sticky_on&quot;:[&quot;desktop&quot;,&quot;tablet&quot;,&quot;mobile&quot;],&quot;sticky_effects_offset&quot;:0,&quot;sticky_anchor_link_offset&quot;:0}\" data-widget_type=\"text-editor.default\">\n\t\t\t\t<div class=\"elementor-widget-container\">\n\t\t\t\t\t\t\t\t\t<h1><span style=\"color: #374383\"><strong>Caminh\u00f5es<\/strong><\/span><\/h1><p>A Klippan Safety produz sistemas e componentes, em particular para as cabines dos caminh\u00f5es. Confort\u00e1veis e ergon\u00f4micas camas, complementadas por sistemas de armazenamento para organiza\u00e7\u00e3o de ferramentas e pertences pessoais dos motoristas e ocupantes.<\/p>\t\t\t\t\t\t\t\t<\/div>\n\t\t\t\t<\/div>\n\t\t\t\t<\/div>\n\t\t<div data-particle_enable=\"false\" data-particle-mobile-disabled=\"false\" class=\"elementor-element elementor-element-b8582f9 e-con-full e-flex e-con e-child\" data-id=\"b8582f9\" data-element_type=\"container\">\n\t\t\t\t<div class=\"elementor-element elementor-element-53ccc23 elementor-widget elementor-widget-image\" data-id=\"53ccc23\" data-element_type=\"widget\" data-widget_type=\"image.default\">\n\t\t\t\t<div class=\"elementor-widget-container\">\n\t\t\t\t\t\t\t\t\t\t\t\t\t\t\t<img fetchpriority=\"high\" decoding=\"async\" width=\"476\" height=\"311\" src=\"https:\/\/www.klippan-safety.se\/wp-content\/uploads\/2024\/02\/jelmtech.jpg\" class=\"attachment-large size-large wp-image-755\" alt=\"\" srcset=\"https:\/\/www.klippan-safety.se\/wp-content\/uploads\/2024\/02\/jelmtech.jpg 476w, https:\/\/www.klippan-safety.se\/wp-content\/uploads\/2024\/02\/jelmtech-300x196.jpg 300w\" sizes=\"(max-width: 476px) 100vw, 476px\" \/>\t\t\t\t\t\t\t\t\t\t\t\t\t\t\t<\/div>\n\t\t\t\t<\/div>\n\t\t\t\t<div class=\"elementor-element elementor-element-e3a47b3 elementor-widget elementor-widget-heading\" data-id=\"e3a47b3\" data-element_type=\"widget\" data-widget_type=\"heading.default\">\n\t\t\t\t<div class=\"elementor-widget-container\">\n\t\t\t\t\t<h5 class=\"elementor-heading-title elementor-size-default\">Sistemas de armazenamento<\/h5>\t\t\t\t<\/div>\n\t\t\t\t<\/div>\n\t\t\t\t<div class=\"elementor-element elementor-element-7030ebd elementor-widget elementor-widget-image\" data-id=\"7030ebd\" data-element_type=\"widget\" data-widget_type=\"image.default\">\n\t\t\t\t<div class=\"elementor-widget-container\">\n\t\t\t\t\t\t\t\t\t\t\t\t\t\t\t<img decoding=\"async\" width=\"476\" height=\"172\" src=\"https:\/\/www.klippan-safety.se\/wp-content\/uploads\/2024\/02\/bedsystems2.jpg\" class=\"attachment-large size-large wp-image-751\" alt=\"\" srcset=\"https:\/\/www.klippan-safety.se\/wp-content\/uploads\/2024\/02\/bedsystems2.jpg 476w, https:\/\/www.klippan-safety.se\/wp-content\/uploads\/2024\/02\/bedsystems2-300x108.jpg 300w\" sizes=\"(max-width: 476px) 100vw, 476px\" \/>\t\t\t\t\t\t\t\t\t\t\t\t\t\t\t<\/div>\n\t\t\t\t<\/div>\n\t\t\t\t<div class=\"elementor-element elementor-element-77a3700 elementor-widget elementor-widget-heading\" data-id=\"77a3700\" data-element_type=\"widget\" data-widget_type=\"heading.default\">\n\t\t\t\t<div class=\"elementor-widget-container\">\n\t\t\t\t\t<h5 class=\"elementor-heading-title elementor-size-default\">Camas<\/h5>\t\t\t\t<\/div>\n\t\t\t\t<\/div>\n\t\t\t\t<div class=\"elementor-element elementor-element-7207702 elementor-widget elementor-widget-text-editor\" data-id=\"7207702\" data-element_type=\"widget\" data-widget_type=\"text-editor.default\">\n\t\t\t\t<div class=\"elementor-widget-container\">\n\t\t\t\t\t\t\t\t\tA Klippan Safety oferece camas inferiores e camas superiores. Extensores de camas, sistemas reclin\u00e1veis e sistemas de prote\u00e7\u00e3o contar quedas s\u00e3o integrados \u00e0s camas para atender os requisitos espec\u00edficos de cada cliente. Os colch\u00f5es e pacotes de conforto podem ser adaptados para atender os mais diversos requisitos de cada cliente.\n\n\t\t\t\t\t\t\t\t<\/div>\n\t\t\t\t<\/div>\n\t\t\t\t<div class=\"elementor-element elementor-element-3977a2f elementor-widget elementor-widget-image\" data-id=\"3977a2f\" data-element_type=\"widget\" data-widget_type=\"image.default\">\n\t\t\t\t<div class=\"elementor-widget-container\">\n\t\t\t\t\t\t\t\t\t\t\t\t\t\t\t<img decoding=\"async\" width=\"476\" height=\"103\" src=\"https:\/\/www.klippan-safety.se\/wp-content\/uploads\/2024\/02\/matress.jpg\" class=\"attachment-large size-large wp-image-756\" alt=\"\" srcset=\"https:\/\/www.klippan-safety.se\/wp-content\/uploads\/2024\/02\/matress.jpg 476w, https:\/\/www.klippan-safety.se\/wp-content\/uploads\/2024\/02\/matress-300x65.jpg 300w\" sizes=\"(max-width: 476px) 100vw, 476px\" \/>\t\t\t\t\t\t\t\t\t\t\t\t\t\t\t<\/div>\n\t\t\t\t<\/div>\n\t\t\t\t<div class=\"elementor-element elementor-element-7d253a9 elementor-widget elementor-widget-heading\" data-id=\"7d253a9\" data-element_type=\"widget\" data-widget_type=\"heading.default\">\n\t\t\t\t<div class=\"elementor-widget-container\">\n\t\t\t\t\t<h5 class=\"elementor-heading-title elementor-size-default\">Colch\u00f5es<\/h5>\t\t\t\t<\/div>\n\t\t\t\t<\/div>\n\t\t\t\t<div class=\"elementor-element elementor-element-1206382 elementor-widget elementor-widget-text-editor\" data-id=\"1206382\" data-element_type=\"widget\" data-widget_type=\"text-editor.default\">\n\t\t\t\t<div class=\"elementor-widget-container\">\n\t\t\t\t\t\t\t\t\t<p>Os colch\u00f5es Klippan Safety s\u00e3o desenvolvidos para proporcionar excelente conforto. Como os motoristas de caminh\u00e3o passam muito tempo dirigindo \u00e9 muito importante oferecer conforto e ergonomia para o descanso e uma boa noite de sono. Nossa vasta experi\u00eancia em design de produtos nos posiciona na lideran\u00e7a nos quesitos de conforto e ergonomia<\/p>\t\t\t\t\t\t\t\t<\/div>\n\t\t\t\t<\/div>\n\t\t\t\t<div class=\"elementor-element elementor-element-58afa31 elementor-widget elementor-widget-image\" data-id=\"58afa31\" data-element_type=\"widget\" data-widget_type=\"image.default\">\n\t\t\t\t<div class=\"elementor-widget-container\">\n\t\t\t\t\t\t\t\t\t\t\t\t\t\t\t<img loading=\"lazy\" decoding=\"async\" width=\"476\" height=\"275\" src=\"https:\/\/www.klippan-safety.se\/wp-content\/uploads\/2024\/02\/climbing1.jpg\" class=\"attachment-large size-large wp-image-754\" alt=\"\" srcset=\"https:\/\/www.klippan-safety.se\/wp-content\/uploads\/2024\/02\/climbing1.jpg 476w, https:\/\/www.klippan-safety.se\/wp-content\/uploads\/2024\/02\/climbing1-300x173.jpg 300w\" sizes=\"(max-width: 476px) 100vw, 476px\" \/>\t\t\t\t\t\t\t\t\t\t\t\t\t\t\t<\/div>\n\t\t\t\t<\/div>\n\t\t\t\t<div class=\"elementor-element elementor-element-1cd7ebc elementor-widget elementor-widget-heading\" data-id=\"1cd7ebc\" data-element_type=\"widget\" data-widget_type=\"heading.default\">\n\t\t\t\t<div class=\"elementor-widget-container\">\n\t\t\t\t\t<h5 class=\"elementor-heading-title elementor-size-default\">Sistemas de Escadas de Acesso<\/h5>\t\t\t\t<\/div>\n\t\t\t\t<\/div>\n\t\t\t\t<div class=\"elementor-element elementor-element-948165b elementor-widget elementor-widget-text-editor\" data-id=\"948165b\" data-element_type=\"widget\" data-widget_type=\"text-editor.default\">\n\t\t\t\t<div class=\"elementor-widget-container\">\n\t\t\t\t\t\t\t\t\t<p>N\u00f3s oferecemos uma vasta e inovadora gama de sistemas de escadas de acesso que suportam o uso di\u00e1rio em todos os tipos de cabines de caminh\u00f5es.<\/p>\t\t\t\t\t\t\t\t<\/div>\n\t\t\t\t<\/div>\n\t\t\t\t<div class=\"elementor-element elementor-element-dbf5747 elementor-widget elementor-widget-image\" data-id=\"dbf5747\" data-element_type=\"widget\" data-widget_type=\"image.default\">\n\t\t\t\t<div class=\"elementor-widget-container\">\n\t\t\t\t\t\t\t\t\t\t\t\t\t\t\t<img loading=\"lazy\" decoding=\"async\" width=\"476\" height=\"374\" src=\"https:\/\/www.klippan-safety.se\/wp-content\/uploads\/2024\/02\/restraint1.jpg\" class=\"attachment-large size-large wp-image-758\" alt=\"\" srcset=\"https:\/\/www.klippan-safety.se\/wp-content\/uploads\/2024\/02\/restraint1.jpg 476w, https:\/\/www.klippan-safety.se\/wp-content\/uploads\/2024\/02\/restraint1-300x236.jpg 300w\" sizes=\"(max-width: 476px) 100vw, 476px\" \/>\t\t\t\t\t\t\t\t\t\t\t\t\t\t\t<\/div>\n\t\t\t\t<\/div>\n\t\t\t\t<div class=\"elementor-element elementor-element-264edd5 elementor-widget elementor-widget-heading\" data-id=\"264edd5\" data-element_type=\"widget\" data-widget_type=\"heading.default\">\n\t\t\t\t<div class=\"elementor-widget-container\">\n\t\t\t\t\t<h5 class=\"elementor-heading-title elementor-size-default\">Sistemas de Reten\u00e7\u00e3o<\/h5>\t\t\t\t<\/div>\n\t\t\t\t<\/div>\n\t\t\t\t<div class=\"elementor-element elementor-element-08b5261 elementor-widget elementor-widget-text-editor\" data-id=\"08b5261\" data-element_type=\"widget\" data-widget_type=\"text-editor.default\">\n\t\t\t\t<div class=\"elementor-widget-container\">\n\t\t\t\t\t\t\t\t\t<p>A Klippan Safety possui uma vasta variedade de sistemas de reten\u00e7\u00e3o para camas. Todos estes sistemas s\u00e3o fabricados sob medida de acordo com as especifica\u00e7\u00f5es dos clientes. Para atender as demandas dos clientes, nossos produtos s\u00e3o testados em nosso laborat\u00f3rio. Todos os sistemas produzidos pela Klippan Safety s\u00e3o testados com cargas din\u00e2micas e est\u00e1ticas.<\/p>\t\t\t\t\t\t\t\t<\/div>\n\t\t\t\t<\/div>\n\t\t\t\t<div class=\"elementor-element elementor-element-d980208 elementor-widget elementor-widget-image\" data-id=\"d980208\" data-element_type=\"widget\" data-widget_type=\"image.default\">\n\t\t\t\t<div class=\"elementor-widget-container\">\n\t\t\t\t\t\t\t\t\t\t\t\t\t\t\t<img loading=\"lazy\" decoding=\"async\" width=\"295\" height=\"250\" src=\"https:\/\/www.klippan-safety.se\/wp-content\/uploads\/2024\/02\/beltsystem2.jpg\" class=\"attachment-large size-large wp-image-752\" alt=\"\" \/>\t\t\t\t\t\t\t\t\t\t\t\t\t\t\t<\/div>\n\t\t\t\t<\/div>\n\t\t\t\t<div class=\"elementor-element elementor-element-cd06fb1 elementor-widget elementor-widget-heading\" data-id=\"cd06fb1\" data-element_type=\"widget\" data-widget_type=\"heading.default\">\n\t\t\t\t<div class=\"elementor-widget-container\">\n\t\t\t\t\t<h5 class=\"elementor-heading-title elementor-size-default\">Cintos de Seguran\u00e7a<\/h5>\t\t\t\t<\/div>\n\t\t\t\t<\/div>\n\t\t\t\t<div class=\"elementor-element elementor-element-db39271 elementor-widget elementor-widget-text-editor\" data-id=\"db39271\" data-element_type=\"widget\" data-widget_type=\"text-editor.default\">\n\t\t\t\t<div class=\"elementor-widget-container\">\n\t\t\t\t\t\t\t\t\t<p>Oferecemos uma enorme variedade de modelos de cintos de seguran\u00e7a, desenvolvidos e fabricados de acordo com os requisitos de nossos clientes. Durante o desenvolvimento os produtos s\u00e3o testados em nosso laborat\u00f3rio e utilizamos laborat\u00f3rios externos para homologa\u00e7\u00e3o.<\/p>\t\t\t\t\t\t\t\t<\/div>\n\t\t\t\t<\/div>\n\t\t\t\t<div class=\"elementor-element elementor-element-7dc1767 elementor-widget elementor-widget-image\" data-id=\"7dc1767\" data-element_type=\"widget\" data-widget_type=\"image.default\">\n\t\t\t\t<div class=\"elementor-widget-container\">\n\t\t\t\t\t\t\t\t\t\t\t\t\t\t\t<img loading=\"lazy\" decoding=\"async\" width=\"476\" height=\"239\" src=\"https:\/\/www.klippan-safety.se\/wp-content\/uploads\/2024\/02\/straps2.jpg\" class=\"attachment-large size-large wp-image-744\" alt=\"\" srcset=\"https:\/\/www.klippan-safety.se\/wp-content\/uploads\/2024\/02\/straps2.jpg 476w, https:\/\/www.klippan-safety.se\/wp-content\/uploads\/2024\/02\/straps2-300x151.jpg 300w\" sizes=\"(max-width: 476px) 100vw, 476px\" \/>\t\t\t\t\t\t\t\t\t\t\t\t\t\t\t<\/div>\n\t\t\t\t<\/div>\n\t\t\t\t<div class=\"elementor-element elementor-element-11b46f9 elementor-widget elementor-widget-heading\" data-id=\"11b46f9\" data-element_type=\"widget\" data-widget_type=\"heading.default\">\n\t\t\t\t<div class=\"elementor-widget-container\">\n\t\t\t\t\t<h5 class=\"elementor-heading-title elementor-size-default\">Correias<\/h5>\t\t\t\t<\/div>\n\t\t\t\t<\/div>\n\t\t\t\t<div class=\"elementor-element elementor-element-98ea4ca elementor-widget elementor-widget-text-editor\" data-id=\"98ea4ca\" data-element_type=\"widget\" data-widget_type=\"text-editor.default\">\n\t\t\t\t<div class=\"elementor-widget-container\">\n\t\t\t\t\t\t\t\t\t<p>A Klippan Safety fabrica cintos individuais, bem como sistemas completos de cintos. Todas as fitas s\u00e3o baseadas nos requisitos de design do cliente.As bandas s\u00e3o produzidas em diversos formatos e cores.<\/p>\t\t\t\t\t\t\t\t<\/div>\n\t\t\t\t<\/div>\n\t\t\t\t<div class=\"elementor-element elementor-element-3f14715 elementor-widget elementor-widget-image\" data-id=\"3f14715\" data-element_type=\"widget\" data-widget_type=\"image.default\">\n\t\t\t\t<div class=\"elementor-widget-container\">\n\t\t\t\t\t\t\t\t\t\t\t\t\t\t\t<img loading=\"lazy\" decoding=\"async\" width=\"300\" height=\"235\" src=\"https:\/\/www.klippan-safety.se\/wp-content\/uploads\/2024\/02\/netpocket.jpg\" class=\"attachment-large size-large wp-image-757\" alt=\"\" \/>\t\t\t\t\t\t\t\t\t\t\t\t\t\t\t<\/div>\n\t\t\t\t<\/div>\n\t\t\t\t<div class=\"elementor-element elementor-element-a5fca06 elementor-widget elementor-widget-heading\" data-id=\"a5fca06\" data-element_type=\"widget\" data-widget_type=\"heading.default\">\n\t\t\t\t<div class=\"elementor-widget-container\">\n\t\t\t\t\t<h5 class=\"elementor-heading-title elementor-size-default\">Porta objetos<\/h5>\t\t\t\t<\/div>\n\t\t\t\t<\/div>\n\t\t\t\t<div class=\"elementor-element elementor-element-1c1d9bf elementor-widget elementor-widget-text-editor\" data-id=\"1c1d9bf\" data-element_type=\"widget\" data-widget_type=\"text-editor.default\">\n\t\t\t\t<div class=\"elementor-widget-container\">\n\t\t\t\t\t\t\t\t\t<p>A Klippan Safety fabrica porta objetos de acordo com a especifica\u00e7\u00e3o dos clientes. Os porta objetos podem ser fabricados com uma enorme variedade de tamanhos e formatos.<\/p>\t\t\t\t\t\t\t\t<\/div>\n\t\t\t\t<\/div>\n\t\t\t\t<div class=\"elementor-element elementor-element-48a5dc9 elementor-widget elementor-widget-image\" data-id=\"48a5dc9\" data-element_type=\"widget\" data-widget_type=\"image.default\">\n\t\t\t\t<div class=\"elementor-widget-container\">\n\t\t\t\t\t\t\t\t\t\t\t\t\t\t\t<img loading=\"lazy\" decoding=\"async\" width=\"250\" height=\"307\" src=\"https:\/\/www.klippan-safety.se\/wp-content\/uploads\/2024\/02\/bugscreens.jpg\" class=\"attachment-large size-large wp-image-753\" alt=\"\" srcset=\"https:\/\/www.klippan-safety.se\/wp-content\/uploads\/2024\/02\/bugscreens.jpg 250w, https:\/\/www.klippan-safety.se\/wp-content\/uploads\/2024\/02\/bugscreens-244x300.jpg 244w\" sizes=\"(max-width: 250px) 100vw, 250px\" \/>\t\t\t\t\t\t\t\t\t\t\t\t\t\t\t<\/div>\n\t\t\t\t<\/div>\n\t\t\t\t<div class=\"elementor-element elementor-element-4ac0d66 elementor-widget elementor-widget-heading\" data-id=\"4ac0d66\" data-element_type=\"widget\" data-widget_type=\"heading.default\">\n\t\t\t\t<div class=\"elementor-widget-container\">\n\t\t\t\t\t<h5 class=\"elementor-heading-title elementor-size-default\">Telas Anti Inseto para prote\u00e7\u00e3o do radiador (Bug screens)<\/h5>\t\t\t\t<\/div>\n\t\t\t\t<\/div>\n\t\t\t\t<div class=\"elementor-element elementor-element-5099e11 elementor-widget elementor-widget-text-editor\" data-id=\"5099e11\" data-element_type=\"widget\" data-widget_type=\"text-editor.default\">\n\t\t\t\t<div class=\"elementor-widget-container\">\n\t\t\t\t\t\t\t\t\t<div id=\"main\" class=\"row-fluid page__main\"><div class=\"page__main__content\"><div class=\"content\"><div class=\"content__main\"><article id=\"post-730\" class=\"post-730 page type-page status-publish hentry\"><div class=\"entry-content\"><p>As telas anti inseto s\u00e3o utilizadas para proteger os sistemas de arrefecimento afim de evitar a perda\/ou redu\u00e7\u00e3o em sua capacidade de arrefecer, evitando danos aos motores.<\/p><\/div><\/article><\/div><\/div><\/div><\/div><footer class=\"page__footer\" role=\"contentinfo\"><\/footer>\t\t\t\t\t\t\t\t<\/div>\n\t\t\t\t<\/div>\n\t\t\t\t<\/div>\n\t\t\t\t\t<\/div>\n\t\t\t\t<\/div>\n\t\t<div data-particle_enable=\"false\" data-particle-mobile-disabled=\"false\" class=\"elementor-element elementor-element-ad6947d e-con-full e-flex e-con e-parent\" data-id=\"ad6947d\" data-element_type=\"container\">\n\t\t<div data-particle_enable=\"false\" data-particle-mobile-disabled=\"false\" class=\"elementor-element elementor-element-ae3cca8 e-con-full e-flex e-con e-child\" data-id=\"ae3cca8\" data-element_type=\"container\" data-settings=\"{&quot;background_background&quot;:&quot;classic&quot;}\">\n\t\t\t\t<div class=\"elementor-element elementor-element-111f584 elementor-widget elementor-widget-heading\" data-id=\"111f584\" data-element_type=\"widget\" data-widget_type=\"heading.default\">\n\t\t\t\t<div class=\"elementor-widget-container\">\n\t\t\t\t\t<h2 class=\"elementor-heading-title elementor-size-default\">SEGURAN\u00c7A<\/h2>\t\t\t\t<\/div>\n\t\t\t\t<\/div>\n\t\t\t\t<div class=\"elementor-element elementor-element-c7b5c45 elementor-widget elementor-widget-button\" data-id=\"c7b5c45\" data-element_type=\"widget\" data-widget_type=\"button.default\">\n\t\t\t\t<div class=\"elementor-widget-container\">\n\t\t\t\t\t\t\t\t\t<div class=\"elementor-button-wrapper\">\n\t\t\t\t\t<a class=\"elementor-button elementor-button-link elementor-size-sm\" href=\"https:\/\/www.klippan-safety.se\/pt\/seguranca\/\">\n\t\t\t\t\t\t<span class=\"elementor-button-content-wrapper\">\n\t\t\t\t\t\t\t\t\t<span class=\"elementor-button-text\">Leia mais<\/span>\n\t\t\t\t\t<\/span>\n\t\t\t\t\t<\/a>\n\t\t\t\t<\/div>\n\t\t\t\t\t\t\t\t<\/div>\n\t\t\t\t<\/div>\n\t\t\t\t<\/div>\n\t\t<div data-particle_enable=\"false\" data-particle-mobile-disabled=\"false\" class=\"elementor-element elementor-element-58cc20c e-con-full e-flex e-con e-child\" data-id=\"58cc20c\" data-element_type=\"container\" data-settings=\"{&quot;background_background&quot;:&quot;classic&quot;}\">\n\t\t\t\t<div class=\"elementor-element elementor-element-e0b7ea6 elementor-widget elementor-widget-heading\" data-id=\"e0b7ea6\" data-element_type=\"widget\" data-widget_type=\"heading.default\">\n\t\t\t\t<div class=\"elementor-widget-container\">\n\t\t\t\t\t<h2 class=\"elementor-heading-title elementor-size-default\">CONFORTO<\/h2>\t\t\t\t<\/div>\n\t\t\t\t<\/div>\n\t\t\t\t<div class=\"elementor-element elementor-element-0cc5b51 elementor-widget elementor-widget-button\" data-id=\"0cc5b51\" data-element_type=\"widget\" data-widget_type=\"button.default\">\n\t\t\t\t<div class=\"elementor-widget-container\">\n\t\t\t\t\t\t\t\t\t<div class=\"elementor-button-wrapper\">\n\t\t\t\t\t<a class=\"elementor-button elementor-button-link elementor-size-sm\" href=\"https:\/\/www.klippan-safety.se\/pt\/conforto\/\">\n\t\t\t\t\t\t<span class=\"elementor-button-content-wrapper\">\n\t\t\t\t\t\t\t\t\t<span class=\"elementor-button-text\">Leia mais<\/span>\n\t\t\t\t\t<\/span>\n\t\t\t\t\t<\/a>\n\t\t\t\t<\/div>\n\t\t\t\t\t\t\t\t<\/div>\n\t\t\t\t<\/div>\n\t\t\t\t<\/div>\n\t\t<div data-particle_enable=\"false\" data-particle-mobile-disabled=\"false\" class=\"elementor-element elementor-element-6a3688e e-con-full e-flex e-con e-child\" data-id=\"6a3688e\" data-element_type=\"container\" data-settings=\"{&quot;background_background&quot;:&quot;classic&quot;}\">\n\t\t\t\t<div class=\"elementor-element elementor-element-63d9e0a elementor-widget elementor-widget-heading\" data-id=\"63d9e0a\" data-element_type=\"widget\" data-widget_type=\"heading.default\">\n\t\t\t\t<div class=\"elementor-widget-container\">\n\t\t\t\t\t<h2 class=\"elementor-heading-title elementor-size-default\">DESENVOLVIMENTO<\/h2>\t\t\t\t<\/div>\n\t\t\t\t<\/div>\n\t\t\t\t<div class=\"elementor-element elementor-element-8a63b0c elementor-widget elementor-widget-button\" data-id=\"8a63b0c\" data-element_type=\"widget\" data-widget_type=\"button.default\">\n\t\t\t\t<div class=\"elementor-widget-container\">\n\t\t\t\t\t\t\t\t\t<div class=\"elementor-button-wrapper\">\n\t\t\t\t\t<a class=\"elementor-button elementor-button-link elementor-size-sm\" href=\"https:\/\/www.klippan-safety.se\/pt\/desenvolvimento\/\">\n\t\t\t\t\t\t<span class=\"elementor-button-content-wrapper\">\n\t\t\t\t\t\t\t\t\t<span class=\"elementor-button-text\">Leia mais<\/span>\n\t\t\t\t\t<\/span>\n\t\t\t\t\t<\/a>\n\t\t\t\t<\/div>\n\t\t\t\t\t\t\t\t<\/div>\n\t\t\t\t<\/div>\n\t\t\t\t<\/div>\n\t\t\t\t<\/div>\n\t\t\t\t<\/div>","protected":false},"excerpt":{"rendered":"<p>Lastbilar Klippan Safety utvecklar och producerar system och komponenter f\u00f6r komfort i lastbilshytter. Bekv\u00e4ma och ergonomiska s\u00e4ngar, kompletterat med f\u00f6rvaringssystem f\u00f6r praktisk lagring av tillh\u00f6righeter, f\u00f6r b\u00e5de f\u00f6rare och passagerare. F\u00f6rvaringssystem S\u00e4ngar Klippan Safety erbjuder modul\u00e4ra s\u00e4kerhetsbritsar och s\u00e4ngar. S\u00e4ngbreddare, vilostolsfunktioner och fallskydd integreras i s\u00e4ngar f\u00f6r att m\u00f6ta kundernas f\u00f6rv\u00e4ntningar. Komfortpaket och madrasser kan [&hellip;]<\/p>","protected":false},"author":1,"featured_media":0,"parent":431,"menu_order":0,"comment_status":"closed","ping_status":"closed","template":"","meta":{"footnotes":""},"class_list":["post-748","page","type-page","status-publish","hentry"],"_links":{"self":[{"href":"https:\/\/www.klippan-safety.se\/pt\/wp-json\/wp\/v2\/pages\/748","targetHints":{"allow":["GET"]}}],"collection":[{"href":"https:\/\/www.klippan-safety.se\/pt\/wp-json\/wp\/v2\/pages"}],"about":[{"href":"https:\/\/www.klippan-safety.se\/pt\/wp-json\/wp\/v2\/types\/page"}],"author":[{"embeddable":true,"href":"https:\/\/www.klippan-safety.se\/pt\/wp-json\/wp\/v2\/users\/1"}],"replies":[{"embeddable":true,"href":"https:\/\/www.klippan-safety.se\/pt\/wp-json\/wp\/v2\/comments?post=748"}],"version-history":[{"count":46,"href":"https:\/\/www.klippan-safety.se\/pt\/wp-json\/wp\/v2\/pages\/748\/revisions"}],"predecessor-version":[{"id":1707,"href":"https:\/\/www.klippan-safety.se\/pt\/wp-json\/wp\/v2\/pages\/748\/revisions\/1707"}],"up":[{"embeddable":true,"href":"https:\/\/www.klippan-safety.se\/pt\/wp-json\/wp\/v2\/pages\/431"}],"wp:attachment":[{"href":"https:\/\/www.klippan-safety.se\/pt\/wp-json\/wp\/v2\/media?parent=748"}],"curies":[{"name":"wp","href":"https:\/\/api.w.org\/{rel}","templated":true}]}}